{"id":10587,"date":"2024-08-29T06:55:51","date_gmt":"2024-08-29T06:55:51","guid":{"rendered":"https:\/\/gretapearls.com\/?post_type=product&#038;p=10587"},"modified":"2026-02-07T12:03:36","modified_gmt":"2026-02-07T17:03:36","slug":"9-perles-baroques-keshi-sans-trou-de-10-mm-pour-nail-art-diy","status":"publish","type":"product","link":"https:\/\/gretapearls.com\/fr\/shop\/9-10mm-baroque-no-hole-keshi-pearls-for-nail-art-diy\/","title":{"rendered":"Perles Keshi baroques sans trou de 9 \u00e0 10 mm pour nail art DIY"},"content":{"rendered":"","protected":false},"excerpt":{"rendered":"<p>Perles baroques naturelles en forme de p\u00e9tales, aux formes irr\u00e9guli\u00e8res et au brillant intense. Ces perles \u00e0 la surface lisse mesurent environ 9 \u00e0 10 mm. Elles sont couramment utilis\u00e9es pour le sertissage. Ces perles sont sans trou et ne peuvent pas \u00eatre perc\u00e9es.<\/p>","protected":false},"featured_media":10582,"comment_status":"open","ping_status":"closed","template":"","meta":[],"product_brand":[],"product_cat":[54,55],"product_tag":[83,86,88],"class_list":{"0":"post-10587","1":"product","2":"type-product","3":"status-publish","4":"has-post-thumbnail","6":"product_cat-freshwater-pearls-wholesale","7":"product_cat-keshi-pearls-wholesale","8":"product_tag-large-freshwater-pearls-wholesale","9":"product_tag-loose-freshwater-pearls-wholesale","10":"product_tag-no-hole-pearls-bulk","11":"pa_color-white-pearls","12":"pa_shape-petal-pearls","14":"first","15":"instock","16":"taxable","17":"shipping-taxable","18":"purchasable","19":"product-type-simple"},"tiered_pricing_type":"fixed","tiered_pricing_fixed_rules":[],"tiered_pricing_product_settings":{"layout":"default","base_unit_name":{"singular":null,"plural":null},"default_variation":null},"tiered_pricing_minimum_quantity":null,"tiered_pricing_roles_data":[],"tiered_pricing_percentage_rules":[],"tiered_pricing_maximum_quantity":null,"tiered_pricing_quantity_step":null,"_links":{"self":[{"href":"https:\/\/gretapearls.com\/fr\/wp-json\/wp\/v2\/product\/10587","targetHints":{"allow":["GET"]}}],"collection":[{"href":"https:\/\/gretapearls.com\/fr\/wp-json\/wp\/v2\/product"}],"about":[{"href":"https:\/\/gretapearls.com\/fr\/wp-json\/wp\/v2\/types\/product"}],"replies":[{"embeddable":true,"href":"https:\/\/gretapearls.com\/fr\/wp-json\/wp\/v2\/comments?post=10587"}],"wp:featuredmedia":[{"embeddable":true,"href":"https:\/\/gretapearls.com\/fr\/wp-json\/wp\/v2\/media\/10582"}],"wp:attachment":[{"href":"https:\/\/gretapearls.com\/fr\/wp-json\/wp\/v2\/media?parent=10587"}],"wp:term":[{"taxonomy":"product_brand","embeddable":true,"href":"https:\/\/gretapearls.com\/fr\/wp-json\/wp\/v2\/product_brand?post=10587"},{"taxonomy":"product_cat","embeddable":true,"href":"https:\/\/gretapearls.com\/fr\/wp-json\/wp\/v2\/product_cat?post=10587"},{"taxonomy":"product_tag","embeddable":true,"href":"https:\/\/gretapearls.com\/fr\/wp-json\/wp\/v2\/product_tag?post=10587"}],"curies":[{"name":"wp","href":"https:\/\/api.w.org\/{rel}","templated":true}]}}