{"id":7172,"date":"2024-08-15T10:51:05","date_gmt":"2024-08-15T10:51:05","guid":{"rendered":"https:\/\/gretapearls.com\/?page_id=7172"},"modified":"2024-08-15T10:51:06","modified_gmt":"2024-08-15T10:51:06","slug":"methodes-dexpedition","status":"publish","type":"page","link":"https:\/\/gretapearls.com\/fr\/shipping-methods\/","title":{"rendered":"M\u00e9thodes d&#039;exp\u00e9dition"},"content":{"rendered":"<h2 class=\"wp-block-heading\">Mode de transport<\/h2>\n\n\n\n<p>Les produits Greta Lingerie sont exp\u00e9di\u00e9s presque partout dans le monde. Nous proposons plusieurs options de livraison pour chaque pays sur la page de paiement, et vous \u00eates libre de choisir le mode de livraison qui vous convient.<br>Nous transportons principalement nos commandes via des soci\u00e9t\u00e9s express internationales telles que DHL\/USPS\/FedEx\/EMS\/Yanwen\/YunExpress.<\/p>\n\n\n\n<p><br>Nos commandes sont livr\u00e9es porte-\u00e0-porte par d\u00e9faut. Autrement dit, dans la plupart des cas, le destinataire n&#039;a aucune d\u00e9marche douani\u00e8re \u00e0 effectuer (fournir des documents, payer des droits de douane, etc.) et nous prenons en charge toutes les d\u00e9marches pendant le transport.<\/p>\n\n\n\n<blockquote class=\"wp-block-quote is-layout-flow wp-block-quote-is-layout-flow\">\n<p class=\"has-background\" style=\"background-color:#abb7c22e\">PS\u00a0: 1. Bien que nous prenions en charge l&#039;exp\u00e9dition mondiale, en raison des particularit\u00e9s des politiques douani\u00e8res de certains pays, nous ne proposons pas d&#039;options d&#039;exp\u00e9dition en ligne, mais vous pouvez nous contacter pour obtenir un devis.<br>2. Dans la plupart des cas, nous proposons des services de transport complets. Cependant, si vous rencontrez des circonstances particuli\u00e8res, telles que des informations de commande erron\u00e9es, des contr\u00f4les douaniers al\u00e9atoires, etc., il se peut que nous vous demandions des informations. Il vous suffit de fournir les informations demand\u00e9es.<\/p>\n<\/blockquote>\n\n\n\n<blockquote class=\"wp-block-quote is-layout-flow wp-block-quote-is-layout-flow\">\n<h2 class=\"wp-block-heading\">Co\u00fbts de transport et pr\u00e9cautions<\/h2>\n<\/blockquote>\n\n\n\n<p>Voici les m\u00e9thodes et les co\u00fbts d&#039;exp\u00e9dition pour certains pays\u00a0:<\/p>\n\n\n\n<figure class=\"wp-block-table\"><table class=\"has-fixed-layout\"><tbody><tr><td class=\"has-text-align-center\" data-align=\"center\">Pays<\/td><td class=\"has-text-align-center\" data-align=\"center\">D\u00e9lai de livraison<\/td><td class=\"has-text-align-center\" data-align=\"center\">Co\u00fbt de base<\/td><td class=\"has-text-align-center\" data-align=\"center\">Co\u00fbt par 0,1 kg<\/td><\/tr><tr><td class=\"has-text-align-center\" data-align=\"center\">\u00c9tats-Unis<\/td><td class=\"has-text-align-center\" data-align=\"center\">5 \u00e0 8 jours ouvrables<\/td><td class=\"has-text-align-center\" data-align=\"center\">$10.00<\/td><td class=\"has-text-align-center\" data-align=\"center\">$1.50<\/td><\/tr><tr><td class=\"has-text-align-center\" data-align=\"center\">Canada<\/td><td class=\"has-text-align-center\" data-align=\"center\">8 \u00e0 10 jours ouvrables<\/td><td class=\"has-text-align-center\" data-align=\"center\">$7.00<\/td><td class=\"has-text-align-center\" data-align=\"center\">$2.00<\/td><\/tr><tr><td class=\"has-text-align-center\" data-align=\"center\" colspan=\"4\"><\/td><\/tr><tr><td class=\"has-text-align-center\" data-align=\"center\">Royaume-Uni<\/td><td class=\"has-text-align-center\" data-align=\"center\">3 \u00e0 5 jours ouvrables<\/td><td class=\"has-text-align-center\" data-align=\"center\">$5.00<\/td><td class=\"has-text-align-center\" data-align=\"center\">$1.50<\/td><\/tr><tr><td class=\"has-text-align-center\" data-align=\"center\">Allemagne<\/td><td class=\"has-text-align-center\" data-align=\"center\">4 \u00e0 6 jours ouvrables<\/td><td class=\"has-text-align-center\" data-align=\"center\">$5.00<\/td><td class=\"has-text-align-center\" data-align=\"center\">$1.50<\/td><\/tr><tr><td class=\"has-text-align-center\" data-align=\"center\">France<\/td><td class=\"has-text-align-center\" data-align=\"center\">3 \u00e0 5 jours ouvrables<\/td><td class=\"has-text-align-center\" data-align=\"center\">$5.00<\/td><td class=\"has-text-align-center\" data-align=\"center\">$1.00<\/td><\/tr><tr><td class=\"has-text-align-center\" data-align=\"center\">Italie<\/td><td class=\"has-text-align-center\" data-align=\"center\">5 \u00e0 8 jours ouvrables<\/td><td class=\"has-text-align-center\" data-align=\"center\">$6.00<\/td><td class=\"has-text-align-center\" data-align=\"center\">$1.50<\/td><\/tr><tr><td class=\"has-text-align-center\" data-align=\"center\">Espagne<\/td><td class=\"has-text-align-center\" data-align=\"center\">5 \u00e0 8 jours ouvrables<\/td><td class=\"has-text-align-center\" data-align=\"center\">$5.00<\/td><td class=\"has-text-align-center\" data-align=\"center\">$1.50<\/td><\/tr><tr><td class=\"has-text-align-center\" data-align=\"center\">Pays-Bas<\/td><td class=\"has-text-align-center\" data-align=\"center\">6-8 jours ouvrables<\/td><td class=\"has-text-align-center\" data-align=\"center\">$5.00<\/td><td class=\"has-text-align-center\" data-align=\"center\">$2.00<\/td><\/tr><tr><td class=\"has-text-align-center\" data-align=\"center\">Autriche<\/td><td class=\"has-text-align-center\" data-align=\"center\">6-8 jours ouvrables<\/td><td class=\"has-text-align-center\" data-align=\"center\">$5.00<\/td><td class=\"has-text-align-center\" data-align=\"center\">$1.50<\/td><\/tr><tr><td class=\"has-text-align-center\" data-align=\"center\">Pologne<\/td><td class=\"has-text-align-center\" data-align=\"center\">6-8 jours ouvrables<\/td><td class=\"has-text-align-center\" data-align=\"center\">$5.00<\/td><td class=\"has-text-align-center\" data-align=\"center\">$1.50<\/td><\/tr><tr><td class=\"has-text-align-center\" data-align=\"center\">Belgique<\/td><td class=\"has-text-align-center\" data-align=\"center\">6 \u00e0 10 jours ouvrables<\/td><td class=\"has-text-align-center\" data-align=\"center\">$5.00<\/td><td class=\"has-text-align-center\" data-align=\"center\">$1.50<\/td><\/tr><tr><td class=\"has-text-align-center\" data-align=\"center\">Su\u00e8de<\/td><td class=\"has-text-align-center\" data-align=\"center\">6 \u00e0 10 jours ouvrables<\/td><td class=\"has-text-align-center\" data-align=\"center\">$5.00<\/td><td class=\"has-text-align-center\" data-align=\"center\">$1.00<\/td><\/tr><tr><td class=\"has-text-align-center\" data-align=\"center\">Chypre<\/td><td class=\"has-text-align-center\" data-align=\"center\">8 \u00e0 12 jours ouvrables<\/td><td class=\"has-text-align-center\" data-align=\"center\">$6.00<\/td><td class=\"has-text-align-center\" data-align=\"center\">$2.00<\/td><\/tr><tr><td class=\"has-text-align-center\" data-align=\"center\">Irlande<\/td><td class=\"has-text-align-center\" data-align=\"center\">6 \u00e0 10 jours ouvrables<\/td><td class=\"has-text-align-center\" data-align=\"center\">$5.00<\/td><td class=\"has-text-align-center\" data-align=\"center\">$1.50<\/td><\/tr><tr><td class=\"has-text-align-center\" data-align=\"center\">Gr\u00e8ce<\/td><td class=\"has-text-align-center\" data-align=\"center\">8 \u00e0 12 jours ouvrables<\/td><td class=\"has-text-align-center\" data-align=\"center\">$5.00<\/td><td class=\"has-text-align-center\" data-align=\"center\">$1.50<\/td><\/tr><tr><td class=\"has-text-align-center\" data-align=\"center\">Bulgarie<\/td><td class=\"has-text-align-center\" data-align=\"center\">6 \u00e0 10 jours ouvrables<\/td><td class=\"has-text-align-center\" data-align=\"center\">$5.00<\/td><td class=\"has-text-align-center\" data-align=\"center\">$1.50<\/td><\/tr><tr><td class=\"has-text-align-center\" data-align=\"center\">Portugal<\/td><td class=\"has-text-align-center\" data-align=\"center\">6 \u00e0 10 jours ouvrables<\/td><td class=\"has-text-align-center\" data-align=\"center\">$5.00<\/td><td class=\"has-text-align-center\" data-align=\"center\">$1.50<\/td><\/tr><tr><td class=\"has-text-align-center\" data-align=\"center\">Hongrie<\/td><td class=\"has-text-align-center\" data-align=\"center\">6 \u00e0 10 jours ouvrables<\/td><td class=\"has-text-align-center\" data-align=\"center\">$5.00<\/td><td class=\"has-text-align-center\" data-align=\"center\">$1.50<\/td><\/tr><tr><td class=\"has-text-align-center\" data-align=\"center\">Slovaquie<\/td><td class=\"has-text-align-center\" data-align=\"center\">6 \u00e0 10 jours ouvrables<\/td><td class=\"has-text-align-center\" data-align=\"center\">$5.00<\/td><td class=\"has-text-align-center\" data-align=\"center\">$1.50<\/td><\/tr><tr><td class=\"has-text-align-center\" data-align=\"center\">R\u00e9publique tch\u00e8que<\/td><td class=\"has-text-align-center\" data-align=\"center\">6 \u00e0 10 jours ouvrables<\/td><td class=\"has-text-align-center\" data-align=\"center\">$5.00<\/td><td class=\"has-text-align-center\" data-align=\"center\">$1.50<\/td><\/tr><tr><td class=\"has-text-align-center\" data-align=\"center\">Roumanie<\/td><td class=\"has-text-align-center\" data-align=\"center\">6 \u00e0 10 jours ouvrables<\/td><td class=\"has-text-align-center\" data-align=\"center\">$5.00<\/td><td class=\"has-text-align-center\" data-align=\"center\">$1.50<\/td><\/tr><tr><td class=\"has-text-align-center\" data-align=\"center\">Finlande<\/td><td class=\"has-text-align-center\" data-align=\"center\">6 \u00e0 10 jours ouvrables<\/td><td class=\"has-text-align-center\" data-align=\"center\">$5.00<\/td><td class=\"has-text-align-center\" data-align=\"center\">$1.50<\/td><\/tr><tr><td class=\"has-text-align-center\" data-align=\"center\">Danemark<\/td><td class=\"has-text-align-center\" data-align=\"center\">6 \u00e0 10 jours ouvrables<\/td><td class=\"has-text-align-center\" data-align=\"center\">$5.00<\/td><td class=\"has-text-align-center\" data-align=\"center\">$1.50<\/td><\/tr><tr><td class=\"has-text-align-center\" data-align=\"center\">Norv\u00e8ge<\/td><td class=\"has-text-align-center\" data-align=\"center\">8 \u00e0 10 jours ouvrables<\/td><td class=\"has-text-align-center\" data-align=\"center\">$5.00<\/td><td class=\"has-text-align-center\" data-align=\"center\">$1.50<\/td><\/tr><tr><td class=\"has-text-align-center\" data-align=\"center\">Suisse<\/td><td class=\"has-text-align-center\" data-align=\"center\">6 \u00e0 9 jours ouvrables<\/td><td class=\"has-text-align-center\" data-align=\"center\">$5.00<\/td><td class=\"has-text-align-center\" data-align=\"center\">$1.50<\/td><\/tr><tr><td class=\"has-text-align-center\" data-align=\"center\">Estonie<\/td><td class=\"has-text-align-center\" data-align=\"center\">6 \u00e0 9 jours ouvrables<\/td><td class=\"has-text-align-center\" data-align=\"center\">$5.00<\/td><td class=\"has-text-align-center\" data-align=\"center\">$1.50<\/td><\/tr><tr><td class=\"has-text-align-center\" data-align=\"center\">Lettonie<\/td><td class=\"has-text-align-center\" data-align=\"center\">6 \u00e0 9 jours ouvrables<\/td><td class=\"has-text-align-center\" data-align=\"center\">$5.00<\/td><td class=\"has-text-align-center\" data-align=\"center\">$1.50<\/td><\/tr><tr><td class=\"has-text-align-center\" data-align=\"center\">Lituanie<\/td><td class=\"has-text-align-center\" data-align=\"center\">6 \u00e0 9 jours ouvrables<\/td><td class=\"has-text-align-center\" data-align=\"center\">$5.00<\/td><td class=\"has-text-align-center\" data-align=\"center\">$1.50<\/td><\/tr><tr><td class=\"has-text-align-center\" data-align=\"center\">Croatie<\/td><td class=\"has-text-align-center\" data-align=\"center\">6 \u00e0 9 jours ouvrables<\/td><td class=\"has-text-align-center\" data-align=\"center\">$5.00<\/td><td class=\"has-text-align-center\" data-align=\"center\">$1.50<\/td><\/tr><tr><td class=\"has-text-align-center\" data-align=\"center\">Slov\u00e9nie<\/td><td class=\"has-text-align-center\" data-align=\"center\">6 \u00e0 9 jours ouvrables<\/td><td class=\"has-text-align-center\" data-align=\"center\">$5.00<\/td><td class=\"has-text-align-center\" data-align=\"center\">$1.50<\/td><\/tr><tr><td class=\"has-text-align-center\" data-align=\"center\">Malte<\/td><td class=\"has-text-align-center\" data-align=\"center\">8 \u00e0 10 jours ouvrables<\/td><td class=\"has-text-align-center\" data-align=\"center\">$6.00<\/td><td class=\"has-text-align-center\" data-align=\"center\">$4.00<\/td><\/tr><tr><td class=\"has-text-align-center\" data-align=\"center\">Luxembourg<\/td><td class=\"has-text-align-center\" data-align=\"center\">8 \u00e0 10 jours ouvrables<\/td><td class=\"has-text-align-center\" data-align=\"center\">$5.00<\/td><td class=\"has-text-align-center\" data-align=\"center\">$2.00<\/td><\/tr><tr><td class=\"has-text-align-center\" data-align=\"center\" colspan=\"4\"><\/td><\/tr><tr><td class=\"has-text-align-center\" data-align=\"center\">Australie<\/td><td class=\"has-text-align-center\" data-align=\"center\">5 \u00e0 10 jours ouvrables<\/td><td class=\"has-text-align-center\" data-align=\"center\">$10.00<\/td><td class=\"has-text-align-center\" data-align=\"center\">$1.50<\/td><\/tr><tr><td class=\"has-text-align-center\" data-align=\"center\">Nouvelle-Z\u00e9lande<\/td><td class=\"has-text-align-center\" data-align=\"center\">6 \u00e0 10 jours ouvrables<\/td><td class=\"has-text-align-center\" data-align=\"center\">$5.00<\/td><td class=\"has-text-align-center\" data-align=\"center\">$1.50<\/td><\/tr><tr><td class=\"has-text-align-center\" data-align=\"center\" colspan=\"4\"><\/td><\/tr><tr><td class=\"has-text-align-center\" data-align=\"center\">Singapour<\/td><td class=\"has-text-align-center\" data-align=\"center\">6-7 jours ouvrables<\/td><td class=\"has-text-align-center\" data-align=\"center\">$4.00<\/td><td class=\"has-text-align-center\" data-align=\"center\">$1.00<\/td><\/tr><tr><td class=\"has-text-align-center\" data-align=\"center\">Malaisie<\/td><td class=\"has-text-align-center\" data-align=\"center\">8 \u00e0 12 jours ouvrables<\/td><td class=\"has-text-align-center\" data-align=\"center\">$4.00<\/td><td class=\"has-text-align-center\" data-align=\"center\">$1.00<\/td><\/tr><tr><td class=\"has-text-align-center\" data-align=\"center\">Tha\u00eflande<\/td><td class=\"has-text-align-center\" data-align=\"center\">5-6 jours ouvrables<\/td><td class=\"has-text-align-center\" data-align=\"center\">$4.00<\/td><td class=\"has-text-align-center\" data-align=\"center\">$1.00<\/td><\/tr><tr><td class=\"has-text-align-center\" data-align=\"center\">Japon<\/td><td class=\"has-text-align-center\" data-align=\"center\"><\/td><td class=\"has-text-align-center\" data-align=\"center\"><\/td><td class=\"has-text-align-center\" data-align=\"center\"><\/td><\/tr><tr><td class=\"has-text-align-center\" data-align=\"center\">Cor\u00e9e du Sud<\/td><td class=\"has-text-align-center\" data-align=\"center\"><\/td><td class=\"has-text-align-center\" data-align=\"center\"><\/td><td class=\"has-text-align-center\" data-align=\"center\"><\/td><\/tr><tr><td class=\"has-text-align-center\" data-align=\"center\" colspan=\"4\"><\/td><\/tr><tr><td class=\"has-text-align-center\" data-align=\"center\">\u00c9mirats arabes unis<\/td><td class=\"has-text-align-center\" data-align=\"center\">6 \u00e0 10 jours ouvrables<\/td><td class=\"has-text-align-center\" data-align=\"center\">$6.00<\/td><td class=\"has-text-align-center\" data-align=\"center\">$1.00<\/td><\/tr><tr><td class=\"has-text-align-center\" data-align=\"center\">Arabie Saoudite<\/td><td class=\"has-text-align-center\" data-align=\"center\">8 \u00e0 12 jours ouvrables<\/td><td class=\"has-text-align-center\" data-align=\"center\">$7.00<\/td><td class=\"has-text-align-center\" data-align=\"center\">$1.00<\/td><\/tr><tr><td class=\"has-text-align-center\" data-align=\"center\" colspan=\"4\"><\/td><\/tr><tr><td class=\"has-text-align-center\" data-align=\"center\">Mexique<\/td><td class=\"has-text-align-center\" data-align=\"center\">8 \u00e0 12 jours ouvrables<\/td><td class=\"has-text-align-center\" data-align=\"center\">$4.00<\/td><td class=\"has-text-align-center\" data-align=\"center\">$1.50<\/td><\/tr><tr><td class=\"has-text-align-center\" data-align=\"center\">Chili<\/td><td class=\"has-text-align-center\" data-align=\"center\">19-21 jours ouvrables<\/td><td class=\"has-text-align-center\" data-align=\"center\">$6.00<\/td><td class=\"has-text-align-center\" data-align=\"center\">$2.00<\/td><\/tr><tr><td class=\"has-text-align-center\" data-align=\"center\">Colombie<\/td><td class=\"has-text-align-center\" data-align=\"center\">19-21 jours ouvrables<\/td><td class=\"has-text-align-center\" data-align=\"center\">$6.00<\/td><td class=\"has-text-align-center\" data-align=\"center\">$2.50<\/td><\/tr><\/tbody><\/table><\/figure>\n\n\n\n<p>Remarques :<\/p>\n\n\n\n<ol class=\"wp-block-list\">\n<li>Le tableau ci-dessus est fourni \u00e0 titre indicatif uniquement. Veuillez consulter la page de r\u00e8glement pour conna\u00eetre les frais de livraison r\u00e9els.<\/li>\n\n\n\n<li>Le d\u00e9lai de livraison ci-dessus peut varier en fonction de nombreux facteurs, tels que la destination, la situation internationale, etc. Par exemple, si vous r\u00e9sidez dans une r\u00e9gion \u00e9loign\u00e9e, le d\u00e9lai sera plus long. Si vous r\u00e9sidez en centre-ville, il sera peut-\u00eatre plus rapide.<\/li>\n\n\n\n<li>Veuillez vous assurer que les informations de livraison fournies sont exactes et correctes. Si vous constatez des erreurs, veuillez nous contacter au plus vite. Une fois la commande envoy\u00e9e, elle ne pourra plus \u00eatre modifi\u00e9e et nous d\u00e9clinons toute responsabilit\u00e9 quant aux pertes qui pourraient en r\u00e9sulter.<\/li>\n\n\n\n<li>Si vous achetez beaucoup de produits et que vous n&#039;\u00eates pas tr\u00e8s satisfait des frais d&#039;exp\u00e9dition, veuillez nous contacter et nous trouverons une solution d&#039;exp\u00e9dition plus adapt\u00e9e \u00e0 vos besoins.<\/li>\n\n\n\n<li>Chaque commande prend 1 \u00e0 2 jours pour \u00eatre trait\u00e9e.<\/li>\n<\/ol>\n\n\n\n<h2 class=\"wp-block-heading\">Suivi des commandes<\/h2>\n\n\n\n<p>Une fois votre commande envoy\u00e9e, vous recevrez un e-mail de rappel. Vous pouvez consulter et suivre votre commande de deux mani\u00e8res\u00a0:<\/p>\n\n\n\n<ol class=\"wp-block-list\">\n<li>Remplissez les informations de votre commande sur cette page : <a href=\"https:\/\/gretapearls.com\/fr\/suivi-de-votre-commande\/\" data-type=\"link\" data-id=\"https:\/\/gretapearls.com\/tracking-your-order\/\">Suivez votre commande<\/a>.<\/li>\n\n\n\n<li>Retrouvez votre commande dans Mon compte-&gt;Commandes et v\u00e9rifiez<\/li>\n<\/ol>\n\n\n\n<p><\/p>\n\n\n\n<p><\/p>\n\n\n\n<p><\/p>","protected":false},"excerpt":{"rendered":"<p>Transportation method Greta Lingerie\u2019s products are shipped almost all over the world. We provide a variety of shipping options for each country on the checkout page, and you are free to choose the shipping method you want.We mainly transport our orders through international express companies such as DHL\/USPS\/FedEx\/EMS\/Yanwen\/YunExpress. Our orders are delivered door-to-door by default. [&hellip;]<\/p>\n","protected":false},"author":1,"featured_media":0,"parent":0,"menu_order":0,"comment_status":"closed","ping_status":"closed","template":"","meta":{"footnotes":""},"class_list":["post-7172","page","type-page","status-publish","hentry"],"_links":{"self":[{"href":"https:\/\/gretapearls.com\/fr\/wp-json\/wp\/v2\/pages\/7172","targetHints":{"allow":["GET"]}}],"collection":[{"href":"https:\/\/gretapearls.com\/fr\/wp-json\/wp\/v2\/pages"}],"about":[{"href":"https:\/\/gretapearls.com\/fr\/wp-json\/wp\/v2\/types\/page"}],"author":[{"embeddable":true,"href":"https:\/\/gretapearls.com\/fr\/wp-json\/wp\/v2\/users\/1"}],"replies":[{"embeddable":true,"href":"https:\/\/gretapearls.com\/fr\/wp-json\/wp\/v2\/comments?post=7172"}],"version-history":[{"count":1,"href":"https:\/\/gretapearls.com\/fr\/wp-json\/wp\/v2\/pages\/7172\/revisions"}],"predecessor-version":[{"id":7175,"href":"https:\/\/gretapearls.com\/fr\/wp-json\/wp\/v2\/pages\/7172\/revisions\/7175"}],"wp:attachment":[{"href":"https:\/\/gretapearls.com\/fr\/wp-json\/wp\/v2\/media?parent=7172"}],"curies":[{"name":"wp","href":"https:\/\/api.w.org\/{rel}","templated":true}]}}