{"id":9763,"date":"2024-08-25T10:23:51","date_gmt":"2024-08-25T10:23:51","guid":{"rendered":"https:\/\/gretapearls.com\/?post_type=product&#038;p=9763"},"modified":"2026-02-07T09:57:36","modified_gmt":"2026-02-07T14:57:36","slug":"hilo-de-perlas-de-agua-dulce-con-boton-plano-de-5-x-5-x-6-mm-para-joyeria-diy","status":"publish","type":"product","link":"https:\/\/gretapearls.com\/es\/shop\/5-5-6mm-flat-button-freshwater-pearl-string-for-diy-jewelry\/","title":{"rendered":"Hilo de perlas de agua dulce de bot\u00f3n plano de 5,5-6 mm para joyer\u00eda DIY"},"content":{"rendered":"","protected":false},"excerpt":{"rendered":"<p>Perlas naturales de agua dulce en forma de bot\u00f3n, con superficie lisa y buen brillo. La tira mide aproximadamente 37 cm de largo y contiene unas 80 perlas, cada una con un di\u00e1metro de 5,5-6 mm. Las perlas tienen un peque\u00f1o orificio de 0,7 mm. La forma general es uniforme, con m\u00ednimas imperfecciones, y algunas perlas pueden presentar l\u00edneas de crecimiento naturales.<\/p>","protected":false},"featured_media":9758,"comment_status":"open","ping_status":"closed","template":"","meta":[],"product_brand":[],"product_cat":[124],"product_tag":[91,82,85],"class_list":{"0":"post-9763","1":"product","2":"type-product","3":"status-publish","4":"has-post-thumbnail","6":"product_cat-irregular-pearls","7":"product_tag-full-drilled-pearls","8":"product_tag-medium-freshwater-pearls-wholesale","9":"product_tag-bulk-string-pearls","10":"pa_color-white-pearls","11":"pa_shape-button-pearls","13":"first","14":"instock","15":"taxable","16":"shipping-taxable","17":"purchasable","18":"product-type-simple"},"tiered_pricing_type":"fixed","tiered_pricing_fixed_rules":[],"tiered_pricing_product_settings":{"layout":"default","base_unit_name":{"singular":null,"plural":null},"default_variation":null},"tiered_pricing_minimum_quantity":null,"tiered_pricing_roles_data":[],"tiered_pricing_percentage_rules":[],"tiered_pricing_maximum_quantity":null,"tiered_pricing_quantity_step":null,"_links":{"self":[{"href":"https:\/\/gretapearls.com\/es\/wp-json\/wp\/v2\/product\/9763","targetHints":{"allow":["GET"]}}],"collection":[{"href":"https:\/\/gretapearls.com\/es\/wp-json\/wp\/v2\/product"}],"about":[{"href":"https:\/\/gretapearls.com\/es\/wp-json\/wp\/v2\/types\/product"}],"replies":[{"embeddable":true,"href":"https:\/\/gretapearls.com\/es\/wp-json\/wp\/v2\/comments?post=9763"}],"wp:featuredmedia":[{"embeddable":true,"href":"https:\/\/gretapearls.com\/es\/wp-json\/wp\/v2\/media\/9758"}],"wp:attachment":[{"href":"https:\/\/gretapearls.com\/es\/wp-json\/wp\/v2\/media?parent=9763"}],"wp:term":[{"taxonomy":"product_brand","embeddable":true,"href":"https:\/\/gretapearls.com\/es\/wp-json\/wp\/v2\/product_brand?post=9763"},{"taxonomy":"product_cat","embeddable":true,"href":"https:\/\/gretapearls.com\/es\/wp-json\/wp\/v2\/product_cat?post=9763"},{"taxonomy":"product_tag","embeddable":true,"href":"https:\/\/gretapearls.com\/es\/wp-json\/wp\/v2\/product_tag?post=9763"}],"curies":[{"name":"gracias","href":"https:\/\/api.w.org\/{rel}","templated":true}]}}