{"id":8408,"date":"2024-08-22T08:29:48","date_gmt":"2024-08-22T08:29:48","guid":{"rendered":"https:\/\/gretapearls.com\/?post_type=product&#038;p=8408"},"modified":"2026-02-07T09:59:37","modified_gmt":"2026-02-07T14:59:37","slug":"perla-de-agua-dulce-natural-de-grano-de-arroz-de-8-mm-de-crecimiento","status":"publish","type":"product","link":"https:\/\/gretapearls.com\/es\/shop\/8mm-growth-grain-rice-natural-freshwater-real-pearl\/","title":{"rendered":"Perla de agua dulce natural de arroz de grano de crecimiento de 8 mm"},"content":{"rendered":"","protected":false},"excerpt":{"rendered":"<p>Esta tira de perlas naturales de agua dulce mide aproximadamente 36 cm de largo y contiene unas 40 perlas, cada una con un di\u00e1metro aproximado de 8 mm. Las perlas presentan l\u00edneas de crecimiento visibles, una caracter\u00edstica com\u00fan de las perlas de agua dulce. Estas perlas ofrecen una excelente relaci\u00f3n calidad-precio.<\/p>","protected":false},"featured_media":8403,"comment_status":"open","ping_status":"closed","template":"","meta":[],"product_brand":[],"product_cat":[54],"product_tag":[91,83,85],"class_list":{"0":"post-8408","1":"product","2":"type-product","3":"status-publish","4":"has-post-thumbnail","6":"product_cat-freshwater-pearls-wholesale","7":"product_tag-full-drilled-pearls","8":"product_tag-large-freshwater-pearls-wholesale","9":"product_tag-bulk-string-pearls","10":"pa_color-white-pearls","11":"pa_shape-oval-pearls","12":"pa_shape-rice-pearls","14":"first","15":"instock","16":"taxable","17":"shipping-taxable","18":"purchasable","19":"product-type-simple"},"tiered_pricing_type":"fixed","tiered_pricing_fixed_rules":[],"tiered_pricing_product_settings":{"layout":"default","base_unit_name":{"singular":null,"plural":null},"default_variation":null},"tiered_pricing_minimum_quantity":null,"tiered_pricing_roles_data":[],"tiered_pricing_percentage_rules":[],"tiered_pricing_maximum_quantity":null,"tiered_pricing_quantity_step":null,"_links":{"self":[{"href":"https:\/\/gretapearls.com\/es\/wp-json\/wp\/v2\/product\/8408","targetHints":{"allow":["GET"]}}],"collection":[{"href":"https:\/\/gretapearls.com\/es\/wp-json\/wp\/v2\/product"}],"about":[{"href":"https:\/\/gretapearls.com\/es\/wp-json\/wp\/v2\/types\/product"}],"replies":[{"embeddable":true,"href":"https:\/\/gretapearls.com\/es\/wp-json\/wp\/v2\/comments?post=8408"}],"wp:featuredmedia":[{"embeddable":true,"href":"https:\/\/gretapearls.com\/es\/wp-json\/wp\/v2\/media\/8403"}],"wp:attachment":[{"href":"https:\/\/gretapearls.com\/es\/wp-json\/wp\/v2\/media?parent=8408"}],"wp:term":[{"taxonomy":"product_brand","embeddable":true,"href":"https:\/\/gretapearls.com\/es\/wp-json\/wp\/v2\/product_brand?post=8408"},{"taxonomy":"product_cat","embeddable":true,"href":"https:\/\/gretapearls.com\/es\/wp-json\/wp\/v2\/product_cat?post=8408"},{"taxonomy":"product_tag","embeddable":true,"href":"https:\/\/gretapearls.com\/es\/wp-json\/wp\/v2\/product_tag?post=8408"}],"curies":[{"name":"gracias","href":"https:\/\/api.w.org\/{rel}","templated":true}]}}