{"id":8211,"date":"2024-08-21T16:23:51","date_gmt":"2024-08-21T16:23:51","guid":{"rendered":"https:\/\/gretapearls.com\/?post_type=product&#038;p=8211"},"modified":"2026-02-07T13:39:16","modified_gmt":"2026-02-07T18:39:16","slug":"pendientes-colgantes-de-perlas-de-agua-dulce-con-estrellas-y-detalles-dorados","status":"publish","type":"product","link":"https:\/\/gretapearls.com\/es\/shop\/gold-accented-star-freshwater-pearl-drop-earrings\/","title":{"rendered":"Pendientes colgantes de perlas de agua dulce con estrellas y detalles dorados"},"content":{"rendered":"","protected":false},"excerpt":{"rendered":"<p>Estos pendientes colgantes presentan una perla redonda de agua dulce combinada con una perla colgante en forma de estrella, creando un dise\u00f1o \u00fanico y sofisticado. Acentuados con tonos dorados, son perfectos para a\u00f1adir elegancia a un vestido de c\u00f3ctel para eventos nocturnos o para darle un toque chic a una blusa sencilla para el d\u00eda.<\/p>","protected":false},"featured_media":8206,"comment_status":"open","ping_status":"closed","template":"","meta":[],"product_brand":[],"product_cat":[93,94],"product_tag":[],"class_list":{"0":"post-8211","1":"product","2":"type-product","3":"status-publish","4":"has-post-thumbnail","6":"product_cat-wholesale-pearl-earrings","7":"product_cat-wholesale-pearl-drop-earrings","9":"first","10":"instock","11":"taxable","12":"shipping-taxable","13":"purchasable","14":"product-type-simple"},"tiered_pricing_type":"fixed","tiered_pricing_fixed_rules":[],"tiered_pricing_product_settings":{"layout":"default","base_unit_name":{"singular":null,"plural":null},"default_variation":null},"tiered_pricing_minimum_quantity":null,"tiered_pricing_roles_data":[],"tiered_pricing_percentage_rules":[],"tiered_pricing_maximum_quantity":null,"tiered_pricing_quantity_step":null,"_links":{"self":[{"href":"https:\/\/gretapearls.com\/es\/wp-json\/wp\/v2\/product\/8211","targetHints":{"allow":["GET"]}}],"collection":[{"href":"https:\/\/gretapearls.com\/es\/wp-json\/wp\/v2\/product"}],"about":[{"href":"https:\/\/gretapearls.com\/es\/wp-json\/wp\/v2\/types\/product"}],"replies":[{"embeddable":true,"href":"https:\/\/gretapearls.com\/es\/wp-json\/wp\/v2\/comments?post=8211"}],"wp:featuredmedia":[{"embeddable":true,"href":"https:\/\/gretapearls.com\/es\/wp-json\/wp\/v2\/media\/8206"}],"wp:attachment":[{"href":"https:\/\/gretapearls.com\/es\/wp-json\/wp\/v2\/media?parent=8211"}],"wp:term":[{"taxonomy":"product_brand","embeddable":true,"href":"https:\/\/gretapearls.com\/es\/wp-json\/wp\/v2\/product_brand?post=8211"},{"taxonomy":"product_cat","embeddable":true,"href":"https:\/\/gretapearls.com\/es\/wp-json\/wp\/v2\/product_cat?post=8211"},{"taxonomy":"product_tag","embeddable":true,"href":"https:\/\/gretapearls.com\/es\/wp-json\/wp\/v2\/product_tag?post=8211"}],"curies":[{"name":"gracias","href":"https:\/\/api.w.org\/{rel}","templated":true}]}}