{"id":7993,"date":"2024-08-21T14:48:47","date_gmt":"2024-08-21T14:48:47","guid":{"rendered":"https:\/\/gretapearls.com\/?post_type=product&#038;p=7993"},"modified":"2026-02-07T13:39:15","modified_gmt":"2026-02-07T18:39:15","slug":"pendientes-de-boton-con-perla-y-moneda-plana-de-circon","status":"publish","type":"product","link":"https:\/\/gretapearls.com\/es\/shop\/zircon-flat-coin-pearl-stud-earrings\/","title":{"rendered":"Pendientes de bot\u00f3n con perla y moneda plana de circ\u00f3n"},"content":{"rendered":"","protected":false},"excerpt":{"rendered":"<p>Estos exquisitos pendientes lucen perlas barrocas planas en forma de moneda, bellamente adornadas con detalles en pan de oro y engastadas con brillantes circonitas. La combinaci\u00f3n de las brillantes perlas y las deslumbrantes circonitas da como resultado un dise\u00f1o opulento y llamativo. Son ideales para realzar tu conjunto de noche o para a\u00f1adir un toque de refinada elegancia a tu vestuario diario.<\/p>","protected":false},"featured_media":7987,"comment_status":"open","ping_status":"closed","template":"","meta":[],"product_brand":[],"product_cat":[93,94],"product_tag":[],"class_list":{"0":"post-7993","1":"product","2":"type-product","3":"status-publish","4":"has-post-thumbnail","6":"product_cat-wholesale-pearl-earrings","7":"product_cat-wholesale-pearl-drop-earrings","9":"first","10":"instock","11":"taxable","12":"shipping-taxable","13":"purchasable","14":"product-type-simple"},"tiered_pricing_type":"fixed","tiered_pricing_fixed_rules":[],"tiered_pricing_product_settings":{"layout":"default","base_unit_name":{"singular":null,"plural":null},"default_variation":null},"tiered_pricing_minimum_quantity":null,"tiered_pricing_roles_data":[],"tiered_pricing_percentage_rules":[],"tiered_pricing_maximum_quantity":null,"tiered_pricing_quantity_step":null,"_links":{"self":[{"href":"https:\/\/gretapearls.com\/es\/wp-json\/wp\/v2\/product\/7993","targetHints":{"allow":["GET"]}}],"collection":[{"href":"https:\/\/gretapearls.com\/es\/wp-json\/wp\/v2\/product"}],"about":[{"href":"https:\/\/gretapearls.com\/es\/wp-json\/wp\/v2\/types\/product"}],"replies":[{"embeddable":true,"href":"https:\/\/gretapearls.com\/es\/wp-json\/wp\/v2\/comments?post=7993"}],"wp:featuredmedia":[{"embeddable":true,"href":"https:\/\/gretapearls.com\/es\/wp-json\/wp\/v2\/media\/7987"}],"wp:attachment":[{"href":"https:\/\/gretapearls.com\/es\/wp-json\/wp\/v2\/media?parent=7993"}],"wp:term":[{"taxonomy":"product_brand","embeddable":true,"href":"https:\/\/gretapearls.com\/es\/wp-json\/wp\/v2\/product_brand?post=7993"},{"taxonomy":"product_cat","embeddable":true,"href":"https:\/\/gretapearls.com\/es\/wp-json\/wp\/v2\/product_cat?post=7993"},{"taxonomy":"product_tag","embeddable":true,"href":"https:\/\/gretapearls.com\/es\/wp-json\/wp\/v2\/product_tag?post=7993"}],"curies":[{"name":"gracias","href":"https:\/\/api.w.org\/{rel}","templated":true}]}}