{"id":7985,"date":"2024-08-21T14:47:58","date_gmt":"2024-08-21T14:47:58","guid":{"rendered":"https:\/\/gretapearls.com\/?post_type=product&#038;p=7985"},"modified":"2026-02-07T13:39:15","modified_gmt":"2026-02-07T18:39:15","slug":"pendientes-de-perlas-cuadradas-con-diseno-de-gota","status":"publish","type":"product","link":"https:\/\/gretapearls.com\/es\/shop\/square-pearl-stud-earrings-with-a-drop-design\/","title":{"rendered":"Pendientes de perla cuadrada con dise\u00f1o de gota"},"content":{"rendered":"","protected":false},"excerpt":{"rendered":"<p>Estos elegantes aretes cuentan con perlas barrocas de forma cuadrada adornadas con acentos \u00fanicos de pan de oro, elegantemente colocadas en metal dorado pulido. La combinaci\u00f3n del brillo natural de las perlas y los detalles art\u00edsticos de oro dan como resultado un dise\u00f1o sofisticado y llamativo, ideal para agregar un toque de lujo a su atuendo de noche o realzar su estilo diario con una pieza llamativa.<\/p>","protected":false},"featured_media":7981,"comment_status":"open","ping_status":"closed","template":"","meta":[],"product_brand":[],"product_cat":[93,94],"product_tag":[],"class_list":{"0":"post-7985","1":"product","2":"type-product","3":"status-publish","4":"has-post-thumbnail","6":"product_cat-wholesale-pearl-earrings","7":"product_cat-wholesale-pearl-drop-earrings","9":"first","10":"instock","11":"taxable","12":"shipping-taxable","13":"purchasable","14":"product-type-simple"},"tiered_pricing_type":"fixed","tiered_pricing_fixed_rules":[],"tiered_pricing_product_settings":{"layout":"default","base_unit_name":{"singular":null,"plural":null},"default_variation":null},"tiered_pricing_minimum_quantity":null,"tiered_pricing_roles_data":[],"tiered_pricing_percentage_rules":[],"tiered_pricing_maximum_quantity":null,"tiered_pricing_quantity_step":null,"_links":{"self":[{"href":"https:\/\/gretapearls.com\/es\/wp-json\/wp\/v2\/product\/7985","targetHints":{"allow":["GET"]}}],"collection":[{"href":"https:\/\/gretapearls.com\/es\/wp-json\/wp\/v2\/product"}],"about":[{"href":"https:\/\/gretapearls.com\/es\/wp-json\/wp\/v2\/types\/product"}],"replies":[{"embeddable":true,"href":"https:\/\/gretapearls.com\/es\/wp-json\/wp\/v2\/comments?post=7985"}],"wp:featuredmedia":[{"embeddable":true,"href":"https:\/\/gretapearls.com\/es\/wp-json\/wp\/v2\/media\/7981"}],"wp:attachment":[{"href":"https:\/\/gretapearls.com\/es\/wp-json\/wp\/v2\/media?parent=7985"}],"wp:term":[{"taxonomy":"product_brand","embeddable":true,"href":"https:\/\/gretapearls.com\/es\/wp-json\/wp\/v2\/product_brand?post=7985"},{"taxonomy":"product_cat","embeddable":true,"href":"https:\/\/gretapearls.com\/es\/wp-json\/wp\/v2\/product_cat?post=7985"},{"taxonomy":"product_tag","embeddable":true,"href":"https:\/\/gretapearls.com\/es\/wp-json\/wp\/v2\/product_tag?post=7985"}],"curies":[{"name":"gracias","href":"https:\/\/api.w.org\/{rel}","templated":true}]}}