{"id":7979,"date":"2024-08-21T14:47:09","date_gmt":"2024-08-21T14:47:09","guid":{"rendered":"https:\/\/gretapearls.com\/?post_type=product&#038;p=7979"},"modified":"2026-02-07T13:39:15","modified_gmt":"2026-02-07T18:39:15","slug":"elegantes-pendientes-colgantes-de-perlas-barrocas-con-pan-de-oro","status":"publish","type":"product","link":"https:\/\/gretapearls.com\/es\/shop\/elegant-baroque-pearl-drop-earrings-featuring-gold-leaf\/","title":{"rendered":"Elegantes pendientes colgantes de perlas barrocas con pan de oro"},"content":{"rendered":"","protected":false},"excerpt":{"rendered":"<p>Estos impresionantes aretes colgantes exhiben grandes perlas barrocas adornadas con acentos de pan de oro, que cuelgan elegantemente de engastes de metal en tono dorado de formas \u00fanicas. Las formas org\u00e1nicas y las perlas iridiscentes se combinan para crear una apariencia audaz y lujosa, perfecta para hacer una declaraci\u00f3n en eventos especiales o agregar un toque elegante a su atuendo diario.<\/p>","protected":false},"featured_media":7974,"comment_status":"open","ping_status":"closed","template":"","meta":[],"product_brand":[],"product_cat":[93,94],"product_tag":[],"class_list":{"0":"post-7979","1":"product","2":"type-product","3":"status-publish","4":"has-post-thumbnail","6":"product_cat-wholesale-pearl-earrings","7":"product_cat-wholesale-pearl-drop-earrings","9":"first","10":"instock","11":"taxable","12":"shipping-taxable","13":"purchasable","14":"product-type-simple"},"tiered_pricing_type":"fixed","tiered_pricing_fixed_rules":[],"tiered_pricing_product_settings":{"layout":"default","base_unit_name":{"singular":null,"plural":null},"default_variation":null},"tiered_pricing_minimum_quantity":null,"tiered_pricing_roles_data":[],"tiered_pricing_percentage_rules":[],"tiered_pricing_maximum_quantity":null,"tiered_pricing_quantity_step":null,"_links":{"self":[{"href":"https:\/\/gretapearls.com\/es\/wp-json\/wp\/v2\/product\/7979","targetHints":{"allow":["GET"]}}],"collection":[{"href":"https:\/\/gretapearls.com\/es\/wp-json\/wp\/v2\/product"}],"about":[{"href":"https:\/\/gretapearls.com\/es\/wp-json\/wp\/v2\/types\/product"}],"replies":[{"embeddable":true,"href":"https:\/\/gretapearls.com\/es\/wp-json\/wp\/v2\/comments?post=7979"}],"wp:featuredmedia":[{"embeddable":true,"href":"https:\/\/gretapearls.com\/es\/wp-json\/wp\/v2\/media\/7974"}],"wp:attachment":[{"href":"https:\/\/gretapearls.com\/es\/wp-json\/wp\/v2\/media?parent=7979"}],"wp:term":[{"taxonomy":"product_brand","embeddable":true,"href":"https:\/\/gretapearls.com\/es\/wp-json\/wp\/v2\/product_brand?post=7979"},{"taxonomy":"product_cat","embeddable":true,"href":"https:\/\/gretapearls.com\/es\/wp-json\/wp\/v2\/product_cat?post=7979"},{"taxonomy":"product_tag","embeddable":true,"href":"https:\/\/gretapearls.com\/es\/wp-json\/wp\/v2\/product_tag?post=7979"}],"curies":[{"name":"gracias","href":"https:\/\/api.w.org\/{rel}","templated":true}]}}