{"id":7932,"date":"2024-08-21T14:43:37","date_gmt":"2024-08-21T14:43:37","guid":{"rendered":"https:\/\/gretapearls.com\/?post_type=product&#038;p=7932"},"modified":"2026-02-07T13:39:15","modified_gmt":"2026-02-07T18:39:15","slug":"pendientes-de-aro-magnetico-con-perlas-de-agua-dulce","status":"publish","type":"product","link":"https:\/\/gretapearls.com\/es\/shop\/magnetic-hoop-clip-earrings-with-freshwater-pearls\/","title":{"rendered":"Pendientes de aro magn\u00e9tico con perlas de agua dulce"},"content":{"rendered":"","protected":false},"excerpt":{"rendered":"<p>Estos llamativos pendientes lucen un cierre magn\u00e9tico \u00fanico para un uso c\u00f3modo. Combinan a la perfecci\u00f3n dos perlas de diferentes tama\u00f1os con una cuenta dorada en un elegante dise\u00f1o de aro. Las delicadas gotas de cadena adornadas con detalles de perlas aportan una elegancia contempor\u00e1nea y refinada. Perfectos para causar una gran impresi\u00f3n en ocasiones especiales o para realzar tu look diario con un toque de sofisticaci\u00f3n.<\/p>","protected":false},"featured_media":7927,"comment_status":"open","ping_status":"closed","template":"","meta":[],"product_brand":[],"product_cat":[93,96],"product_tag":[],"class_list":{"0":"post-7932","1":"product","2":"type-product","3":"status-publish","4":"has-post-thumbnail","6":"product_cat-wholesale-pearl-earrings","7":"product_cat-wholesale-hoop-earrings","9":"first","10":"instock","11":"taxable","12":"shipping-taxable","13":"purchasable","14":"product-type-simple"},"tiered_pricing_type":"fixed","tiered_pricing_fixed_rules":[],"tiered_pricing_product_settings":{"layout":"default","base_unit_name":{"singular":null,"plural":null},"default_variation":null},"tiered_pricing_minimum_quantity":null,"tiered_pricing_roles_data":[],"tiered_pricing_percentage_rules":[],"tiered_pricing_maximum_quantity":null,"tiered_pricing_quantity_step":null,"_links":{"self":[{"href":"https:\/\/gretapearls.com\/es\/wp-json\/wp\/v2\/product\/7932","targetHints":{"allow":["GET"]}}],"collection":[{"href":"https:\/\/gretapearls.com\/es\/wp-json\/wp\/v2\/product"}],"about":[{"href":"https:\/\/gretapearls.com\/es\/wp-json\/wp\/v2\/types\/product"}],"replies":[{"embeddable":true,"href":"https:\/\/gretapearls.com\/es\/wp-json\/wp\/v2\/comments?post=7932"}],"wp:featuredmedia":[{"embeddable":true,"href":"https:\/\/gretapearls.com\/es\/wp-json\/wp\/v2\/media\/7927"}],"wp:attachment":[{"href":"https:\/\/gretapearls.com\/es\/wp-json\/wp\/v2\/media?parent=7932"}],"wp:term":[{"taxonomy":"product_brand","embeddable":true,"href":"https:\/\/gretapearls.com\/es\/wp-json\/wp\/v2\/product_brand?post=7932"},{"taxonomy":"product_cat","embeddable":true,"href":"https:\/\/gretapearls.com\/es\/wp-json\/wp\/v2\/product_cat?post=7932"},{"taxonomy":"product_tag","embeddable":true,"href":"https:\/\/gretapearls.com\/es\/wp-json\/wp\/v2\/product_tag?post=7932"}],"curies":[{"name":"gracias","href":"https:\/\/api.w.org\/{rel}","templated":true}]}}