{"id":7874,"date":"2024-08-21T09:43:37","date_gmt":"2024-08-21T09:43:37","guid":{"rendered":"https:\/\/gretapearls.com\/?post_type=product&#038;p=7874"},"modified":"2026-02-07T09:59:24","modified_gmt":"2026-02-07T14:59:24","slug":"2-mini-perlas-de-agua-dulce-de-patata-de-53-mm","status":"publish","type":"product","link":"https:\/\/gretapearls.com\/es\/shop\/2-5-3mm-mini-potato-freshwater-pearls\/","title":{"rendered":"Mini perlas de agua dulce de patata de 2,5-3 mm"},"content":{"rendered":"","protected":false},"excerpt":{"rendered":"<p>Estas perlas naturales de agua dulce son peque\u00f1as, con un di\u00e1metro de 2,5-3 mm y un min\u00fasculo orificio de 0,7 mm. Tienen forma de patata u ovalada, en lugar de ser perfectamente redondas. La tira mide aproximadamente 37 cm de largo y contiene unas 130 perlas. Su caracter\u00edstica principal es el peque\u00f1o tama\u00f1o de las perlas, ideal para dise\u00f1os de joyer\u00eda delicados y con detalles.<\/p>","protected":false},"featured_media":7869,"comment_status":"open","ping_status":"closed","template":"","meta":[],"product_brand":[],"product_cat":[54],"product_tag":[90,81,85],"class_list":{"0":"post-7874","1":"product","2":"type-product","3":"status-publish","4":"has-post-thumbnail","6":"product_cat-freshwater-pearls-wholesale","7":"product_tag-side-drilled-pearls","8":"product_tag-small-freshwater-pearls-wholesale","9":"product_tag-bulk-string-pearls","10":"pa_color-white-pearls","11":"pa_shape-potato-pearls","13":"first","14":"instock","15":"taxable","16":"shipping-taxable","17":"purchasable","18":"product-type-simple"},"tiered_pricing_type":"fixed","tiered_pricing_fixed_rules":[],"tiered_pricing_product_settings":{"layout":"default","base_unit_name":{"singular":null,"plural":null},"default_variation":null},"tiered_pricing_minimum_quantity":null,"tiered_pricing_roles_data":[],"tiered_pricing_percentage_rules":[],"tiered_pricing_maximum_quantity":null,"tiered_pricing_quantity_step":null,"_links":{"self":[{"href":"https:\/\/gretapearls.com\/es\/wp-json\/wp\/v2\/product\/7874","targetHints":{"allow":["GET"]}}],"collection":[{"href":"https:\/\/gretapearls.com\/es\/wp-json\/wp\/v2\/product"}],"about":[{"href":"https:\/\/gretapearls.com\/es\/wp-json\/wp\/v2\/types\/product"}],"replies":[{"embeddable":true,"href":"https:\/\/gretapearls.com\/es\/wp-json\/wp\/v2\/comments?post=7874"}],"wp:featuredmedia":[{"embeddable":true,"href":"https:\/\/gretapearls.com\/es\/wp-json\/wp\/v2\/media\/7869"}],"wp:attachment":[{"href":"https:\/\/gretapearls.com\/es\/wp-json\/wp\/v2\/media?parent=7874"}],"wp:term":[{"taxonomy":"product_brand","embeddable":true,"href":"https:\/\/gretapearls.com\/es\/wp-json\/wp\/v2\/product_brand?post=7874"},{"taxonomy":"product_cat","embeddable":true,"href":"https:\/\/gretapearls.com\/es\/wp-json\/wp\/v2\/product_cat?post=7874"},{"taxonomy":"product_tag","embeddable":true,"href":"https:\/\/gretapearls.com\/es\/wp-json\/wp\/v2\/product_tag?post=7874"}],"curies":[{"name":"gracias","href":"https:\/\/api.w.org\/{rel}","templated":true}]}}