{"id":39002,"date":"2026-03-23T00:46:36","date_gmt":"2026-03-23T04:46:36","guid":{"rendered":"https:\/\/gretapearls.com\/en\/?post_type=product&#038;p=39002"},"modified":"2026-03-23T01:23:43","modified_gmt":"2026-03-23T05:23:43","slug":"colgante-de-perla-barroca-irregular-blanca-natural-de-10-mm-y-alto-brillo","status":"publish","type":"product","link":"https:\/\/gretapearls.com\/es\/shop\/10mm-natural-white-high-luster-irregular-baroque-pendant-pearl\/","title":{"rendered":"Colgante de perla barroca irregular, blanca natural, de 10 mm y alto brillo."},"content":{"rendered":"","protected":false},"excerpt":{"rendered":"<p>Esta es una perla Edison individual, de aproximadamente 10 mm. Presenta un color blanco natural y una singular forma barroca irregular. Esta perla es perfecta para crear un colgante central en un collar minimalista o para a\u00f1adir un toque \u00fanico a dise\u00f1os de joyer\u00eda modernos.<\/p>","protected":false},"featured_media":38997,"comment_status":"open","ping_status":"closed","template":"","meta":[],"product_brand":[],"product_cat":[80,57],"product_tag":[89,83,86],"class_list":{"0":"post-39002","1":"product","2":"type-product","3":"status-publish","4":"has-post-thumbnail","6":"product_cat-pearl-pendant-wholesale","7":"product_cat-edison-pearls-wholesale","8":"product_tag-half-drilled-pearls","9":"product_tag-large-freshwater-pearls-wholesale","10":"product_tag-loose-freshwater-pearls-wholesale","11":"pa_color-white-pearls","13":"first","14":"instock","15":"taxable","16":"shipping-taxable","17":"purchasable","18":"product-type-simple"},"tiered_pricing_type":"fixed","tiered_pricing_fixed_rules":[],"tiered_pricing_product_settings":{"layout":"default","base_unit_name":{"singular":null,"plural":null},"default_variation":null},"tiered_pricing_minimum_quantity":null,"tiered_pricing_roles_data":[],"tiered_pricing_percentage_rules":[],"tiered_pricing_maximum_quantity":null,"tiered_pricing_quantity_step":null,"_links":{"self":[{"href":"https:\/\/gretapearls.com\/es\/wp-json\/wp\/v2\/product\/39002","targetHints":{"allow":["GET"]}}],"collection":[{"href":"https:\/\/gretapearls.com\/es\/wp-json\/wp\/v2\/product"}],"about":[{"href":"https:\/\/gretapearls.com\/es\/wp-json\/wp\/v2\/types\/product"}],"replies":[{"embeddable":true,"href":"https:\/\/gretapearls.com\/es\/wp-json\/wp\/v2\/comments?post=39002"}],"wp:featuredmedia":[{"embeddable":true,"href":"https:\/\/gretapearls.com\/es\/wp-json\/wp\/v2\/media\/38997"}],"wp:attachment":[{"href":"https:\/\/gretapearls.com\/es\/wp-json\/wp\/v2\/media?parent=39002"}],"wp:term":[{"taxonomy":"product_brand","embeddable":true,"href":"https:\/\/gretapearls.com\/es\/wp-json\/wp\/v2\/product_brand?post=39002"},{"taxonomy":"product_cat","embeddable":true,"href":"https:\/\/gretapearls.com\/es\/wp-json\/wp\/v2\/product_cat?post=39002"},{"taxonomy":"product_tag","embeddable":true,"href":"https:\/\/gretapearls.com\/es\/wp-json\/wp\/v2\/product_tag?post=39002"}],"curies":[{"name":"gracias","href":"https:\/\/api.w.org\/{rel}","templated":true}]}}