{"id":33718,"date":"2025-11-12T11:51:26","date_gmt":"2025-11-12T15:51:26","guid":{"rendered":"https:\/\/gretapearls.com\/en\/?post_type=product&#038;p=33718"},"modified":"2026-02-07T15:26:01","modified_gmt":"2026-02-07T20:26:01","slug":"perlas-naturales-de-agua-dulce-biwa-irregulares-de-agujero-medio-de-alta-calidad","status":"publish","type":"product","link":"https:\/\/gretapearls.com\/es\/shop\/high-quality-medium-hole-irregular-biwa-natural-freshwater-pearls\/","title":{"rendered":"Perlas naturales de agua dulce Biwa de alta calidad con orificios irregulares de tama\u00f1o mediano"},"content":{"rendered":"","protected":false},"excerpt":{"rendered":"<p>Estas perlas barrocas de agua dulce en forma de biwa presentan orificios laterales y formas alargadas e irregulares. Lucen un brillo natural en tonos lavanda, melocot\u00f3n y marfil, con n\u00e1car suave y textura org\u00e1nica. Perfectas para crear collares, pulseras o bisuter\u00eda art\u00edstica \u00fanicos.<\/p>","protected":false},"featured_media":33716,"comment_status":"open","ping_status":"closed","template":"","meta":[],"product_brand":[],"product_cat":[54,56,124],"product_tag":[91,83,85],"class_list":{"0":"post-33718","1":"product","2":"type-product","3":"status-publish","4":"has-post-thumbnail","6":"product_cat-freshwater-pearls-wholesale","7":"product_cat-baroque-pearls-wholesale","8":"product_cat-irregular-pearls","9":"product_tag-full-drilled-pearls","10":"product_tag-large-freshwater-pearls-wholesale","11":"product_tag-bulk-string-pearls","12":"pa_color-champagne-pearls","13":"pa_color-purple-pearls","14":"pa_color-white-pearls","15":"pa_shape-biwa-pearls","17":"first","18":"instock","19":"taxable","20":"shipping-taxable","21":"purchasable","22":"product-type-variable"},"tiered_pricing_type":"fixed","tiered_pricing_fixed_rules":[],"tiered_pricing_product_settings":{"layout":"default","base_unit_name":{"singular":null,"plural":null},"default_variation":null},"tiered_pricing_minimum_quantity":null,"tiered_pricing_roles_data":[],"tiered_pricing_percentage_rules":[],"tiered_pricing_maximum_quantity":null,"tiered_pricing_quantity_step":null,"_links":{"self":[{"href":"https:\/\/gretapearls.com\/es\/wp-json\/wp\/v2\/product\/33718","targetHints":{"allow":["GET"]}}],"collection":[{"href":"https:\/\/gretapearls.com\/es\/wp-json\/wp\/v2\/product"}],"about":[{"href":"https:\/\/gretapearls.com\/es\/wp-json\/wp\/v2\/types\/product"}],"replies":[{"embeddable":true,"href":"https:\/\/gretapearls.com\/es\/wp-json\/wp\/v2\/comments?post=33718"}],"wp:featuredmedia":[{"embeddable":true,"href":"https:\/\/gretapearls.com\/es\/wp-json\/wp\/v2\/media\/33716"}],"wp:attachment":[{"href":"https:\/\/gretapearls.com\/es\/wp-json\/wp\/v2\/media?parent=33718"}],"wp:term":[{"taxonomy":"product_brand","embeddable":true,"href":"https:\/\/gretapearls.com\/es\/wp-json\/wp\/v2\/product_brand?post=33718"},{"taxonomy":"product_cat","embeddable":true,"href":"https:\/\/gretapearls.com\/es\/wp-json\/wp\/v2\/product_cat?post=33718"},{"taxonomy":"product_tag","embeddable":true,"href":"https:\/\/gretapearls.com\/es\/wp-json\/wp\/v2\/product_tag?post=33718"}],"curies":[{"name":"gracias","href":"https:\/\/api.w.org\/{rel}","templated":true}]}}