{"id":33685,"date":"2025-11-12T11:49:31","date_gmt":"2025-11-12T15:49:31","guid":{"rendered":"https:\/\/gretapearls.com\/en\/?post_type=product&#038;p=33685"},"modified":"2026-02-07T15:26:01","modified_gmt":"2026-02-07T20:26:01","slug":"perla-de-agua-dulce-natural-biwa-de-gran-tamano-de-10-mm-de-alta-calidad","status":"publish","type":"product","link":"https:\/\/gretapearls.com\/es\/shop\/10mm-large-sized-biwa-high-quality-natural-freshwater-pearl\/","title":{"rendered":"Perla de agua dulce natural Biwa de gran tama\u00f1o de alta calidad de 10 mm"},"content":{"rendered":"","protected":false},"excerpt":{"rendered":"<p>Estas son grandes perlas barrocas de agua dulce en forma de biwa, con agujeros laterales y una suave textura de n\u00e1car. Presentan formas irregulares alargadas en tonos lavanda, melocot\u00f3n y crema dorado con un intenso brillo met\u00e1lico. Ideales para collares llamativos, colgantes art\u00edsticos o piezas de moda llamativas.<\/p>","protected":false},"featured_media":33683,"comment_status":"open","ping_status":"closed","template":"","meta":[],"product_brand":[],"product_cat":[54,56,124],"product_tag":[83,90,85],"class_list":{"0":"post-33685","1":"product","2":"type-product","3":"status-publish","4":"has-post-thumbnail","6":"product_cat-freshwater-pearls-wholesale","7":"product_cat-baroque-pearls-wholesale","8":"product_cat-irregular-pearls","9":"product_tag-large-freshwater-pearls-wholesale","10":"product_tag-side-drilled-pearls","11":"product_tag-bulk-string-pearls","12":"pa_color-champagne-pearls","13":"pa_color-purple-pearls","14":"pa_shape-biwa-pearls","16":"first","17":"instock","18":"taxable","19":"shipping-taxable","20":"purchasable","21":"product-type-variable"},"tiered_pricing_type":"fixed","tiered_pricing_fixed_rules":[],"tiered_pricing_product_settings":{"layout":"default","base_unit_name":{"singular":null,"plural":null},"default_variation":null},"tiered_pricing_minimum_quantity":null,"tiered_pricing_roles_data":[],"tiered_pricing_percentage_rules":[],"tiered_pricing_maximum_quantity":null,"tiered_pricing_quantity_step":null,"_links":{"self":[{"href":"https:\/\/gretapearls.com\/es\/wp-json\/wp\/v2\/product\/33685","targetHints":{"allow":["GET"]}}],"collection":[{"href":"https:\/\/gretapearls.com\/es\/wp-json\/wp\/v2\/product"}],"about":[{"href":"https:\/\/gretapearls.com\/es\/wp-json\/wp\/v2\/types\/product"}],"replies":[{"embeddable":true,"href":"https:\/\/gretapearls.com\/es\/wp-json\/wp\/v2\/comments?post=33685"}],"wp:featuredmedia":[{"embeddable":true,"href":"https:\/\/gretapearls.com\/es\/wp-json\/wp\/v2\/media\/33683"}],"wp:attachment":[{"href":"https:\/\/gretapearls.com\/es\/wp-json\/wp\/v2\/media?parent=33685"}],"wp:term":[{"taxonomy":"product_brand","embeddable":true,"href":"https:\/\/gretapearls.com\/es\/wp-json\/wp\/v2\/product_brand?post=33685"},{"taxonomy":"product_cat","embeddable":true,"href":"https:\/\/gretapearls.com\/es\/wp-json\/wp\/v2\/product_cat?post=33685"},{"taxonomy":"product_tag","embeddable":true,"href":"https:\/\/gretapearls.com\/es\/wp-json\/wp\/v2\/product_tag?post=33685"}],"curies":[{"name":"gracias","href":"https:\/\/api.w.org\/{rel}","templated":true}]}}