{"id":31917,"date":"2025-09-27T11:42:54","date_gmt":"2025-09-27T15:42:54","guid":{"rendered":"https:\/\/gretapearls.com\/en\/?post_type=product&#038;p=31917"},"modified":"2026-02-07T13:41:54","modified_gmt":"2026-02-07T18:41:54","slug":"pendientes-colgantes-de-perlas-edison-con-diseno-de-gancho","status":"publish","type":"product","link":"https:\/\/gretapearls.com\/es\/shop\/edison-pearl-drop-earrings-with-hook-design\/","title":{"rendered":"Pendientes colgantes de perla Edison con dise\u00f1o de gancho"},"content":{"rendered":"","protected":false},"excerpt":{"rendered":"<p>Presenta perlas redondas Edison de agua dulce engastadas en ganchos de plata de ley chapados en oro de 18 quilates. El dise\u00f1o seguro del gancho garantiza una comodidad \u00f3ptima, mientras que la superficie de la perla natural exhibe sutiles matices y una textura \u00fanica.<\/p>","protected":false},"featured_media":31908,"comment_status":"open","ping_status":"closed","template":"","meta":[],"product_brand":[],"product_cat":[93,94],"product_tag":[],"class_list":{"0":"post-31917","1":"product","2":"type-product","3":"status-publish","4":"has-post-thumbnail","6":"product_cat-wholesale-pearl-earrings","7":"product_cat-wholesale-pearl-drop-earrings","9":"first","10":"instock","11":"taxable","12":"shipping-taxable","13":"purchasable","14":"product-type-simple"},"tiered_pricing_type":"fixed","tiered_pricing_fixed_rules":[],"tiered_pricing_product_settings":{"layout":"default","base_unit_name":{"singular":null,"plural":null},"default_variation":null},"tiered_pricing_minimum_quantity":null,"tiered_pricing_roles_data":[],"tiered_pricing_percentage_rules":[],"tiered_pricing_maximum_quantity":null,"tiered_pricing_quantity_step":null,"_links":{"self":[{"href":"https:\/\/gretapearls.com\/es\/wp-json\/wp\/v2\/product\/31917","targetHints":{"allow":["GET"]}}],"collection":[{"href":"https:\/\/gretapearls.com\/es\/wp-json\/wp\/v2\/product"}],"about":[{"href":"https:\/\/gretapearls.com\/es\/wp-json\/wp\/v2\/types\/product"}],"replies":[{"embeddable":true,"href":"https:\/\/gretapearls.com\/es\/wp-json\/wp\/v2\/comments?post=31917"}],"wp:featuredmedia":[{"embeddable":true,"href":"https:\/\/gretapearls.com\/es\/wp-json\/wp\/v2\/media\/31908"}],"wp:attachment":[{"href":"https:\/\/gretapearls.com\/es\/wp-json\/wp\/v2\/media?parent=31917"}],"wp:term":[{"taxonomy":"product_brand","embeddable":true,"href":"https:\/\/gretapearls.com\/es\/wp-json\/wp\/v2\/product_brand?post=31917"},{"taxonomy":"product_cat","embeddable":true,"href":"https:\/\/gretapearls.com\/es\/wp-json\/wp\/v2\/product_cat?post=31917"},{"taxonomy":"product_tag","embeddable":true,"href":"https:\/\/gretapearls.com\/es\/wp-json\/wp\/v2\/product_tag?post=31917"}],"curies":[{"name":"gracias","href":"https:\/\/api.w.org\/{rel}","templated":true}]}}