{"id":31323,"date":"2025-09-27T11:11:20","date_gmt":"2025-09-27T15:11:20","guid":{"rendered":"https:\/\/gretapearls.com\/en\/?post_type=product&#038;p=31323"},"modified":"2026-02-07T13:41:51","modified_gmt":"2026-02-07T18:41:51","slug":"collar-con-colgante-de-perla-barroca-en-forma-de-baston-con-perla-akoya","status":"publish","type":"product","link":"https:\/\/gretapearls.com\/es\/shop\/baroque-stick-pearl-pendant-necklace-with-akoya-pearl\/","title":{"rendered":"Collar con colgante de perla barroca en forma de bast\u00f3n con perla Akoya"},"content":{"rendered":"","protected":false},"excerpt":{"rendered":"<p>Este collar presenta perlas barrocas alargadas de agua dulce combinadas con brillantes perlas Akoya para un contraste impactante. El dise\u00f1o tipo colgante resalta las formas \u00fanicas de las perlas, fusionando la irregularidad org\u00e1nica con un brillo refinado.<\/p>","protected":false},"featured_media":31314,"comment_status":"open","ping_status":"closed","template":"","meta":[],"product_brand":[],"product_cat":[98,99,101],"product_tag":[],"class_list":{"0":"post-31323","1":"product","2":"type-product","3":"status-publish","4":"has-post-thumbnail","6":"product_cat-wholesale-pearl-necklace","7":"product_cat-wholesale-chain-necklaces","8":"product_cat-wholesale-pearl-pendant-necklace","10":"first","11":"instock","12":"taxable","13":"shipping-taxable","14":"purchasable","15":"product-type-variable"},"tiered_pricing_type":"fixed","tiered_pricing_fixed_rules":[],"tiered_pricing_product_settings":{"layout":"default","base_unit_name":{"singular":null,"plural":null},"default_variation":null},"tiered_pricing_minimum_quantity":null,"tiered_pricing_roles_data":[],"tiered_pricing_percentage_rules":[],"tiered_pricing_maximum_quantity":null,"tiered_pricing_quantity_step":null,"_links":{"self":[{"href":"https:\/\/gretapearls.com\/es\/wp-json\/wp\/v2\/product\/31323","targetHints":{"allow":["GET"]}}],"collection":[{"href":"https:\/\/gretapearls.com\/es\/wp-json\/wp\/v2\/product"}],"about":[{"href":"https:\/\/gretapearls.com\/es\/wp-json\/wp\/v2\/types\/product"}],"replies":[{"embeddable":true,"href":"https:\/\/gretapearls.com\/es\/wp-json\/wp\/v2\/comments?post=31323"}],"wp:featuredmedia":[{"embeddable":true,"href":"https:\/\/gretapearls.com\/es\/wp-json\/wp\/v2\/media\/31314"}],"wp:attachment":[{"href":"https:\/\/gretapearls.com\/es\/wp-json\/wp\/v2\/media?parent=31323"}],"wp:term":[{"taxonomy":"product_brand","embeddable":true,"href":"https:\/\/gretapearls.com\/es\/wp-json\/wp\/v2\/product_brand?post=31323"},{"taxonomy":"product_cat","embeddable":true,"href":"https:\/\/gretapearls.com\/es\/wp-json\/wp\/v2\/product_cat?post=31323"},{"taxonomy":"product_tag","embeddable":true,"href":"https:\/\/gretapearls.com\/es\/wp-json\/wp\/v2\/product_tag?post=31323"}],"curies":[{"name":"gracias","href":"https:\/\/api.w.org\/{rel}","templated":true}]}}