{"id":30818,"date":"2025-09-12T02:32:56","date_gmt":"2025-09-12T06:32:56","guid":{"rendered":"https:\/\/gretapearls.com\/en\/?post_type=product&#038;p=30818"},"modified":"2026-02-07T13:41:39","modified_gmt":"2026-02-07T18:41:39","slug":"pendientes-de-boton-hechos-a-mano-de-plata-925-barroca-con-perlas","status":"publish","type":"product","link":"https:\/\/gretapearls.com\/es\/shop\/s925-silver-baroque-pearl-handmade-stud-earrings\/","title":{"rendered":"Pendientes de bot\u00f3n hechos a mano con perlas barrocas de plata S925"},"content":{"rendered":"","protected":false},"excerpt":{"rendered":"<p>Creamos pendientes artesanales con postes hipoalerg\u00e9nicos de plata 925 y perlas barrocas naturales de agua dulce para un look org\u00e1nico. Cada perla se selecciona y engasta a mano para resaltar sus contornos \u00fanicos y su suave brillo, creando una pieza \u00fanica.<\/p>","protected":false},"featured_media":30812,"comment_status":"open","ping_status":"closed","template":"","meta":[],"product_brand":[],"product_cat":[93,94],"product_tag":[],"class_list":{"0":"post-30818","1":"product","2":"type-product","3":"status-publish","4":"has-post-thumbnail","6":"product_cat-wholesale-pearl-earrings","7":"product_cat-wholesale-pearl-drop-earrings","9":"first","10":"instock","11":"taxable","12":"shipping-taxable","13":"purchasable","14":"product-type-simple"},"tiered_pricing_type":"fixed","tiered_pricing_fixed_rules":[],"tiered_pricing_product_settings":{"layout":"default","base_unit_name":{"singular":null,"plural":null},"default_variation":null},"tiered_pricing_minimum_quantity":null,"tiered_pricing_roles_data":[],"tiered_pricing_percentage_rules":[],"tiered_pricing_maximum_quantity":null,"tiered_pricing_quantity_step":null,"_links":{"self":[{"href":"https:\/\/gretapearls.com\/es\/wp-json\/wp\/v2\/product\/30818","targetHints":{"allow":["GET"]}}],"collection":[{"href":"https:\/\/gretapearls.com\/es\/wp-json\/wp\/v2\/product"}],"about":[{"href":"https:\/\/gretapearls.com\/es\/wp-json\/wp\/v2\/types\/product"}],"replies":[{"embeddable":true,"href":"https:\/\/gretapearls.com\/es\/wp-json\/wp\/v2\/comments?post=30818"}],"wp:featuredmedia":[{"embeddable":true,"href":"https:\/\/gretapearls.com\/es\/wp-json\/wp\/v2\/media\/30812"}],"wp:attachment":[{"href":"https:\/\/gretapearls.com\/es\/wp-json\/wp\/v2\/media?parent=30818"}],"wp:term":[{"taxonomy":"product_brand","embeddable":true,"href":"https:\/\/gretapearls.com\/es\/wp-json\/wp\/v2\/product_brand?post=30818"},{"taxonomy":"product_cat","embeddable":true,"href":"https:\/\/gretapearls.com\/es\/wp-json\/wp\/v2\/product_cat?post=30818"},{"taxonomy":"product_tag","embeddable":true,"href":"https:\/\/gretapearls.com\/es\/wp-json\/wp\/v2\/product_tag?post=30818"}],"curies":[{"name":"gracias","href":"https:\/\/api.w.org\/{rel}","templated":true}]}}