{"id":30747,"date":"2025-09-12T02:24:16","date_gmt":"2025-09-12T06:24:16","guid":{"rendered":"https:\/\/gretapearls.com\/en\/?post_type=product&#038;p=30747"},"modified":"2026-02-07T13:41:39","modified_gmt":"2026-02-07T18:41:39","slug":"pendientes-con-borlas-de-perlas-barrocas-naturales-de-agua-dulce","status":"publish","type":"product","link":"https:\/\/gretapearls.com\/es\/shop\/natural-freshwater-baroque-pearl-tassel-earrings\/","title":{"rendered":"Pendientes con borlas de perlas barrocas naturales de agua dulce"},"content":{"rendered":"","protected":false},"excerpt":{"rendered":"<p>Elaboramos estos pendientes con perlas barrocas naturales de agua dulce y cadenas de borlas artesanales para un toque artesanal contempor\u00e1neo. Cada dise\u00f1o rinde homenaje a los contornos \u00fanicos de las perlas barrocas, combinados con delicadas borlas que crean una silueta impactante.<\/p>","protected":false},"featured_media":30742,"comment_status":"open","ping_status":"closed","template":"","meta":[],"product_brand":[],"product_cat":[93,94],"product_tag":[],"class_list":{"0":"post-30747","1":"product","2":"type-product","3":"status-publish","4":"has-post-thumbnail","6":"product_cat-wholesale-pearl-earrings","7":"product_cat-wholesale-pearl-drop-earrings","9":"first","10":"instock","11":"taxable","12":"shipping-taxable","13":"purchasable","14":"product-type-simple"},"tiered_pricing_type":"fixed","tiered_pricing_fixed_rules":[],"tiered_pricing_product_settings":{"layout":"default","base_unit_name":{"singular":null,"plural":null},"default_variation":null},"tiered_pricing_minimum_quantity":null,"tiered_pricing_roles_data":[],"tiered_pricing_percentage_rules":[],"tiered_pricing_maximum_quantity":null,"tiered_pricing_quantity_step":null,"_links":{"self":[{"href":"https:\/\/gretapearls.com\/es\/wp-json\/wp\/v2\/product\/30747","targetHints":{"allow":["GET"]}}],"collection":[{"href":"https:\/\/gretapearls.com\/es\/wp-json\/wp\/v2\/product"}],"about":[{"href":"https:\/\/gretapearls.com\/es\/wp-json\/wp\/v2\/types\/product"}],"replies":[{"embeddable":true,"href":"https:\/\/gretapearls.com\/es\/wp-json\/wp\/v2\/comments?post=30747"}],"wp:featuredmedia":[{"embeddable":true,"href":"https:\/\/gretapearls.com\/es\/wp-json\/wp\/v2\/media\/30742"}],"wp:attachment":[{"href":"https:\/\/gretapearls.com\/es\/wp-json\/wp\/v2\/media?parent=30747"}],"wp:term":[{"taxonomy":"product_brand","embeddable":true,"href":"https:\/\/gretapearls.com\/es\/wp-json\/wp\/v2\/product_brand?post=30747"},{"taxonomy":"product_cat","embeddable":true,"href":"https:\/\/gretapearls.com\/es\/wp-json\/wp\/v2\/product_cat?post=30747"},{"taxonomy":"product_tag","embeddable":true,"href":"https:\/\/gretapearls.com\/es\/wp-json\/wp\/v2\/product_tag?post=30747"}],"curies":[{"name":"gracias","href":"https:\/\/api.w.org\/{rel}","templated":true}]}}