{"id":30259,"date":"2025-08-19T12:13:41","date_gmt":"2025-08-19T16:13:41","guid":{"rendered":"https:\/\/gretapearls.com\/en\/?post_type=product&#038;p=30259"},"modified":"2026-02-07T11:07:22","modified_gmt":"2026-02-07T16:07:22","slug":"14-perlas-de-agua-dulce-naturales-ovaladas-de-18-mm","status":"publish","type":"product","link":"https:\/\/gretapearls.com\/es\/shop\/14-18mm-oval-natural-coin-freshwater-pearls\/","title":{"rendered":"Perlas de agua dulce naturales ovaladas de 14-18 mm"},"content":{"rendered":"","protected":false},"excerpt":{"rendered":"<p>Estas perlas barrocas de agua dulce ovaladas de 14\u00d718 mm presentan un cuerpo blanco brillante con sutiles matices arco\u00edris y una superficie de textura org\u00e1nica con hoyuelos naturales. Perfectas para collares boho-chic o pendientes colgantes.<\/p>","protected":false},"featured_media":30254,"comment_status":"open","ping_status":"closed","template":"","meta":[],"product_brand":[],"product_cat":[124,56],"product_tag":[91,84,85],"class_list":{"0":"post-30259","1":"product","2":"type-product","3":"status-publish","4":"has-post-thumbnail","6":"product_cat-irregular-pearls","7":"product_cat-baroque-pearls-wholesale","8":"product_tag-full-drilled-pearls","9":"product_tag-giant-pearls-whoelsale","10":"product_tag-bulk-string-pearls","11":"pa_color-white-pearls","12":"pa_shape-coin-pearls","14":"first","15":"instock","16":"taxable","17":"shipping-taxable","18":"purchasable","19":"product-type-simple"},"tiered_pricing_type":"fixed","tiered_pricing_fixed_rules":[],"tiered_pricing_product_settings":{"layout":"default","base_unit_name":{"singular":null,"plural":null},"default_variation":null},"tiered_pricing_minimum_quantity":null,"tiered_pricing_roles_data":[],"tiered_pricing_percentage_rules":[],"tiered_pricing_maximum_quantity":null,"tiered_pricing_quantity_step":null,"_links":{"self":[{"href":"https:\/\/gretapearls.com\/es\/wp-json\/wp\/v2\/product\/30259","targetHints":{"allow":["GET"]}}],"collection":[{"href":"https:\/\/gretapearls.com\/es\/wp-json\/wp\/v2\/product"}],"about":[{"href":"https:\/\/gretapearls.com\/es\/wp-json\/wp\/v2\/types\/product"}],"replies":[{"embeddable":true,"href":"https:\/\/gretapearls.com\/es\/wp-json\/wp\/v2\/comments?post=30259"}],"wp:featuredmedia":[{"embeddable":true,"href":"https:\/\/gretapearls.com\/es\/wp-json\/wp\/v2\/media\/30254"}],"wp:attachment":[{"href":"https:\/\/gretapearls.com\/es\/wp-json\/wp\/v2\/media?parent=30259"}],"wp:term":[{"taxonomy":"product_brand","embeddable":true,"href":"https:\/\/gretapearls.com\/es\/wp-json\/wp\/v2\/product_brand?post=30259"},{"taxonomy":"product_cat","embeddable":true,"href":"https:\/\/gretapearls.com\/es\/wp-json\/wp\/v2\/product_cat?post=30259"},{"taxonomy":"product_tag","embeddable":true,"href":"https:\/\/gretapearls.com\/es\/wp-json\/wp\/v2\/product_tag?post=30259"}],"curies":[{"name":"gracias","href":"https:\/\/api.w.org\/{rel}","templated":true}]}}