{"id":28392,"date":"2025-07-15T12:28:02","date_gmt":"2025-07-15T16:28:02","guid":{"rendered":"https:\/\/gretapearls.com\/en\/?post_type=product&#038;p=28392"},"modified":"2026-02-07T13:39:51","modified_gmt":"2026-02-07T18:39:51","slug":"anillo-elastico-ajustable-de-perlas-de-arroz-de-agua-dulce","status":"publish","type":"product","link":"https:\/\/gretapearls.com\/es\/shop\/elastic-adjustable-freshwater-pearl-rice-bead-ring\/","title":{"rendered":"Anillo el\u00e1stico ajustable de perlas de arroz de agua dulce"},"content":{"rendered":"","protected":false},"excerpt":{"rendered":"<p>Elaboramos este anillo con cuentas de arroz de perla natural de agua dulce sobre un cord\u00f3n el\u00e1stico que le da un toque moderno y elegante. Los contornos \u00fanicos de las cuentas de arroz y el dise\u00f1o el\u00e1stico ajustable le otorgan un encanto \u00fanico y un ajuste c\u00f3modo.<\/p>","protected":false},"featured_media":28388,"comment_status":"open","ping_status":"closed","template":"","meta":[],"product_brand":[],"product_cat":[107,110],"product_tag":[],"class_list":{"0":"post-28392","1":"product","2":"type-product","3":"status-publish","4":"has-post-thumbnail","6":"product_cat-wholesale-pearl-ring","7":"product_cat-wholesale-beaded-pearl-ring","9":"first","10":"instock","11":"taxable","12":"shipping-taxable","13":"purchasable","14":"product-type-simple"},"tiered_pricing_type":"fixed","tiered_pricing_fixed_rules":[],"tiered_pricing_product_settings":{"layout":"default","base_unit_name":{"singular":null,"plural":null},"default_variation":null},"tiered_pricing_minimum_quantity":null,"tiered_pricing_roles_data":[],"tiered_pricing_percentage_rules":[],"tiered_pricing_maximum_quantity":null,"tiered_pricing_quantity_step":null,"_links":{"self":[{"href":"https:\/\/gretapearls.com\/es\/wp-json\/wp\/v2\/product\/28392","targetHints":{"allow":["GET"]}}],"collection":[{"href":"https:\/\/gretapearls.com\/es\/wp-json\/wp\/v2\/product"}],"about":[{"href":"https:\/\/gretapearls.com\/es\/wp-json\/wp\/v2\/types\/product"}],"replies":[{"embeddable":true,"href":"https:\/\/gretapearls.com\/es\/wp-json\/wp\/v2\/comments?post=28392"}],"wp:featuredmedia":[{"embeddable":true,"href":"https:\/\/gretapearls.com\/es\/wp-json\/wp\/v2\/media\/28388"}],"wp:attachment":[{"href":"https:\/\/gretapearls.com\/es\/wp-json\/wp\/v2\/media?parent=28392"}],"wp:term":[{"taxonomy":"product_brand","embeddable":true,"href":"https:\/\/gretapearls.com\/es\/wp-json\/wp\/v2\/product_brand?post=28392"},{"taxonomy":"product_cat","embeddable":true,"href":"https:\/\/gretapearls.com\/es\/wp-json\/wp\/v2\/product_cat?post=28392"},{"taxonomy":"product_tag","embeddable":true,"href":"https:\/\/gretapearls.com\/es\/wp-json\/wp\/v2\/product_tag?post=28392"}],"curies":[{"name":"gracias","href":"https:\/\/api.w.org\/{rel}","templated":true}]}}