{"id":26439,"date":"2025-06-30T00:26:53","date_gmt":"2025-06-30T04:26:53","guid":{"rendered":"https:\/\/gretapearls.com\/en\/?post_type=product&#038;p=26439"},"modified":"2026-02-07T12:50:18","modified_gmt":"2026-02-07T17:50:18","slug":"perlas-de-agua-dulce-barrocas-de-forma-libre-con-agujero-grande-de-9-mm","status":"publish","type":"product","link":"https:\/\/gretapearls.com\/es\/shop\/9mm-large-hole-free-form-baroque-freshwater-pearls\/","title":{"rendered":"Perlas de agua dulce barrocas de forma libre con agujero grande de 9 mm"},"content":{"rendered":"","protected":false},"excerpt":{"rendered":"<p>Estas perlas barrocas de agua dulce de 9 mm presentan un gran orificio perforado, un brillante brillo arco\u00edris blanco y texturas superficiales naturales como crestas y peque\u00f1as hendiduras en formas irregulares \u00fanicas. Perfectas para crear collares, pulseras o pendientes DIY con un toque bohemio o macram\u00e9.<\/p>","protected":false},"featured_media":26434,"comment_status":"open","ping_status":"closed","template":"","meta":[],"product_brand":[],"product_cat":[54,124],"product_tag":[91,83,86],"class_list":{"0":"post-26439","1":"product","2":"type-product","3":"status-publish","4":"has-post-thumbnail","6":"product_cat-freshwater-pearls-wholesale","7":"product_cat-irregular-pearls","8":"product_tag-full-drilled-pearls","9":"product_tag-large-freshwater-pearls-wholesale","10":"product_tag-loose-freshwater-pearls-wholesale","11":"pa_color-white-pearls","12":"pa_shape-freeform-pearls","14":"first","15":"instock","16":"taxable","17":"shipping-taxable","18":"purchasable","19":"product-type-simple"},"tiered_pricing_type":"fixed","tiered_pricing_fixed_rules":[],"tiered_pricing_product_settings":{"layout":"default","base_unit_name":{"singular":null,"plural":null},"default_variation":null},"tiered_pricing_minimum_quantity":null,"tiered_pricing_roles_data":[],"tiered_pricing_percentage_rules":[],"tiered_pricing_maximum_quantity":null,"tiered_pricing_quantity_step":null,"_links":{"self":[{"href":"https:\/\/gretapearls.com\/es\/wp-json\/wp\/v2\/product\/26439","targetHints":{"allow":["GET"]}}],"collection":[{"href":"https:\/\/gretapearls.com\/es\/wp-json\/wp\/v2\/product"}],"about":[{"href":"https:\/\/gretapearls.com\/es\/wp-json\/wp\/v2\/types\/product"}],"replies":[{"embeddable":true,"href":"https:\/\/gretapearls.com\/es\/wp-json\/wp\/v2\/comments?post=26439"}],"wp:featuredmedia":[{"embeddable":true,"href":"https:\/\/gretapearls.com\/es\/wp-json\/wp\/v2\/media\/26434"}],"wp:attachment":[{"href":"https:\/\/gretapearls.com\/es\/wp-json\/wp\/v2\/media?parent=26439"}],"wp:term":[{"taxonomy":"product_brand","embeddable":true,"href":"https:\/\/gretapearls.com\/es\/wp-json\/wp\/v2\/product_brand?post=26439"},{"taxonomy":"product_cat","embeddable":true,"href":"https:\/\/gretapearls.com\/es\/wp-json\/wp\/v2\/product_cat?post=26439"},{"taxonomy":"product_tag","embeddable":true,"href":"https:\/\/gretapearls.com\/es\/wp-json\/wp\/v2\/product_tag?post=26439"}],"curies":[{"name":"gracias","href":"https:\/\/api.w.org\/{rel}","templated":true}]}}