{"id":26309,"date":"2025-06-30T00:19:20","date_gmt":"2025-06-30T04:19:20","guid":{"rendered":"https:\/\/gretapearls.com\/en\/?post_type=product&#038;p=26309"},"modified":"2026-02-07T12:42:50","modified_gmt":"2026-02-07T17:42:50","slug":"11-perlas-de-agua-dulce-naturales-raras-de-12-mm-de-alta-calidad","status":"publish","type":"product","link":"https:\/\/gretapearls.com\/es\/shop\/11-12mm-high-quality-rare-natural-freshwater-pearls\/","title":{"rendered":"Perlas de agua dulce naturales raras de alta calidad de 11-12 mm"},"content":{"rendered":"","protected":false},"excerpt":{"rendered":"<p>Perlas barrocas naturales de agua dulce en una forma libre \u00fanica inspirada en Mickey, ensartadas en una tira de aproximadamente 36 cuentas con perforaci\u00f3n central. De color blanco cremoso con un intenso brillo iridiscente y texturas naturales, ideales para a\u00f1adir un toque divertido a pulseras o pendientes.<\/p>","protected":false},"featured_media":26304,"comment_status":"open","ping_status":"closed","template":"","meta":[],"product_brand":[],"product_cat":[124,56],"product_tag":[91,83,86],"class_list":{"0":"post-26309","1":"product","2":"type-product","3":"status-publish","4":"has-post-thumbnail","6":"product_cat-irregular-pearls","7":"product_cat-baroque-pearls-wholesale","8":"product_tag-full-drilled-pearls","9":"product_tag-large-freshwater-pearls-wholesale","10":"product_tag-loose-freshwater-pearls-wholesale","11":"pa_color-white-pearls","12":"pa_shape-freeform-pearls","14":"first","15":"instock","16":"taxable","17":"shipping-taxable","18":"purchasable","19":"product-type-simple"},"tiered_pricing_type":"fixed","tiered_pricing_fixed_rules":[],"tiered_pricing_product_settings":{"layout":"default","base_unit_name":{"singular":null,"plural":null},"default_variation":null},"tiered_pricing_minimum_quantity":null,"tiered_pricing_roles_data":[],"tiered_pricing_percentage_rules":[],"tiered_pricing_maximum_quantity":null,"tiered_pricing_quantity_step":null,"_links":{"self":[{"href":"https:\/\/gretapearls.com\/es\/wp-json\/wp\/v2\/product\/26309","targetHints":{"allow":["GET"]}}],"collection":[{"href":"https:\/\/gretapearls.com\/es\/wp-json\/wp\/v2\/product"}],"about":[{"href":"https:\/\/gretapearls.com\/es\/wp-json\/wp\/v2\/types\/product"}],"replies":[{"embeddable":true,"href":"https:\/\/gretapearls.com\/es\/wp-json\/wp\/v2\/comments?post=26309"}],"wp:featuredmedia":[{"embeddable":true,"href":"https:\/\/gretapearls.com\/es\/wp-json\/wp\/v2\/media\/26304"}],"wp:attachment":[{"href":"https:\/\/gretapearls.com\/es\/wp-json\/wp\/v2\/media?parent=26309"}],"wp:term":[{"taxonomy":"product_brand","embeddable":true,"href":"https:\/\/gretapearls.com\/es\/wp-json\/wp\/v2\/product_brand?post=26309"},{"taxonomy":"product_cat","embeddable":true,"href":"https:\/\/gretapearls.com\/es\/wp-json\/wp\/v2\/product_cat?post=26309"},{"taxonomy":"product_tag","embeddable":true,"href":"https:\/\/gretapearls.com\/es\/wp-json\/wp\/v2\/product_tag?post=26309"}],"curies":[{"name":"gracias","href":"https:\/\/api.w.org\/{rel}","templated":true}]}}