{"id":25748,"date":"2025-06-27T05:48:19","date_gmt":"2025-06-27T09:48:19","guid":{"rendered":"https:\/\/gretapearls.com\/en\/?post_type=product&#038;p=25748"},"modified":"2026-02-07T12:32:41","modified_gmt":"2026-02-07T17:32:41","slug":"perlas-de-agua-dulce-de-grano-de-arroz-gris-irradiado-natural-de-56-mm","status":"publish","type":"product","link":"https:\/\/gretapearls.com\/es\/shop\/5-6mm-natural-irradiated-gray-rice-grain-freshwater-pearls\/","title":{"rendered":"Perlas de agua dulce de grano de arroz gris irradiado natural de 5-6 mm"},"content":{"rendered":"","protected":false},"excerpt":{"rendered":"<p>Esta es una hebra de 35-36 cm de perlas naturales de agua dulce con forma de grano de arroz, de 5-6 mm cada una, en un suave tono gris con un sutil brillo iridiscente y texturas superficiales naturales. Las perlas est\u00e1n perforadas por el centro y ensartadas para lucir delicados reflejos met\u00e1licos y peque\u00f1as marcas ocasionales. Perfectas para crear collares, pulseras o pendientes modernos con un toque minimalista y elegante.<\/p>","protected":false},"featured_media":25743,"comment_status":"open","ping_status":"closed","template":"","meta":[],"product_brand":[],"product_cat":[54,144],"product_tag":[82,90,85],"class_list":{"0":"post-25748","1":"product","2":"type-product","3":"status-publish","4":"has-post-thumbnail","6":"product_cat-freshwater-pearls-wholesale","7":"product_cat-dyed-pearls","8":"product_tag-medium-freshwater-pearls-wholesale","9":"product_tag-side-drilled-pearls","10":"product_tag-bulk-string-pearls","11":"pa_color-grey-pearls","12":"pa_shape-rice-pearls","14":"first","15":"instock","16":"taxable","17":"shipping-taxable","18":"purchasable","19":"product-type-simple"},"tiered_pricing_type":"fixed","tiered_pricing_fixed_rules":[],"tiered_pricing_product_settings":{"layout":"default","base_unit_name":{"singular":null,"plural":null},"default_variation":null},"tiered_pricing_minimum_quantity":null,"tiered_pricing_roles_data":[],"tiered_pricing_percentage_rules":[],"tiered_pricing_maximum_quantity":null,"tiered_pricing_quantity_step":null,"_links":{"self":[{"href":"https:\/\/gretapearls.com\/es\/wp-json\/wp\/v2\/product\/25748","targetHints":{"allow":["GET"]}}],"collection":[{"href":"https:\/\/gretapearls.com\/es\/wp-json\/wp\/v2\/product"}],"about":[{"href":"https:\/\/gretapearls.com\/es\/wp-json\/wp\/v2\/types\/product"}],"replies":[{"embeddable":true,"href":"https:\/\/gretapearls.com\/es\/wp-json\/wp\/v2\/comments?post=25748"}],"wp:featuredmedia":[{"embeddable":true,"href":"https:\/\/gretapearls.com\/es\/wp-json\/wp\/v2\/media\/25743"}],"wp:attachment":[{"href":"https:\/\/gretapearls.com\/es\/wp-json\/wp\/v2\/media?parent=25748"}],"wp:term":[{"taxonomy":"product_brand","embeddable":true,"href":"https:\/\/gretapearls.com\/es\/wp-json\/wp\/v2\/product_brand?post=25748"},{"taxonomy":"product_cat","embeddable":true,"href":"https:\/\/gretapearls.com\/es\/wp-json\/wp\/v2\/product_cat?post=25748"},{"taxonomy":"product_tag","embeddable":true,"href":"https:\/\/gretapearls.com\/es\/wp-json\/wp\/v2\/product_tag?post=25748"}],"curies":[{"name":"gracias","href":"https:\/\/api.w.org\/{rel}","templated":true}]}}