{"id":25348,"date":"2025-06-24T09:38:03","date_gmt":"2025-06-24T13:38:03","guid":{"rendered":"https:\/\/gretapearls.com\/en\/?post_type=product&#038;p=25348"},"modified":"2026-02-07T12:27:45","modified_gmt":"2026-02-07T17:27:45","slug":"colgante-de-perla-de-agua-dulce-natural-blanca-con-forma-de-petalo-y-hebilla-universal","status":"publish","type":"product","link":"https:\/\/gretapearls.com\/es\/shop\/white-natural-freshwater-petal-pearl-pendant-universal-buckle\/","title":{"rendered":"Colgante de perla de agua dulce natural blanca con forma de p\u00e9talo y hebilla universal"},"content":{"rendered":"","protected":false},"excerpt":{"rendered":"<p>Este colgante barroco natural de agua dulce presenta seis perlas en forma de p\u00e9talo: una perla redonda central rodeada de cinco p\u00e9talos en forma de moneda. Perfecto para colocar en capas en cadenas delicadas o agregar un toque bohemio rom\u00e1ntico a collares y pulseras de dijes.<\/p>","protected":false},"featured_media":25342,"comment_status":"open","ping_status":"closed","template":"","meta":[],"product_brand":[],"product_cat":[80],"product_tag":[],"class_list":{"0":"post-25348","1":"product","2":"type-product","3":"status-publish","4":"has-post-thumbnail","6":"product_cat-pearl-pendant-wholesale","7":"pa_color-white-pearls","8":"pa_shape-coin-pearls","10":"first","11":"instock","12":"taxable","13":"shipping-taxable","14":"purchasable","15":"product-type-simple"},"tiered_pricing_type":"fixed","tiered_pricing_fixed_rules":[],"tiered_pricing_product_settings":{"layout":"default","base_unit_name":{"singular":null,"plural":null},"default_variation":null},"tiered_pricing_minimum_quantity":null,"tiered_pricing_roles_data":[],"tiered_pricing_percentage_rules":[],"tiered_pricing_maximum_quantity":null,"tiered_pricing_quantity_step":null,"_links":{"self":[{"href":"https:\/\/gretapearls.com\/es\/wp-json\/wp\/v2\/product\/25348","targetHints":{"allow":["GET"]}}],"collection":[{"href":"https:\/\/gretapearls.com\/es\/wp-json\/wp\/v2\/product"}],"about":[{"href":"https:\/\/gretapearls.com\/es\/wp-json\/wp\/v2\/types\/product"}],"replies":[{"embeddable":true,"href":"https:\/\/gretapearls.com\/es\/wp-json\/wp\/v2\/comments?post=25348"}],"wp:featuredmedia":[{"embeddable":true,"href":"https:\/\/gretapearls.com\/es\/wp-json\/wp\/v2\/media\/25342"}],"wp:attachment":[{"href":"https:\/\/gretapearls.com\/es\/wp-json\/wp\/v2\/media?parent=25348"}],"wp:term":[{"taxonomy":"product_brand","embeddable":true,"href":"https:\/\/gretapearls.com\/es\/wp-json\/wp\/v2\/product_brand?post=25348"},{"taxonomy":"product_cat","embeddable":true,"href":"https:\/\/gretapearls.com\/es\/wp-json\/wp\/v2\/product_cat?post=25348"},{"taxonomy":"product_tag","embeddable":true,"href":"https:\/\/gretapearls.com\/es\/wp-json\/wp\/v2\/product_tag?post=25348"}],"curies":[{"name":"gracias","href":"https:\/\/api.w.org\/{rel}","templated":true}]}}