{"id":24932,"date":"2025-06-11T01:42:22","date_gmt":"2025-06-11T05:42:22","guid":{"rendered":"https:\/\/gretapearls.com\/en\/?post_type=product&#038;p=24932"},"modified":"2026-02-14T12:36:15","modified_gmt":"2026-02-14T17:36:15","slug":"perlas-de-agua-dulce-irregulares-no-nucleadas-de-57-mm","status":"publish","type":"product","link":"https:\/\/gretapearls.com\/es\/shop\/5-7mm-irregular-non-nucleated-freshwater-pearls\/","title":{"rendered":"Perlas de agua dulce irregulares no nucleadas de 5-7 mm"},"content":{"rendered":"","protected":false},"excerpt":{"rendered":"<p>Estas perlas de agua dulce irregulares, sin n\u00facleo, de 5-7 mm presentan formas org\u00e1nicas naturales con una textura superficial visible y un brillo suave. Ideales para joyer\u00eda hecha a mano con una est\u00e9tica artesanal y natural, combinan con collares bohemios, pulseras de t\u00e9cnica mixta y proyectos \u00fanicos de abalorios.<\/p>","protected":false},"featured_media":24928,"comment_status":"open","ping_status":"closed","template":"","meta":[],"product_brand":[],"product_cat":[124],"product_tag":[91,82,85],"class_list":{"0":"post-24932","1":"product","2":"type-product","3":"status-publish","4":"has-post-thumbnail","6":"product_cat-irregular-pearls","7":"product_tag-full-drilled-pearls","8":"product_tag-medium-freshwater-pearls-wholesale","9":"product_tag-bulk-string-pearls","10":"pa_color-white-pearls","11":"pa_shape-freeform-pearls","13":"first","14":"instock","15":"taxable","16":"shipping-taxable","17":"purchasable","18":"product-type-variable"},"tiered_pricing_type":"fixed","tiered_pricing_fixed_rules":[],"tiered_pricing_product_settings":{"layout":"default","base_unit_name":{"singular":null,"plural":null},"default_variation":null},"tiered_pricing_minimum_quantity":null,"tiered_pricing_roles_data":[],"tiered_pricing_percentage_rules":[],"tiered_pricing_maximum_quantity":null,"tiered_pricing_quantity_step":null,"_links":{"self":[{"href":"https:\/\/gretapearls.com\/es\/wp-json\/wp\/v2\/product\/24932","targetHints":{"allow":["GET"]}}],"collection":[{"href":"https:\/\/gretapearls.com\/es\/wp-json\/wp\/v2\/product"}],"about":[{"href":"https:\/\/gretapearls.com\/es\/wp-json\/wp\/v2\/types\/product"}],"replies":[{"embeddable":true,"href":"https:\/\/gretapearls.com\/es\/wp-json\/wp\/v2\/comments?post=24932"}],"wp:featuredmedia":[{"embeddable":true,"href":"https:\/\/gretapearls.com\/es\/wp-json\/wp\/v2\/media\/24928"}],"wp:attachment":[{"href":"https:\/\/gretapearls.com\/es\/wp-json\/wp\/v2\/media?parent=24932"}],"wp:term":[{"taxonomy":"product_brand","embeddable":true,"href":"https:\/\/gretapearls.com\/es\/wp-json\/wp\/v2\/product_brand?post=24932"},{"taxonomy":"product_cat","embeddable":true,"href":"https:\/\/gretapearls.com\/es\/wp-json\/wp\/v2\/product_cat?post=24932"},{"taxonomy":"product_tag","embeddable":true,"href":"https:\/\/gretapearls.com\/es\/wp-json\/wp\/v2\/product_tag?post=24932"}],"curies":[{"name":"gracias","href":"https:\/\/api.w.org\/{rel}","templated":true}]}}