{"id":24504,"date":"2025-06-07T10:50:34","date_gmt":"2025-06-07T14:50:34","guid":{"rendered":"https:\/\/gretapearls.com\/en\/?post_type=product&#038;p=24504"},"modified":"2026-04-29T06:42:23","modified_gmt":"2026-04-29T10:42:23","slug":"perlas-naturales-de-agua-dulce-grandes-con-forma-de-lagrima-de-9-mm","status":"publish","type":"product","link":"https:\/\/gretapearls.com\/es\/shop\/9mm-teardrop-shaped-large-natural-freshwater-pearls\/","title":{"rendered":"Perlas naturales de agua dulce grandes, con forma de l\u00e1grima, de 9 mm."},"content":{"rendered":"","protected":false},"excerpt":{"rendered":"<p>Estas perlas de agua dulce de 11 mm en forma de l\u00e1grima tienen una superficie lisa y un elegante brillo natural. Su cl\u00e1sica forma de gota las hace perfectas para aretes, colgantes o joyas de novia. Sencillas, atemporales y f\u00e1ciles de dise\u00f1ar.<\/p>","protected":false},"featured_media":24499,"comment_status":"open","ping_status":"closed","template":"","meta":[],"product_brand":[],"product_cat":[54],"product_tag":[89,83,86],"class_list":{"0":"post-24504","1":"product","2":"type-product","3":"status-publish","4":"has-post-thumbnail","6":"product_cat-freshwater-pearls-wholesale","7":"product_tag-half-drilled-pearls","8":"product_tag-large-freshwater-pearls-wholesale","9":"product_tag-loose-freshwater-pearls-wholesale","10":"pa_color-white-pearls","11":"pa_shape-teardrop-pearls","13":"first","14":"instock","15":"taxable","16":"shipping-taxable","17":"purchasable","18":"product-type-simple"},"tiered_pricing_type":"fixed","tiered_pricing_fixed_rules":[],"tiered_pricing_product_settings":{"layout":"default","base_unit_name":{"singular":null,"plural":null},"default_variation":null},"tiered_pricing_minimum_quantity":null,"tiered_pricing_roles_data":[],"tiered_pricing_percentage_rules":[],"tiered_pricing_maximum_quantity":null,"tiered_pricing_quantity_step":null,"_links":{"self":[{"href":"https:\/\/gretapearls.com\/es\/wp-json\/wp\/v2\/product\/24504","targetHints":{"allow":["GET"]}}],"collection":[{"href":"https:\/\/gretapearls.com\/es\/wp-json\/wp\/v2\/product"}],"about":[{"href":"https:\/\/gretapearls.com\/es\/wp-json\/wp\/v2\/types\/product"}],"replies":[{"embeddable":true,"href":"https:\/\/gretapearls.com\/es\/wp-json\/wp\/v2\/comments?post=24504"}],"wp:featuredmedia":[{"embeddable":true,"href":"https:\/\/gretapearls.com\/es\/wp-json\/wp\/v2\/media\/24499"}],"wp:attachment":[{"href":"https:\/\/gretapearls.com\/es\/wp-json\/wp\/v2\/media?parent=24504"}],"wp:term":[{"taxonomy":"product_brand","embeddable":true,"href":"https:\/\/gretapearls.com\/es\/wp-json\/wp\/v2\/product_brand?post=24504"},{"taxonomy":"product_cat","embeddable":true,"href":"https:\/\/gretapearls.com\/es\/wp-json\/wp\/v2\/product_cat?post=24504"},{"taxonomy":"product_tag","embeddable":true,"href":"https:\/\/gretapearls.com\/es\/wp-json\/wp\/v2\/product_tag?post=24504"}],"curies":[{"name":"gracias","href":"https:\/\/api.w.org\/{rel}","templated":true}]}}