{"id":24439,"date":"2025-06-04T14:25:56","date_gmt":"2025-06-04T18:25:56","guid":{"rendered":"https:\/\/gretapearls.com\/en\/?post_type=product&#038;p=24439"},"modified":"2026-04-21T12:14:08","modified_gmt":"2026-04-21T16:14:08","slug":"perla-de-agua-dulce-fina-en-forma-de-lagrima-de-7-mm","status":"publish","type":"product","link":"https:\/\/gretapearls.com\/es\/shop\/7mm-slender-teardrop-freshwater-pearl\/","title":{"rendered":"Perla de agua dulce fina en forma de l\u00e1grima de 7 mm"},"content":{"rendered":"","protected":false},"excerpt":{"rendered":"<p>Perlas de agua dulce finas de 7 mm en forma de l\u00e1grima, de un suave tono blanco rosado transl\u00facido, con un acabado liso y un brillo intenso. Ideales para elegantes pendientes colgantes, detalles nupciales o dise\u00f1os minimalistas de colgantes. Perforadas por defecto a media piedra, a menos que se especifique lo contrario.<\/p>","protected":false},"featured_media":24433,"comment_status":"open","ping_status":"closed","template":"","meta":[],"product_brand":[],"product_cat":[54],"product_tag":[89,87,82],"class_list":{"0":"post-24439","1":"product","2":"type-product","3":"status-publish","4":"has-post-thumbnail","6":"product_cat-freshwater-pearls-wholesale","7":"product_tag-half-drilled-pearls","8":"product_tag-matching-pearls","9":"product_tag-medium-freshwater-pearls-wholesale","10":"pa_color-white-pearls","11":"pa_shape-teardrop-pearls","13":"first","14":"instock","15":"sale","16":"taxable","17":"shipping-taxable","18":"purchasable","19":"product-type-simple"},"tiered_pricing_type":"percentage","tiered_pricing_fixed_rules":[],"tiered_pricing_product_settings":{"layout":"default","base_unit_name":{"singular":null,"plural":null},"default_variation":null},"tiered_pricing_minimum_quantity":10,"tiered_pricing_roles_data":[],"tiered_pricing_percentage_rules":[],"tiered_pricing_maximum_quantity":null,"tiered_pricing_quantity_step":null,"_links":{"self":[{"href":"https:\/\/gretapearls.com\/es\/wp-json\/wp\/v2\/product\/24439","targetHints":{"allow":["GET"]}}],"collection":[{"href":"https:\/\/gretapearls.com\/es\/wp-json\/wp\/v2\/product"}],"about":[{"href":"https:\/\/gretapearls.com\/es\/wp-json\/wp\/v2\/types\/product"}],"replies":[{"embeddable":true,"href":"https:\/\/gretapearls.com\/es\/wp-json\/wp\/v2\/comments?post=24439"}],"wp:featuredmedia":[{"embeddable":true,"href":"https:\/\/gretapearls.com\/es\/wp-json\/wp\/v2\/media\/24433"}],"wp:attachment":[{"href":"https:\/\/gretapearls.com\/es\/wp-json\/wp\/v2\/media?parent=24439"}],"wp:term":[{"taxonomy":"product_brand","embeddable":true,"href":"https:\/\/gretapearls.com\/es\/wp-json\/wp\/v2\/product_brand?post=24439"},{"taxonomy":"product_cat","embeddable":true,"href":"https:\/\/gretapearls.com\/es\/wp-json\/wp\/v2\/product_cat?post=24439"},{"taxonomy":"product_tag","embeddable":true,"href":"https:\/\/gretapearls.com\/es\/wp-json\/wp\/v2\/product_tag?post=24439"}],"curies":[{"name":"gracias","href":"https:\/\/api.w.org\/{rel}","templated":true}]}}