{"id":18044,"date":"2024-09-26T12:12:50","date_gmt":"2024-09-26T16:12:50","guid":{"rendered":"https:\/\/gretapearls.com\/?post_type=product&#038;p=18044"},"modified":"2026-02-07T13:27:11","modified_gmt":"2026-02-07T18:27:11","slug":"cierre-de-flor-chapado-en-oro-y-plata-s925-para-collares","status":"publish","type":"product","link":"https:\/\/gretapearls.com\/es\/shop\/s925-silver-gold-plated-flower-ot-clasp-for-necklaces\/","title":{"rendered":"Cierre de flor chapado en oro de plata S925 para collares"},"content":{"rendered":"","protected":false},"excerpt":{"rendered":"<p>Este cierre OT en forma de flor, ba\u00f1ado en oro y plata S925, presenta un encantador dise\u00f1o floral con una elegante barra. Disponible en tonos plata, oro y oro rosa, ofrece un acabado vers\u00e1til y elegante. Es ideal para crear collares y pulseras con un cierre seguro y elegante, complementando a la perfecci\u00f3n estilos de joyer\u00eda vintage, moderna y minimalista.<\/p>","protected":false},"featured_media":18039,"comment_status":"open","ping_status":"closed","template":"","meta":[],"product_brand":[],"product_cat":[114],"product_tag":[],"class_list":{"0":"post-18044","1":"product","2":"type-product","3":"status-publish","4":"has-post-thumbnail","6":"product_cat-wholesale-jewelry-clasps","8":"first","9":"instock","10":"taxable","11":"shipping-taxable","12":"purchasable","13":"product-type-variable"},"tiered_pricing_type":"fixed","tiered_pricing_fixed_rules":[],"tiered_pricing_product_settings":{"layout":"default","base_unit_name":{"singular":null,"plural":null},"default_variation":null},"tiered_pricing_minimum_quantity":null,"tiered_pricing_roles_data":[],"tiered_pricing_percentage_rules":[],"tiered_pricing_maximum_quantity":null,"tiered_pricing_quantity_step":null,"_links":{"self":[{"href":"https:\/\/gretapearls.com\/es\/wp-json\/wp\/v2\/product\/18044","targetHints":{"allow":["GET"]}}],"collection":[{"href":"https:\/\/gretapearls.com\/es\/wp-json\/wp\/v2\/product"}],"about":[{"href":"https:\/\/gretapearls.com\/es\/wp-json\/wp\/v2\/types\/product"}],"replies":[{"embeddable":true,"href":"https:\/\/gretapearls.com\/es\/wp-json\/wp\/v2\/comments?post=18044"}],"wp:featuredmedia":[{"embeddable":true,"href":"https:\/\/gretapearls.com\/es\/wp-json\/wp\/v2\/media\/18039"}],"wp:attachment":[{"href":"https:\/\/gretapearls.com\/es\/wp-json\/wp\/v2\/media?parent=18044"}],"wp:term":[{"taxonomy":"product_brand","embeddable":true,"href":"https:\/\/gretapearls.com\/es\/wp-json\/wp\/v2\/product_brand?post=18044"},{"taxonomy":"product_cat","embeddable":true,"href":"https:\/\/gretapearls.com\/es\/wp-json\/wp\/v2\/product_cat?post=18044"},{"taxonomy":"product_tag","embeddable":true,"href":"https:\/\/gretapearls.com\/es\/wp-json\/wp\/v2\/product_tag?post=18044"}],"curies":[{"name":"gracias","href":"https:\/\/api.w.org\/{rel}","templated":true}]}}