{"id":17599,"date":"2024-09-26T11:14:46","date_gmt":"2024-09-26T15:14:46","guid":{"rendered":"https:\/\/gretapearls.com\/?post_type=product&#038;p=17599"},"modified":"2026-02-07T13:26:56","modified_gmt":"2026-02-07T18:26:56","slug":"cierre-de-herradura-de-circonita-de-plata-s925-para-collares","status":"publish","type":"product","link":"https:\/\/gretapearls.com\/es\/shop\/s925-silver-zircon-horseshoe-clasp-for-necklaces\/","title":{"rendered":"Cierre de herradura de circonita de plata S925 para collares"},"content":{"rendered":"","protected":false},"excerpt":{"rendered":"<p>Este cierre de herradura de plata S925 est\u00e1 elegantemente adornado con deslumbrantes detalles de circonitas, ofreciendo durabilidad y un toque lujoso a sus joyas. Perfecto para collares, complementa dise\u00f1os cl\u00e1sicos y modernos, realzando la sofisticaci\u00f3n de su pieza.<\/p>","protected":false},"featured_media":17594,"comment_status":"open","ping_status":"closed","template":"","meta":[],"product_brand":[],"product_cat":[114],"product_tag":[],"class_list":{"0":"post-17599","1":"product","2":"type-product","3":"status-publish","4":"has-post-thumbnail","6":"product_cat-wholesale-jewelry-clasps","8":"first","9":"instock","10":"taxable","11":"shipping-taxable","12":"purchasable","13":"product-type-variable"},"tiered_pricing_type":"fixed","tiered_pricing_fixed_rules":[],"tiered_pricing_product_settings":{"layout":"default","base_unit_name":{"singular":null,"plural":null},"default_variation":null},"tiered_pricing_minimum_quantity":null,"tiered_pricing_roles_data":[],"tiered_pricing_percentage_rules":[],"tiered_pricing_maximum_quantity":null,"tiered_pricing_quantity_step":null,"_links":{"self":[{"href":"https:\/\/gretapearls.com\/es\/wp-json\/wp\/v2\/product\/17599","targetHints":{"allow":["GET"]}}],"collection":[{"href":"https:\/\/gretapearls.com\/es\/wp-json\/wp\/v2\/product"}],"about":[{"href":"https:\/\/gretapearls.com\/es\/wp-json\/wp\/v2\/types\/product"}],"replies":[{"embeddable":true,"href":"https:\/\/gretapearls.com\/es\/wp-json\/wp\/v2\/comments?post=17599"}],"wp:featuredmedia":[{"embeddable":true,"href":"https:\/\/gretapearls.com\/es\/wp-json\/wp\/v2\/media\/17594"}],"wp:attachment":[{"href":"https:\/\/gretapearls.com\/es\/wp-json\/wp\/v2\/media?parent=17599"}],"wp:term":[{"taxonomy":"product_brand","embeddable":true,"href":"https:\/\/gretapearls.com\/es\/wp-json\/wp\/v2\/product_brand?post=17599"},{"taxonomy":"product_cat","embeddable":true,"href":"https:\/\/gretapearls.com\/es\/wp-json\/wp\/v2\/product_cat?post=17599"},{"taxonomy":"product_tag","embeddable":true,"href":"https:\/\/gretapearls.com\/es\/wp-json\/wp\/v2\/product_tag?post=17599"}],"curies":[{"name":"gracias","href":"https:\/\/api.w.org\/{rel}","templated":true}]}}