{"id":17280,"date":"2024-09-25T12:12:38","date_gmt":"2024-09-25T16:12:38","guid":{"rendered":"https:\/\/gretapearls.com\/?post_type=product&#038;p=17280"},"modified":"2026-02-07T13:39:25","modified_gmt":"2026-02-07T18:39:25","slug":"pulsera-de-perlas-de-agua-dulce-con-detalle-de-oro-trenzado","status":"publish","type":"product","link":"https:\/\/gretapearls.com\/es\/shop\/freshwater-pearl-bracelet-with-twisted-gold-accent\/","title":{"rendered":"Pulsera de perlas de agua dulce con detalles dorados retorcidos"},"content":{"rendered":"","protected":false},"excerpt":{"rendered":"<p>Combinando perlas de agua dulce de alta calidad con un detalle de oro trenzado y un charm con dise\u00f1o, esta pulsera ofrece una fusi\u00f3n de elementos cl\u00e1sicos y modernos. Ideal para quienes buscan un accesorio elegante con un toque de fantas\u00eda para su colecci\u00f3n.<\/p>","protected":false},"featured_media":17275,"comment_status":"open","ping_status":"closed","template":"","meta":[],"product_brand":[],"product_cat":[103,106],"product_tag":[],"class_list":{"0":"post-17280","1":"product","2":"type-product","3":"status-publish","4":"has-post-thumbnail","6":"product_cat-bulk-pearl-bracelets","7":"product_cat-wholesale-pearl-charm-bracelet","9":"first","10":"instock","11":"taxable","12":"shipping-taxable","13":"purchasable","14":"product-type-simple"},"tiered_pricing_type":"fixed","tiered_pricing_fixed_rules":[],"tiered_pricing_product_settings":{"layout":"default","base_unit_name":{"singular":null,"plural":null},"default_variation":null},"tiered_pricing_minimum_quantity":null,"tiered_pricing_roles_data":[],"tiered_pricing_percentage_rules":[],"tiered_pricing_maximum_quantity":null,"tiered_pricing_quantity_step":null,"_links":{"self":[{"href":"https:\/\/gretapearls.com\/es\/wp-json\/wp\/v2\/product\/17280","targetHints":{"allow":["GET"]}}],"collection":[{"href":"https:\/\/gretapearls.com\/es\/wp-json\/wp\/v2\/product"}],"about":[{"href":"https:\/\/gretapearls.com\/es\/wp-json\/wp\/v2\/types\/product"}],"replies":[{"embeddable":true,"href":"https:\/\/gretapearls.com\/es\/wp-json\/wp\/v2\/comments?post=17280"}],"wp:featuredmedia":[{"embeddable":true,"href":"https:\/\/gretapearls.com\/es\/wp-json\/wp\/v2\/media\/17275"}],"wp:attachment":[{"href":"https:\/\/gretapearls.com\/es\/wp-json\/wp\/v2\/media?parent=17280"}],"wp:term":[{"taxonomy":"product_brand","embeddable":true,"href":"https:\/\/gretapearls.com\/es\/wp-json\/wp\/v2\/product_brand?post=17280"},{"taxonomy":"product_cat","embeddable":true,"href":"https:\/\/gretapearls.com\/es\/wp-json\/wp\/v2\/product_cat?post=17280"},{"taxonomy":"product_tag","embeddable":true,"href":"https:\/\/gretapearls.com\/es\/wp-json\/wp\/v2\/product_tag?post=17280"}],"curies":[{"name":"gracias","href":"https:\/\/api.w.org\/{rel}","templated":true}]}}