{"id":16642,"date":"2024-09-21T02:16:15","date_gmt":"2024-09-21T06:16:15","guid":{"rendered":"https:\/\/gretapearls.com\/?post_type=product&#038;p=16642"},"modified":"2026-02-07T12:11:29","modified_gmt":"2026-02-07T17:11:29","slug":"perlas-de-agua-dulce-barrocas-en-forma-de-lagrima-morada-de-12-mm","status":"publish","type":"product","link":"https:\/\/gretapearls.com\/es\/shop\/12mm-purple-teardrop-baroque-freshwater-pearls\/","title":{"rendered":"Perlas de agua dulce barrocas en forma de l\u00e1grima morada de 12 mm"},"content":{"rendered":"","protected":false},"excerpt":{"rendered":"<p>Perlas de agua dulce en forma de l\u00e1grima, de color p\u00farpura degradado, con un tama\u00f1o aproximado de 12 x 16 mm. La tira mide unos 38 cm de largo y contiene unas 26 perlas. Las perlas tienen una forma de l\u00e1grima poco uniforme, con arrugas naturales en la superficie y un brillo intenso con un reflejo arco\u00edris.<\/p>","protected":false},"featured_media":16637,"comment_status":"open","ping_status":"closed","template":"","meta":[],"product_brand":[],"product_cat":[124],"product_tag":[91,83,85],"class_list":{"0":"post-16642","1":"product","2":"type-product","3":"status-publish","4":"has-post-thumbnail","6":"product_cat-irregular-pearls","7":"product_tag-full-drilled-pearls","8":"product_tag-large-freshwater-pearls-wholesale","9":"product_tag-bulk-string-pearls","10":"pa_color-purple-pearls","11":"pa_shape-coin-pearls","12":"pa_shape-teardrop-pearls","14":"first","15":"instock","16":"taxable","17":"shipping-taxable","18":"purchasable","19":"product-type-simple"},"tiered_pricing_type":"fixed","tiered_pricing_fixed_rules":[],"tiered_pricing_product_settings":{"layout":"default","base_unit_name":{"singular":null,"plural":null},"default_variation":null},"tiered_pricing_minimum_quantity":null,"tiered_pricing_roles_data":[],"tiered_pricing_percentage_rules":[],"tiered_pricing_maximum_quantity":null,"tiered_pricing_quantity_step":null,"_links":{"self":[{"href":"https:\/\/gretapearls.com\/es\/wp-json\/wp\/v2\/product\/16642","targetHints":{"allow":["GET"]}}],"collection":[{"href":"https:\/\/gretapearls.com\/es\/wp-json\/wp\/v2\/product"}],"about":[{"href":"https:\/\/gretapearls.com\/es\/wp-json\/wp\/v2\/types\/product"}],"replies":[{"embeddable":true,"href":"https:\/\/gretapearls.com\/es\/wp-json\/wp\/v2\/comments?post=16642"}],"wp:featuredmedia":[{"embeddable":true,"href":"https:\/\/gretapearls.com\/es\/wp-json\/wp\/v2\/media\/16637"}],"wp:attachment":[{"href":"https:\/\/gretapearls.com\/es\/wp-json\/wp\/v2\/media?parent=16642"}],"wp:term":[{"taxonomy":"product_brand","embeddable":true,"href":"https:\/\/gretapearls.com\/es\/wp-json\/wp\/v2\/product_brand?post=16642"},{"taxonomy":"product_cat","embeddable":true,"href":"https:\/\/gretapearls.com\/es\/wp-json\/wp\/v2\/product_cat?post=16642"},{"taxonomy":"product_tag","embeddable":true,"href":"https:\/\/gretapearls.com\/es\/wp-json\/wp\/v2\/product_tag?post=16642"}],"curies":[{"name":"gracias","href":"https:\/\/api.w.org\/{rel}","templated":true}]}}