{"id":14886,"date":"2024-09-01T06:16:33","date_gmt":"2024-09-01T06:16:33","guid":{"rendered":"https:\/\/gretapearls.com\/?post_type=product&#038;p=14886"},"modified":"2026-02-07T13:39:22","modified_gmt":"2026-02-07T18:39:22","slug":"pulsera-de-perlas-de-agua-dulce-con-colgante-de-corazon","status":"publish","type":"product","link":"https:\/\/gretapearls.com\/es\/shop\/freshwater-pearl-bracelet-with-heart-pendant\/","title":{"rendered":"Pulsera de perlas de agua dulce con colgante de coraz\u00f3n"},"content":{"rendered":"","protected":false},"excerpt":{"rendered":"<p>Esta encantadora pulsera luce perlas de agua dulce con delicados detalles dorados y un colgante en forma de coraz\u00f3n. Las variaciones org\u00e1nicas de las perlas y su rom\u00e1ntico encanto la convierten en un accesorio perfecto tanto para looks casuales como formales, con un cierre de palanca que garantiza un ajuste seguro y elegante.<\/p>","protected":false},"featured_media":14881,"comment_status":"open","ping_status":"closed","template":"","meta":[],"product_brand":[],"product_cat":[103,104,106],"product_tag":[],"class_list":{"0":"post-14886","1":"product","2":"type-product","3":"status-publish","4":"has-post-thumbnail","6":"product_cat-bulk-pearl-bracelets","7":"product_cat-wholesale-pearl-beaded-bracelet","8":"product_cat-wholesale-pearl-charm-bracelet","10":"first","11":"instock","12":"taxable","13":"shipping-taxable","14":"purchasable","15":"product-type-simple"},"tiered_pricing_type":"fixed","tiered_pricing_fixed_rules":[],"tiered_pricing_product_settings":{"layout":"default","base_unit_name":{"singular":null,"plural":null},"default_variation":null},"tiered_pricing_minimum_quantity":null,"tiered_pricing_roles_data":[],"tiered_pricing_percentage_rules":[],"tiered_pricing_maximum_quantity":null,"tiered_pricing_quantity_step":null,"_links":{"self":[{"href":"https:\/\/gretapearls.com\/es\/wp-json\/wp\/v2\/product\/14886","targetHints":{"allow":["GET"]}}],"collection":[{"href":"https:\/\/gretapearls.com\/es\/wp-json\/wp\/v2\/product"}],"about":[{"href":"https:\/\/gretapearls.com\/es\/wp-json\/wp\/v2\/types\/product"}],"replies":[{"embeddable":true,"href":"https:\/\/gretapearls.com\/es\/wp-json\/wp\/v2\/comments?post=14886"}],"wp:featuredmedia":[{"embeddable":true,"href":"https:\/\/gretapearls.com\/es\/wp-json\/wp\/v2\/media\/14881"}],"wp:attachment":[{"href":"https:\/\/gretapearls.com\/es\/wp-json\/wp\/v2\/media?parent=14886"}],"wp:term":[{"taxonomy":"product_brand","embeddable":true,"href":"https:\/\/gretapearls.com\/es\/wp-json\/wp\/v2\/product_brand?post=14886"},{"taxonomy":"product_cat","embeddable":true,"href":"https:\/\/gretapearls.com\/es\/wp-json\/wp\/v2\/product_cat?post=14886"},{"taxonomy":"product_tag","embeddable":true,"href":"https:\/\/gretapearls.com\/es\/wp-json\/wp\/v2\/product_tag?post=14886"}],"curies":[{"name":"gracias","href":"https:\/\/api.w.org\/{rel}","templated":true}]}}