{"id":14229,"date":"2024-08-31T08:03:34","date_gmt":"2024-08-31T12:03:34","guid":{"rendered":"https:\/\/gretapearls.com\/?post_type=product&#038;p=14229"},"modified":"2026-02-07T13:26:50","modified_gmt":"2026-02-07T18:26:50","slug":"cadena-de-extension-de-estrella-de-cinco-puntas-de-plata-esterlina-s925","status":"publish","type":"product","link":"https:\/\/gretapearls.com\/es\/shop\/s925-sterling-silver-five-pointed-star-extension-chain\/","title":{"rendered":"Cadena de extensi\u00f3n de estrella de cinco puntas en plata de ley S925"},"content":{"rendered":"","protected":false},"excerpt":{"rendered":"<p>Perfectamente elaborada en plata de ley S925, esta cadena de extensi\u00f3n de estrella de cinco puntas presenta un delicado dise\u00f1o con un encantador colgante de estrella, disponible en acabados de plata, oro y oro rosa. Ideal para alargar collares o pulseras, a\u00f1ade un toque de elegancia y personalizaci\u00f3n a estilos de joyer\u00eda, desde minimalistas hasta chic.<\/p>","protected":false},"featured_media":14224,"comment_status":"open","ping_status":"closed","template":"","meta":[],"product_brand":[],"product_cat":[115],"product_tag":[],"class_list":{"0":"post-14229","1":"product","2":"type-product","3":"status-publish","4":"has-post-thumbnail","6":"product_cat-permanent-jewelry-chains-wholesale","8":"first","9":"instock","10":"taxable","11":"shipping-taxable","12":"purchasable","13":"product-type-variable"},"tiered_pricing_type":"fixed","tiered_pricing_fixed_rules":[],"tiered_pricing_product_settings":{"layout":"default","base_unit_name":{"singular":null,"plural":null},"default_variation":null},"tiered_pricing_minimum_quantity":null,"tiered_pricing_roles_data":[],"tiered_pricing_percentage_rules":[],"tiered_pricing_maximum_quantity":null,"tiered_pricing_quantity_step":null,"_links":{"self":[{"href":"https:\/\/gretapearls.com\/es\/wp-json\/wp\/v2\/product\/14229","targetHints":{"allow":["GET"]}}],"collection":[{"href":"https:\/\/gretapearls.com\/es\/wp-json\/wp\/v2\/product"}],"about":[{"href":"https:\/\/gretapearls.com\/es\/wp-json\/wp\/v2\/types\/product"}],"replies":[{"embeddable":true,"href":"https:\/\/gretapearls.com\/es\/wp-json\/wp\/v2\/comments?post=14229"}],"wp:featuredmedia":[{"embeddable":true,"href":"https:\/\/gretapearls.com\/es\/wp-json\/wp\/v2\/media\/14224"}],"wp:attachment":[{"href":"https:\/\/gretapearls.com\/es\/wp-json\/wp\/v2\/media?parent=14229"}],"wp:term":[{"taxonomy":"product_brand","embeddable":true,"href":"https:\/\/gretapearls.com\/es\/wp-json\/wp\/v2\/product_brand?post=14229"},{"taxonomy":"product_cat","embeddable":true,"href":"https:\/\/gretapearls.com\/es\/wp-json\/wp\/v2\/product_cat?post=14229"},{"taxonomy":"product_tag","embeddable":true,"href":"https:\/\/gretapearls.com\/es\/wp-json\/wp\/v2\/product_tag?post=14229"}],"curies":[{"name":"gracias","href":"https:\/\/api.w.org\/{rel}","templated":true}]}}