{"id":14079,"date":"2024-08-31T07:58:06","date_gmt":"2024-08-31T11:58:06","guid":{"rendered":"https:\/\/gretapearls.com\/?post_type=product&#038;p=14079"},"modified":"2026-02-07T13:26:46","modified_gmt":"2026-02-07T18:26:46","slug":"cadena-de-plata-s925-con-forma-de-herradura-cadena-semiacabada","status":"publish","type":"product","link":"https:\/\/gretapearls.com\/es\/shop\/s925-silver-chain-horseshoe-shaped-semi-finished-chain\/","title":{"rendered":"Cadena de plata S925 con forma de herradura, semiacabada"},"content":{"rendered":"","protected":false},"excerpt":{"rendered":"<p>Esta cadena de plata S925 presenta un dise\u00f1o \u00fanico de eslabones en forma de herradura, que a\u00f1ade un toque de elegancia y modernidad a tus creaciones de joyer\u00eda. Es perfecta para crear collares, pulseras o tobilleras de estilo minimalista, contempor\u00e1neo o cl\u00e1sico.<\/p>","protected":false},"featured_media":14074,"comment_status":"open","ping_status":"closed","template":"","meta":[],"product_brand":[],"product_cat":[115],"product_tag":[],"class_list":{"0":"post-14079","1":"product","2":"type-product","3":"status-publish","4":"has-post-thumbnail","6":"product_cat-permanent-jewelry-chains-wholesale","8":"first","9":"instock","10":"taxable","11":"shipping-taxable","12":"purchasable","13":"product-type-variable"},"tiered_pricing_type":"fixed","tiered_pricing_fixed_rules":[],"tiered_pricing_product_settings":{"layout":"default","base_unit_name":{"singular":null,"plural":null},"default_variation":null},"tiered_pricing_minimum_quantity":null,"tiered_pricing_roles_data":[],"tiered_pricing_percentage_rules":[],"tiered_pricing_maximum_quantity":null,"tiered_pricing_quantity_step":null,"_links":{"self":[{"href":"https:\/\/gretapearls.com\/es\/wp-json\/wp\/v2\/product\/14079","targetHints":{"allow":["GET"]}}],"collection":[{"href":"https:\/\/gretapearls.com\/es\/wp-json\/wp\/v2\/product"}],"about":[{"href":"https:\/\/gretapearls.com\/es\/wp-json\/wp\/v2\/types\/product"}],"replies":[{"embeddable":true,"href":"https:\/\/gretapearls.com\/es\/wp-json\/wp\/v2\/comments?post=14079"}],"wp:featuredmedia":[{"embeddable":true,"href":"https:\/\/gretapearls.com\/es\/wp-json\/wp\/v2\/media\/14074"}],"wp:attachment":[{"href":"https:\/\/gretapearls.com\/es\/wp-json\/wp\/v2\/media?parent=14079"}],"wp:term":[{"taxonomy":"product_brand","embeddable":true,"href":"https:\/\/gretapearls.com\/es\/wp-json\/wp\/v2\/product_brand?post=14079"},{"taxonomy":"product_cat","embeddable":true,"href":"https:\/\/gretapearls.com\/es\/wp-json\/wp\/v2\/product_cat?post=14079"},{"taxonomy":"product_tag","embeddable":true,"href":"https:\/\/gretapearls.com\/es\/wp-json\/wp\/v2\/product_tag?post=14079"}],"curies":[{"name":"gracias","href":"https:\/\/api.w.org\/{rel}","templated":true}]}}