{"id":14033,"date":"2024-08-31T07:56:52","date_gmt":"2024-08-31T11:56:52","guid":{"rendered":"https:\/\/gretapearls.com\/?post_type=product&#038;p=14033"},"modified":"2026-02-07T13:26:44","modified_gmt":"2026-02-07T18:26:44","slug":"cadena-de-extension-de-placa-redonda-de-plata-de-ley-925","status":"publish","type":"product","link":"https:\/\/gretapearls.com\/es\/shop\/925-sterling-silver-round-plate-extension-chain\/","title":{"rendered":"Cadena de extensi\u00f3n con placa redonda de plata de ley 925"},"content":{"rendered":"","protected":false},"excerpt":{"rendered":"<p>Estas cadenas de extensi\u00f3n de plata de ley 925 presentan un sencillo dise\u00f1o de placa redonda y est\u00e1n disponibles en acabados de plata, oro y oro rosa para un uso vers\u00e1til. Son perfectas para ajustar la longitud de pulseras, collares y tobilleras, complementando una amplia gama de estilos de joyer\u00eda con un toque minimalista y elegante.<\/p>","protected":false},"featured_media":14028,"comment_status":"open","ping_status":"closed","template":"","meta":[],"product_brand":[],"product_cat":[115],"product_tag":[],"class_list":{"0":"post-14033","1":"product","2":"type-product","3":"status-publish","4":"has-post-thumbnail","6":"product_cat-permanent-jewelry-chains-wholesale","8":"first","9":"instock","10":"taxable","11":"shipping-taxable","12":"purchasable","13":"product-type-variable"},"tiered_pricing_type":"fixed","tiered_pricing_fixed_rules":[],"tiered_pricing_product_settings":{"layout":"default","base_unit_name":{"singular":null,"plural":null},"default_variation":null},"tiered_pricing_minimum_quantity":null,"tiered_pricing_roles_data":[],"tiered_pricing_percentage_rules":[],"tiered_pricing_maximum_quantity":null,"tiered_pricing_quantity_step":null,"_links":{"self":[{"href":"https:\/\/gretapearls.com\/es\/wp-json\/wp\/v2\/product\/14033","targetHints":{"allow":["GET"]}}],"collection":[{"href":"https:\/\/gretapearls.com\/es\/wp-json\/wp\/v2\/product"}],"about":[{"href":"https:\/\/gretapearls.com\/es\/wp-json\/wp\/v2\/types\/product"}],"replies":[{"embeddable":true,"href":"https:\/\/gretapearls.com\/es\/wp-json\/wp\/v2\/comments?post=14033"}],"wp:featuredmedia":[{"embeddable":true,"href":"https:\/\/gretapearls.com\/es\/wp-json\/wp\/v2\/media\/14028"}],"wp:attachment":[{"href":"https:\/\/gretapearls.com\/es\/wp-json\/wp\/v2\/media?parent=14033"}],"wp:term":[{"taxonomy":"product_brand","embeddable":true,"href":"https:\/\/gretapearls.com\/es\/wp-json\/wp\/v2\/product_brand?post=14033"},{"taxonomy":"product_cat","embeddable":true,"href":"https:\/\/gretapearls.com\/es\/wp-json\/wp\/v2\/product_cat?post=14033"},{"taxonomy":"product_tag","embeddable":true,"href":"https:\/\/gretapearls.com\/es\/wp-json\/wp\/v2\/product_tag?post=14033"}],"curies":[{"name":"gracias","href":"https:\/\/api.w.org\/{rel}","templated":true}]}}