{"id":13766,"date":"2024-08-31T07:48:08","date_gmt":"2024-08-31T11:48:08","guid":{"rendered":"https:\/\/gretapearls.com\/?post_type=product&#038;p=13766"},"modified":"2026-02-07T13:26:35","modified_gmt":"2026-02-07T18:26:35","slug":"cadena-de-cuero-y-cordon-encerado-de-plata-s925","status":"publish","type":"product","link":"https:\/\/gretapearls.com\/es\/shop\/s925-silver-leather-and-wax-cord-chain\/","title":{"rendered":"Cadena de cuero y cord\u00f3n encerado de plata S925"},"content":{"rendered":"","protected":false},"excerpt":{"rendered":"<p>Esta cadena de plata esterlina S925 presenta un dise\u00f1o resistente de cuero negro y cord\u00f3n encerado, con un cierre de reasa seguro para un uso f\u00e1cil. Es perfecta para collares con colgantes, gargantillas o estilos de joyer\u00eda minimalistas independientes.<\/p>","protected":false},"featured_media":13761,"comment_status":"open","ping_status":"closed","template":"","meta":[],"product_brand":[],"product_cat":[115],"product_tag":[],"class_list":{"0":"post-13766","1":"product","2":"type-product","3":"status-publish","4":"has-post-thumbnail","6":"product_cat-permanent-jewelry-chains-wholesale","8":"first","9":"instock","10":"taxable","11":"shipping-taxable","12":"purchasable","13":"product-type-variable"},"tiered_pricing_type":"fixed","tiered_pricing_fixed_rules":[],"tiered_pricing_product_settings":{"layout":"default","base_unit_name":{"singular":null,"plural":null},"default_variation":null},"tiered_pricing_minimum_quantity":null,"tiered_pricing_roles_data":[],"tiered_pricing_percentage_rules":[],"tiered_pricing_maximum_quantity":null,"tiered_pricing_quantity_step":null,"_links":{"self":[{"href":"https:\/\/gretapearls.com\/es\/wp-json\/wp\/v2\/product\/13766","targetHints":{"allow":["GET"]}}],"collection":[{"href":"https:\/\/gretapearls.com\/es\/wp-json\/wp\/v2\/product"}],"about":[{"href":"https:\/\/gretapearls.com\/es\/wp-json\/wp\/v2\/types\/product"}],"replies":[{"embeddable":true,"href":"https:\/\/gretapearls.com\/es\/wp-json\/wp\/v2\/comments?post=13766"}],"wp:featuredmedia":[{"embeddable":true,"href":"https:\/\/gretapearls.com\/es\/wp-json\/wp\/v2\/media\/13761"}],"wp:attachment":[{"href":"https:\/\/gretapearls.com\/es\/wp-json\/wp\/v2\/media?parent=13766"}],"wp:term":[{"taxonomy":"product_brand","embeddable":true,"href":"https:\/\/gretapearls.com\/es\/wp-json\/wp\/v2\/product_brand?post=13766"},{"taxonomy":"product_cat","embeddable":true,"href":"https:\/\/gretapearls.com\/es\/wp-json\/wp\/v2\/product_cat?post=13766"},{"taxonomy":"product_tag","embeddable":true,"href":"https:\/\/gretapearls.com\/es\/wp-json\/wp\/v2\/product_tag?post=13766"}],"curies":[{"name":"gracias","href":"https:\/\/api.w.org\/{rel}","templated":true}]}}