{"id":13662,"date":"2024-08-30T14:05:11","date_gmt":"2024-08-30T18:05:11","guid":{"rendered":"https:\/\/gretapearls.com\/?post_type=product&#038;p=13662"},"modified":"2026-02-07T13:26:24","modified_gmt":"2026-02-07T18:26:24","slug":"dije-de-pulsera-de-tubo-de-bambu-3d-de-plata-pura-s925","status":"publish","type":"product","link":"https:\/\/gretapearls.com\/es\/shop\/s925-pure-silver-3d-bamboo-tube-bracelet-charm\/","title":{"rendered":"Dije de pulsera de tubo de bamb\u00fa 3D de plata pura S925"},"content":{"rendered":"","protected":false},"excerpt":{"rendered":"<p>Elaborado en plata pura S925, este dije de tubo de bamb\u00fa 3D presenta un dise\u00f1o realista de bamb\u00fa con delicados detalles de hojas colgantes que le dan un toque de elegancia natural. Ideal para pulseras o collares, complementa estilos de joyer\u00eda minimalistas, de inspiraci\u00f3n natural o de tem\u00e1tica asi\u00e1tica.<\/p>","protected":false},"featured_media":13657,"comment_status":"open","ping_status":"closed","template":"","meta":[],"product_brand":[],"product_cat":[116],"product_tag":[],"class_list":{"0":"post-13662","1":"product","2":"type-product","3":"status-publish","4":"has-post-thumbnail","6":"product_cat-bracelet-charms-wholesale","8":"first","9":"instock","10":"taxable","11":"shipping-taxable","12":"purchasable","13":"product-type-simple"},"tiered_pricing_type":"fixed","tiered_pricing_fixed_rules":[],"tiered_pricing_product_settings":{"layout":"default","base_unit_name":{"singular":null,"plural":null},"default_variation":null},"tiered_pricing_minimum_quantity":null,"tiered_pricing_roles_data":[],"tiered_pricing_percentage_rules":[],"tiered_pricing_maximum_quantity":null,"tiered_pricing_quantity_step":null,"_links":{"self":[{"href":"https:\/\/gretapearls.com\/es\/wp-json\/wp\/v2\/product\/13662","targetHints":{"allow":["GET"]}}],"collection":[{"href":"https:\/\/gretapearls.com\/es\/wp-json\/wp\/v2\/product"}],"about":[{"href":"https:\/\/gretapearls.com\/es\/wp-json\/wp\/v2\/types\/product"}],"replies":[{"embeddable":true,"href":"https:\/\/gretapearls.com\/es\/wp-json\/wp\/v2\/comments?post=13662"}],"wp:featuredmedia":[{"embeddable":true,"href":"https:\/\/gretapearls.com\/es\/wp-json\/wp\/v2\/media\/13657"}],"wp:attachment":[{"href":"https:\/\/gretapearls.com\/es\/wp-json\/wp\/v2\/media?parent=13662"}],"wp:term":[{"taxonomy":"product_brand","embeddable":true,"href":"https:\/\/gretapearls.com\/es\/wp-json\/wp\/v2\/product_brand?post=13662"},{"taxonomy":"product_cat","embeddable":true,"href":"https:\/\/gretapearls.com\/es\/wp-json\/wp\/v2\/product_cat?post=13662"},{"taxonomy":"product_tag","embeddable":true,"href":"https:\/\/gretapearls.com\/es\/wp-json\/wp\/v2\/product_tag?post=13662"}],"curies":[{"name":"gracias","href":"https:\/\/api.w.org\/{rel}","templated":true}]}}