{"id":13256,"date":"2024-08-30T10:22:44","date_gmt":"2024-08-30T14:22:44","guid":{"rendered":"https:\/\/gretapearls.com\/?post_type=product&#038;p=13256"},"modified":"2026-02-07T13:26:20","modified_gmt":"2026-02-07T18:26:20","slug":"cierre-de-clip-de-circonita-banado-en-oro-y-plata-de-ley-925","status":"publish","type":"product","link":"https:\/\/gretapearls.com\/es\/shop\/s925-sterling-silver-gold-plated-zircon-clip-clasp\/","title":{"rendered":"Cierre de clip de circonita ba\u00f1ado en oro y plata de ley S925"},"content":{"rendered":"","protected":false},"excerpt":{"rendered":"<p>Este cierre de clip de plata de ley S925 presenta un elegante acabado chapado en oro y un detalle de circonita que a\u00f1ade un toque de elegancia a su dise\u00f1o minimalista. Es ideal para collares, pulseras o colgantes, realzando estilos de joyer\u00eda modernos y vers\u00e1tiles.<\/p>","protected":false},"featured_media":13251,"comment_status":"open","ping_status":"closed","template":"","meta":[],"product_brand":[],"product_cat":[114],"product_tag":[],"class_list":{"0":"post-13256","1":"product","2":"type-product","3":"status-publish","4":"has-post-thumbnail","6":"product_cat-wholesale-jewelry-clasps","8":"first","9":"instock","10":"taxable","11":"shipping-taxable","12":"purchasable","13":"product-type-variable"},"tiered_pricing_type":"fixed","tiered_pricing_fixed_rules":[],"tiered_pricing_product_settings":{"layout":"default","base_unit_name":{"singular":null,"plural":null},"default_variation":null},"tiered_pricing_minimum_quantity":null,"tiered_pricing_roles_data":[],"tiered_pricing_percentage_rules":[],"tiered_pricing_maximum_quantity":null,"tiered_pricing_quantity_step":null,"_links":{"self":[{"href":"https:\/\/gretapearls.com\/es\/wp-json\/wp\/v2\/product\/13256","targetHints":{"allow":["GET"]}}],"collection":[{"href":"https:\/\/gretapearls.com\/es\/wp-json\/wp\/v2\/product"}],"about":[{"href":"https:\/\/gretapearls.com\/es\/wp-json\/wp\/v2\/types\/product"}],"replies":[{"embeddable":true,"href":"https:\/\/gretapearls.com\/es\/wp-json\/wp\/v2\/comments?post=13256"}],"wp:featuredmedia":[{"embeddable":true,"href":"https:\/\/gretapearls.com\/es\/wp-json\/wp\/v2\/media\/13251"}],"wp:attachment":[{"href":"https:\/\/gretapearls.com\/es\/wp-json\/wp\/v2\/media?parent=13256"}],"wp:term":[{"taxonomy":"product_brand","embeddable":true,"href":"https:\/\/gretapearls.com\/es\/wp-json\/wp\/v2\/product_brand?post=13256"},{"taxonomy":"product_cat","embeddable":true,"href":"https:\/\/gretapearls.com\/es\/wp-json\/wp\/v2\/product_cat?post=13256"},{"taxonomy":"product_tag","embeddable":true,"href":"https:\/\/gretapearls.com\/es\/wp-json\/wp\/v2\/product_tag?post=13256"}],"curies":[{"name":"gracias","href":"https:\/\/api.w.org\/{rel}","templated":true}]}}