{"id":12266,"date":"2024-08-30T02:33:04","date_gmt":"2024-08-30T06:33:04","guid":{"rendered":"https:\/\/gretapearls.com\/?post_type=product&#038;p=12266"},"modified":"2026-02-20T10:58:43","modified_gmt":"2026-02-20T15:58:43","slug":"cuentas-de-plata-de-ley-s925-chapadas-en-oro","status":"publish","type":"product","link":"https:\/\/gretapearls.com\/es\/shop\/s925-sterling-silver-gold-plated-beads\/","title":{"rendered":"Cuentas de plata de ley S925 ba\u00f1adas en oro"},"content":{"rendered":"","protected":false},"excerpt":{"rendered":"<p>Elaboradas en plata de ley S925 con un impresionante acabado chapado en oro, estas cuentas redondas presentan una superficie lisa y un dise\u00f1o cl\u00e1sico. Perfectas para crear elegantes collares, pulseras o tobilleras, y se adaptan a diversos estilos de joyer\u00eda, desde minimalistas hasta lujosos.<\/p>","protected":false},"featured_media":12261,"comment_status":"open","ping_status":"closed","template":"","meta":[],"product_brand":[],"product_cat":[113],"product_tag":[],"class_list":{"0":"post-12266","1":"product","2":"type-product","3":"status-publish","4":"has-post-thumbnail","6":"product_cat-wholesale-spacer-beads","8":"first","9":"instock","10":"taxable","11":"shipping-taxable","12":"purchasable","13":"product-type-variable"},"tiered_pricing_type":"percentage","tiered_pricing_fixed_rules":[],"tiered_pricing_product_settings":{"layout":"default","base_unit_name":{"singular":null,"plural":null},"default_variation":null},"tiered_pricing_minimum_quantity":30,"tiered_pricing_roles_data":[],"tiered_pricing_percentage_rules":{"50":"10","100":"13","200":"15"},"tiered_pricing_maximum_quantity":null,"tiered_pricing_quantity_step":null,"_links":{"self":[{"href":"https:\/\/gretapearls.com\/es\/wp-json\/wp\/v2\/product\/12266","targetHints":{"allow":["GET"]}}],"collection":[{"href":"https:\/\/gretapearls.com\/es\/wp-json\/wp\/v2\/product"}],"about":[{"href":"https:\/\/gretapearls.com\/es\/wp-json\/wp\/v2\/types\/product"}],"replies":[{"embeddable":true,"href":"https:\/\/gretapearls.com\/es\/wp-json\/wp\/v2\/comments?post=12266"}],"wp:featuredmedia":[{"embeddable":true,"href":"https:\/\/gretapearls.com\/es\/wp-json\/wp\/v2\/media\/12261"}],"wp:attachment":[{"href":"https:\/\/gretapearls.com\/es\/wp-json\/wp\/v2\/media?parent=12266"}],"wp:term":[{"taxonomy":"product_brand","embeddable":true,"href":"https:\/\/gretapearls.com\/es\/wp-json\/wp\/v2\/product_brand?post=12266"},{"taxonomy":"product_cat","embeddable":true,"href":"https:\/\/gretapearls.com\/es\/wp-json\/wp\/v2\/product_cat?post=12266"},{"taxonomy":"product_tag","embeddable":true,"href":"https:\/\/gretapearls.com\/es\/wp-json\/wp\/v2\/product_tag?post=12266"}],"curies":[{"name":"gracias","href":"https:\/\/api.w.org\/{rel}","templated":true}]}}