{"id":11168,"date":"2024-08-29T10:30:44","date_gmt":"2024-08-29T14:30:44","guid":{"rendered":"https:\/\/gretapearls.com\/?post_type=product&#038;p=11168"},"modified":"2026-02-07T13:15:29","modified_gmt":"2026-02-07T18:15:29","slug":"cuentas-espaciadoras-con-forma-de-corazon-y-trebol-en-plata-de-ley-s925","status":"publish","type":"product","link":"https:\/\/gretapearls.com\/es\/shop\/s925-sterling-silver-heart-and-clover-spacer-bead-caps\/","title":{"rendered":"Cuentas espaciadoras con forma de coraz\u00f3n y tr\u00e9bol en plata de ley S925"},"content":{"rendered":"","protected":false},"excerpt":{"rendered":"<p>Delicadamente elaborada en plata de ley S925, esta tapa de espaciador presenta un encantador dise\u00f1o de coraz\u00f3n y tr\u00e9bol, que a\u00f1ade un toque de sofisticaci\u00f3n a tus joyas. Perfecta para usar con pulseras, collares, aretes o tobilleras y crear dise\u00f1os elegantes inspirados en la naturaleza.<\/p>","protected":false},"featured_media":11163,"comment_status":"open","ping_status":"closed","template":"","meta":[],"product_brand":[],"product_cat":[112],"product_tag":[],"class_list":{"0":"post-11168","1":"product","2":"type-product","3":"status-publish","4":"has-post-thumbnail","6":"product_cat-wholesale-bead-caps","8":"first","9":"instock","10":"taxable","11":"shipping-taxable","12":"purchasable","13":"product-type-variable"},"tiered_pricing_type":"fixed","tiered_pricing_fixed_rules":[],"tiered_pricing_product_settings":{"layout":"default","base_unit_name":{"singular":null,"plural":null},"default_variation":null},"tiered_pricing_minimum_quantity":null,"tiered_pricing_roles_data":[],"tiered_pricing_percentage_rules":[],"tiered_pricing_maximum_quantity":null,"tiered_pricing_quantity_step":null,"_links":{"self":[{"href":"https:\/\/gretapearls.com\/es\/wp-json\/wp\/v2\/product\/11168","targetHints":{"allow":["GET"]}}],"collection":[{"href":"https:\/\/gretapearls.com\/es\/wp-json\/wp\/v2\/product"}],"about":[{"href":"https:\/\/gretapearls.com\/es\/wp-json\/wp\/v2\/types\/product"}],"replies":[{"embeddable":true,"href":"https:\/\/gretapearls.com\/es\/wp-json\/wp\/v2\/comments?post=11168"}],"wp:featuredmedia":[{"embeddable":true,"href":"https:\/\/gretapearls.com\/es\/wp-json\/wp\/v2\/media\/11163"}],"wp:attachment":[{"href":"https:\/\/gretapearls.com\/es\/wp-json\/wp\/v2\/media?parent=11168"}],"wp:term":[{"taxonomy":"product_brand","embeddable":true,"href":"https:\/\/gretapearls.com\/es\/wp-json\/wp\/v2\/product_brand?post=11168"},{"taxonomy":"product_cat","embeddable":true,"href":"https:\/\/gretapearls.com\/es\/wp-json\/wp\/v2\/product_cat?post=11168"},{"taxonomy":"product_tag","embeddable":true,"href":"https:\/\/gretapearls.com\/es\/wp-json\/wp\/v2\/product_tag?post=11168"}],"curies":[{"name":"gracias","href":"https:\/\/api.w.org\/{rel}","templated":true}]}}