{"id":3,"date":"2024-08-14T09:45:00","date_gmt":"2024-08-14T09:45:00","guid":{"rendered":"https:\/\/gretapearls.com\/?page_id=3"},"modified":"2025-04-13T10:35:04","modified_gmt":"2025-04-13T14:35:04","slug":"politica-de-privacidad","status":"publish","type":"page","link":"https:\/\/gretapearls.com\/es\/privacy-policy\/","title":{"rendered":"pol\u00edtica de privacidad"},"content":{"rendered":"<h2 class=\"wp-block-heading\">Quienes somos<\/h2>\n\n\n\n<p>La direcci\u00f3n de nuestra web es: https:\/\/gretapearls.com.<\/p>\n\n\n\n<h2 class=\"wp-block-heading\">NUESTRO COMPROMISO CON LA PRIVACIDAD<\/h2>\n\n\n\n<p>La confianza es la base de la relaci\u00f3n con Greta y se basa en confiar en que haremos lo correcto con su informaci\u00f3n. Dos valores principales nos gu\u00edan en el desarrollo de nuestros productos y servicios. Estos valores le ayudar\u00e1n a comprender mejor c\u00f3mo abordamos su informaci\u00f3n y privacidad.<\/p>\n\n\n\n<p>Nuestra Pol\u00edtica de Privacidad se desarroll\u00f3 como una extensi\u00f3n de nuestro compromiso de combinar productos y servicios de calidad con integridad en el trato con nuestros usuarios. Esta pol\u00edtica est\u00e1 dise\u00f1ada para ayudarle a comprender c\u00f3mo recopilamos, usamos y protegemos la informaci\u00f3n personal que nos proporciona, y para ayudarle a tomar decisiones informadas al usar nuestro sitio web, nuestros productos y servicios. A medida que continuamos desarrollando nuestro sitio web y aprovechamos los avances tecnol\u00f3gicos, nuestra pol\u00edtica de privacidad puede cambiar. Consulte esta p\u00e1gina con frecuencia para obtener la informaci\u00f3n m\u00e1s actualizada.<\/p>\n\n\n\n<h2 class=\"wp-block-heading\">SU INFORMACI\u00d3N LE PERTENECE A USTED<\/h2>\n\n\n\n<p>Analizamos cuidadosamente el tipo de informaci\u00f3n que necesitamos para prestar nuestros servicios y procuramos limitar la informaci\u00f3n que recopilamos a la que realmente necesitamos. Siempre que es posible, la eliminamos o anonimizamos cuando ya no la necesitamos. Nuestro principio rector es que su informaci\u00f3n le pertenece y nuestro objetivo es utilizarla \u00fanicamente para su beneficio.<\/p>\n\n\n\n<p>Si un tercero solicita su informaci\u00f3n personal, nos negaremos a compartirla a menos que nos d\u00e9 su permiso o estemos legalmente obligados a hacerlo. Cuando estemos legalmente obligados a compartir su informaci\u00f3n personal, se lo notificaremos con antelaci\u00f3n, a menos que la ley nos lo proh\u00edba.<\/p>\n\n\n\n<p>Si sube im\u00e1genes al sitio web, evite subir im\u00e1genes con datos de ubicaci\u00f3n (GPS EXIF). Los visitantes del sitio web pueden descargar y extraer cualquier dato de ubicaci\u00f3n de las im\u00e1genes.<\/p>\n\n\n\n<h2 class=\"wp-block-heading\">LO QUE RECOGEMOS Y ALMACENAMOS<\/h2>\n\n\n\n<p>Mientras visite nuestro sitio, realizaremos un seguimiento de:<\/p>\n\n\n\n<ul class=\"wp-block-list\">\n<li>Productos que has visto: usaremos esto para, por ejemplo, mostrarte productos que has visto recientemente.<\/li>\n\n\n\n<li>Ubicaci\u00f3n, direcci\u00f3n IP y tipo de navegador: usaremos esto para fines como estimar impuestos y env\u00edos.<\/li>\n\n\n\n<li>Direcci\u00f3n de env\u00edo: le pediremos que ingrese esto para que podamos, por ejemplo, estimar el env\u00edo antes de realizar un pedido y enviarle el pedido.<\/li>\n<\/ul>\n\n\n\n<p>Tambi\u00e9n utilizaremos cookies para realizar un seguimiento del contenido del carrito mientras navega por nuestro sitio.<\/p>\n\n\n\n<p>Al comprar con nosotros, le solicitaremos informaci\u00f3n como su nombre, direcci\u00f3n de facturaci\u00f3n, direcci\u00f3n de env\u00edo, correo electr\u00f3nico, n\u00famero de tel\u00e9fono, datos de la tarjeta de cr\u00e9dito\/pago e informaci\u00f3n opcional de la cuenta, como su nombre de usuario y contrase\u00f1a. Utilizaremos esta informaci\u00f3n para, por ejemplo, los siguientes fines:<\/p>\n\n\n\n<ul class=\"wp-block-list\">\n<li>Enviarle informaci\u00f3n sobre su cuenta y pedido<\/li>\n\n\n\n<li>Responder a sus solicitudes, incluidos reembolsos y quejas.<\/li>\n\n\n\n<li>Procesar pagos y prevenir fraudes<\/li>\n\n\n\n<li>Configura tu cuenta para nuestra tienda<\/li>\n\n\n\n<li>Cumplir con cualquier obligaci\u00f3n legal que tengamos, como el c\u00e1lculo de impuestos.<\/li>\n\n\n\n<li>Mejorar la oferta de nuestras tiendas<\/li>\n\n\n\n<li>Enviarle mensajes de marketing, si elige recibirlos<\/li>\n<\/ul>\n\n\n\n<p>Si crea una cuenta, almacenaremos su nombre, direcci\u00f3n, correo electr\u00f3nico y n\u00famero de tel\u00e9fono, que se utilizar\u00e1n para completar el proceso de pago para futuros pedidos.<\/p>\n\n\n\n<p>Generalmente, almacenamos su informaci\u00f3n mientras la necesitemos para los fines para los que la recopilamos y utilizamos, y no estemos legalmente obligados a seguir conserv\u00e1ndola. Por ejemplo, almacenaremos la informaci\u00f3n de sus pedidos durante 5 a\u00f1os para fines fiscales y contables. Esto incluye su nombre, direcci\u00f3n de correo electr\u00f3nico y direcciones de facturaci\u00f3n y env\u00edo.<\/p>\n\n\n\n<p>Tambi\u00e9n almacenaremos comentarios o rese\u00f1as, si decide dejarlos.<\/p>\n\n\n\n<h2 class=\"wp-block-heading\">SU CONSENTIMIENTO<\/h2>\n\n\n\n<p>Al usar nuestro sitio web y enviar informaci\u00f3n, usted consiente la recopilaci\u00f3n y el uso de su informaci\u00f3n personal por nuestra parte. Tiene derecho a:<\/p>\n\n\n\n<ul class=\"wp-block-list\">\n<li>Solicitar acceso a cualquier dato personal que tengamos sobre usted;<\/li>\n\n\n\n<li>Impedir el tratamiento de sus datos con fines de marketing directo;<\/li>\n\n\n\n<li>Solicitar que se modifiquen los datos inexactos que se conservan sobre usted.<\/li>\n<\/ul>\n\n\n\n<p>Para ejercer cualquiera de estos derechos, env\u00edenos un correo electr\u00f3nico a info@gretapearls.com con su nombre completo y datos personales. Haremos todo lo posible por realizar las modificaciones lo antes posible. Sin embargo, tenga en cuenta que los cambios podr\u00edan no ser inmediatos.<\/p>\n\n\n\n<p>Nos aseguraremos de que se tomen las medidas adecuadas contra el procesamiento ilegal o no autorizado de datos personales y contra la p\u00e9rdida o da\u00f1o accidental de datos personales.<\/p>\n\n\n\n<p>Nos aseguraremos de contar con procedimientos y tecnolog\u00edas para mantener la seguridad de todos los datos personales desde el punto de recopilaci\u00f3n hasta el punto de eliminaci\u00f3n.<\/p>\n\n\n\n<h2 class=\"wp-block-heading\">DIVULGACI\u00d3N DE INFORMACI\u00d3N A TERCEROS<\/h2>\n\n\n\n<p>Podemos divulgar su informaci\u00f3n personal a terceros \u00fanicamente en las siguientes circunstancias:<\/p>\n\n\n\n<ul class=\"wp-block-list\">\n<li>A los proveedores de servicios que gestionan aspectos de nuestras operaciones (por ejemplo, terceros que brindan servicios de alojamiento, t\u00e9cnicos o de pago a nuestro sitio web) en relaci\u00f3n con los Prop\u00f3sitos;<\/li>\n\n\n\n<li>Si Greta o sustancialmente todos sus activos son adquiridos por un tercero, en cuyo caso los datos personales que tenemos sobre nuestros clientes y clientes potenciales ser\u00e1n uno de los activos transferidos;<\/li>\n\n\n\n<li>Si tenemos el deber de divulgar o compartir sus datos personales para cumplir con cualquier obligaci\u00f3n legal, o para hacer cumplir o aplicar nuestros T\u00e9rminos de Servicio.<\/li>\n<\/ul>\n\n\n\n<p>A menos que hayamos obtenido su consentimiento expreso, nunca transferiremos sus datos a terceros para que se comuniquen directamente con usted. La \u00fanica excepci\u00f3n es cuando sea necesario para cumplir con nuestras obligaciones con usted, por ejemplo, para proporcionar a una empresa de log\u00edstica su direcci\u00f3n para que le env\u00ede las joyas que ha comprado o los datos de un proveedor de pagos necesarios para procesar transferencias de dinero. Sin embargo, solo transferiremos datos personales si la otra empresa cuenta con procedimientos y pol\u00edticas de datos que brinden protecciones y derechos similares a los de nuestra Pol\u00edtica de Privacidad, y si mantiene medidas de seguridad de datos adecuadas. <\/p>\n\n\n\n<h2 class=\"wp-block-heading\">ALMACENAMIENTO DE DATOS<\/h2>\n\n\n\n<p>Toda la informaci\u00f3n que nos proporciona se almacena en nuestros servidores seguros en EE. UU.<\/p>\n\n\n\n<p>La din\u00e1mica de internet puede implicar que la informaci\u00f3n se env\u00ede electr\u00f3nicamente a servidores fuera del pa\u00eds donde la ingres\u00f3 originalmente. Adem\u00e1s, dicha informaci\u00f3n puede usarse, almacenarse y procesarse fuera del pa\u00eds donde la ingres\u00f3. Si bien existe el riesgo de que los pa\u00edses a los que se transfiere la informaci\u00f3n no est\u00e9n sujetos a un r\u00e9gimen de protecci\u00f3n de la informaci\u00f3n tan riguroso como el del Reino Unido y la UE, haremos todo lo posible por minimizarlo.<\/p>\n\n\n\n<p>Al enviar sus datos personales, usted acepta la transferencia, el almacenamiento y el procesamiento descritos en esta Pol\u00edtica de Privacidad. Tomaremos todas las medidas razonablemente necesarias para garantizar que sus datos sean tratados de forma segura y de conformidad con esta Pol\u00edtica de Privacidad.<\/p>\n\n\n\n<p>La transmisi\u00f3n de informaci\u00f3n por internet no puede ser completamente segura. Si bien hacemos todo lo posible por proteger sus datos personales, no podemos garantizar la seguridad de los datos que transmita a nuestro sitio web; cualquier transmisi\u00f3n es bajo su propio riesgo. Una vez que recibimos su informaci\u00f3n, utilizamos procedimientos estrictos y medidas de seguridad para evitar el acceso no autorizado. Los agentes o contratistas que, al prestarnos servicios, tengan acceso a la informaci\u00f3n que usted nos proporciona est\u00e1n obligados a mantener dicha informaci\u00f3n segura y confidencial, y no pueden utilizarla para ning\u00fan otro fin que no sea el de llevar a cabo los servicios que prestan para nosotros y para ellos.<\/p>\n\n\n\n<h2 class=\"wp-block-heading\">CAMPO DE GOLF<\/h2>\n\n\n\n<p>Al hacer clic en enlaces de nuestro Sitio, es posible que lo dirijan fuera del mismo. No nos responsabilizamos de las pr\u00e1cticas de privacidad de otros sitios y le recomendamos leer sus declaraciones de privacidad.<\/p>\n\n\n\n<p>A continuaci\u00f3n se muestra una lista de plataformas de terceros que utilizamos con una breve explicaci\u00f3n de por qu\u00e9 las usamos y sus pol\u00edticas de privacidad asociadas:<\/p>\n\n\n\n<ul class=\"wp-block-list\">\n<li>Google Analytics: Utilizamos Google Analytics para comprender mejor el comportamiento de la audiencia en nuestros sitios web y mejorar la experiencia del usuario. No utilizamos datos personales identificables a trav\u00e9s de este servicio. Consulte la Pol\u00edtica de Privacidad de Google Analytics.&nbsp;&nbsp;<a href=\"https:\/\/www.google.com\/analytics\/terms\/us.html\" target=\"_blank\" rel=\"noreferrer noopener\">https:\/\/www.google.com\/analytics\/terms\/us.html<\/a><\/li>\n\n\n\n<li>Google Ads: Utilizamos Google Ads y otros servicios similares de Google con fines publicitarios, lo que incluye el remarketing mediante el uso de cookies. Consulte la Pol\u00edtica de Privacidad de Google.&nbsp;<a href=\"https:\/\/policies.google.com\/privacy\" target=\"_blank\" rel=\"noreferrer noopener\">https:\/\/policies.google.com\/privacy<\/a><\/li>\n\n\n\n<li>Facebook: Utilizamos Facebook con fines publicitarios, lo que incluye el remarketing mediante el uso de cookies (consulte &quot;Fecha de tr\u00e1fico, Cookies y su uso&quot; para obtener m\u00e1s informaci\u00f3n sobre c\u00f3mo las usamos). No utilizamos datos personales identificables a trav\u00e9s de este servicio. Consulte la Pol\u00edtica de privacidad de Facebook.&nbsp;<a href=\"https:\/\/www.facebook.com\/policy.php\" target=\"_blank\" rel=\"noreferrer noopener\">https:\/\/www.facebook.com\/policy.php<\/a><\/li>\n\n\n\n<li>Instagram: Utilizamos Instagram con fines publicitarios, lo que incluye el remarketing mediante el uso de cookies (consulte &quot;Fecha de tr\u00e1fico, Cookies y su uso&quot; para obtener m\u00e1s informaci\u00f3n sobre c\u00f3mo las usamos). No utilizamos datos personales identificables a trav\u00e9s de este servicio. Consulte la Pol\u00edtica de privacidad de Instagram.&nbsp;<a href=\"https:\/\/help.instagram.com\/519522125107875\" target=\"_blank\" rel=\"noreferrer noopener\">https:\/\/help.instagram.com\/519522125107875<\/a><\/li>\n<\/ul>","protected":false},"excerpt":{"rendered":"<p>Who we are Our website address is: https:\/\/gretapearls.com. OUR COMMITMENT TO PRIVACY Trust is the foundation of Greta\u2019s client relationship and includes trusting us to do the right thing with your information. Two main values guide us as we develop our products and services. These values should help you better understand how we think about [&hellip;]<\/p>\n","protected":false},"author":1,"featured_media":0,"parent":0,"menu_order":0,"comment_status":"closed","ping_status":"closed","template":"","meta":{"footnotes":""},"class_list":["post-3","page","type-page","status-publish","hentry"],"_links":{"self":[{"href":"https:\/\/gretapearls.com\/es\/wp-json\/wp\/v2\/pages\/3","targetHints":{"allow":["GET"]}}],"collection":[{"href":"https:\/\/gretapearls.com\/es\/wp-json\/wp\/v2\/pages"}],"about":[{"href":"https:\/\/gretapearls.com\/es\/wp-json\/wp\/v2\/types\/page"}],"author":[{"embeddable":true,"href":"https:\/\/gretapearls.com\/es\/wp-json\/wp\/v2\/users\/1"}],"replies":[{"embeddable":true,"href":"https:\/\/gretapearls.com\/es\/wp-json\/wp\/v2\/comments?post=3"}],"version-history":[{"count":3,"href":"https:\/\/gretapearls.com\/es\/wp-json\/wp\/v2\/pages\/3\/revisions"}],"predecessor-version":[{"id":30446,"href":"https:\/\/gretapearls.com\/es\/wp-json\/wp\/v2\/pages\/3\/revisions\/30446"}],"wp:attachment":[{"href":"https:\/\/gretapearls.com\/es\/wp-json\/wp\/v2\/media?parent=3"}],"curies":[{"name":"gracias","href":"https:\/\/api.w.org\/{rel}","templated":true}]}}