{"id":9994,"date":"2024-08-26T02:59:32","date_gmt":"2024-08-26T02:59:32","guid":{"rendered":"https:\/\/gretapearls.com\/?post_type=product&#038;p=9994"},"modified":"2026-02-07T11:50:27","modified_gmt":"2026-02-07T16:50:27","slug":"55-6-mm-glatte-suswasserperlen-in-kartoffelform-fur-diy-schmuck","status":"publish","type":"product","link":"https:\/\/gretapearls.com\/de\/shop\/5-5-6mm-smooth-potato-freshwater-pearls-for-diy-jewelry\/","title":{"rendered":"5,5\u20136 mm glatte S\u00fc\u00dfwasserperlen in Kartoffelform f\u00fcr DIY-Schmuck"},"content":{"rendered":"","protected":false},"excerpt":{"rendered":"<p>Natural freshwater pearls with a short side diameter of approximately 5.5-6mm. The strand is about 37cm long and contains around 60 pearls. The pearls are potato-shaped, generally smooth with slight blemishes, and have a small 0.7mm hole.<\/p>","protected":false},"featured_media":9988,"comment_status":"open","ping_status":"closed","template":"","meta":[],"product_brand":[],"product_cat":[54],"product_tag":[90,85],"class_list":{"0":"post-9994","1":"product","2":"type-product","3":"status-publish","4":"has-post-thumbnail","6":"product_cat-freshwater-pearls-wholesale","7":"product_tag-side-drilled-pearls","8":"product_tag-bulk-string-pearls","9":"pa_color-white-pearls","10":"pa_shape-potato-pearls","12":"first","13":"instock","14":"taxable","15":"shipping-taxable","16":"purchasable","17":"product-type-simple"},"tiered_pricing_type":"fixed","tiered_pricing_fixed_rules":[],"tiered_pricing_product_settings":{"layout":"default","base_unit_name":{"singular":null,"plural":null},"default_variation":null},"tiered_pricing_minimum_quantity":null,"tiered_pricing_roles_data":[],"tiered_pricing_percentage_rules":[],"tiered_pricing_maximum_quantity":null,"tiered_pricing_quantity_step":null,"_links":{"self":[{"href":"https:\/\/gretapearls.com\/de\/wp-json\/wp\/v2\/product\/9994","targetHints":{"allow":["GET"]}}],"collection":[{"href":"https:\/\/gretapearls.com\/de\/wp-json\/wp\/v2\/product"}],"about":[{"href":"https:\/\/gretapearls.com\/de\/wp-json\/wp\/v2\/types\/product"}],"replies":[{"embeddable":true,"href":"https:\/\/gretapearls.com\/de\/wp-json\/wp\/v2\/comments?post=9994"}],"wp:featuredmedia":[{"embeddable":true,"href":"https:\/\/gretapearls.com\/de\/wp-json\/wp\/v2\/media\/9988"}],"wp:attachment":[{"href":"https:\/\/gretapearls.com\/de\/wp-json\/wp\/v2\/media?parent=9994"}],"wp:term":[{"taxonomy":"product_brand","embeddable":true,"href":"https:\/\/gretapearls.com\/de\/wp-json\/wp\/v2\/product_brand?post=9994"},{"taxonomy":"product_cat","embeddable":true,"href":"https:\/\/gretapearls.com\/de\/wp-json\/wp\/v2\/product_cat?post=9994"},{"taxonomy":"product_tag","embeddable":true,"href":"https:\/\/gretapearls.com\/de\/wp-json\/wp\/v2\/product_tag?post=9994"}],"curies":[{"name":"wp","href":"https:\/\/api.w.org\/{rel}","templated":true}]}}