{"id":9545,"date":"2024-08-25T07:25:42","date_gmt":"2024-08-25T07:25:42","guid":{"rendered":"https:\/\/gretapearls.com\/?post_type=product&#038;p=9545"},"modified":"2026-02-07T09:56:58","modified_gmt":"2026-02-07T14:56:58","slug":"strang-aus-5-6-mm-grosen-barocken-suswasserperlen-mit-flacher-ruckseite","status":"publish","type":"product","link":"https:\/\/gretapearls.com\/de\/shop\/5-6mm-baroque-flat-back-freshwater-pearls-strand\/","title":{"rendered":"Strang aus 5-6 mm gro\u00dfen, barocken S\u00fc\u00dfwasserperlen mit flacher R\u00fcckseite"},"content":{"rendered":"","protected":false},"excerpt":{"rendered":"<p>Natural freshwater Baroque flat back pearls with a strong luster and natural surface wrinkles. The strand is approximately 40-41cm long, with pearls measuring around 5-6mm in diameter and a 0.7mm hole. Each strand contains about 80 pearls, making them ideal for unique and creative jewelry designs.<\/p>","protected":false},"featured_media":9539,"comment_status":"open","ping_status":"closed","template":"","meta":[],"product_brand":[],"product_cat":[54],"product_tag":[91,82,85],"class_list":{"0":"post-9545","1":"product","2":"type-product","3":"status-publish","4":"has-post-thumbnail","6":"product_cat-freshwater-pearls-wholesale","7":"product_tag-full-drilled-pearls","8":"product_tag-medium-freshwater-pearls-wholesale","9":"product_tag-bulk-string-pearls","10":"pa_color-white-pearls","11":"pa_shape-flat-back-pearls","13":"first","14":"instock","15":"taxable","16":"shipping-taxable","17":"purchasable","18":"product-type-simple"},"tiered_pricing_type":"fixed","tiered_pricing_fixed_rules":[],"tiered_pricing_product_settings":{"layout":"default","base_unit_name":{"singular":null,"plural":null},"default_variation":null},"tiered_pricing_minimum_quantity":null,"tiered_pricing_roles_data":[],"tiered_pricing_percentage_rules":[],"tiered_pricing_maximum_quantity":null,"tiered_pricing_quantity_step":null,"_links":{"self":[{"href":"https:\/\/gretapearls.com\/de\/wp-json\/wp\/v2\/product\/9545","targetHints":{"allow":["GET"]}}],"collection":[{"href":"https:\/\/gretapearls.com\/de\/wp-json\/wp\/v2\/product"}],"about":[{"href":"https:\/\/gretapearls.com\/de\/wp-json\/wp\/v2\/types\/product"}],"replies":[{"embeddable":true,"href":"https:\/\/gretapearls.com\/de\/wp-json\/wp\/v2\/comments?post=9545"}],"wp:featuredmedia":[{"embeddable":true,"href":"https:\/\/gretapearls.com\/de\/wp-json\/wp\/v2\/media\/9539"}],"wp:attachment":[{"href":"https:\/\/gretapearls.com\/de\/wp-json\/wp\/v2\/media?parent=9545"}],"wp:term":[{"taxonomy":"product_brand","embeddable":true,"href":"https:\/\/gretapearls.com\/de\/wp-json\/wp\/v2\/product_brand?post=9545"},{"taxonomy":"product_cat","embeddable":true,"href":"https:\/\/gretapearls.com\/de\/wp-json\/wp\/v2\/product_cat?post=9545"},{"taxonomy":"product_tag","embeddable":true,"href":"https:\/\/gretapearls.com\/de\/wp-json\/wp\/v2\/product_tag?post=9545"}],"curies":[{"name":"wp","href":"https:\/\/api.w.org\/{rel}","templated":true}]}}