{"id":9496,"date":"2024-08-25T07:22:29","date_gmt":"2024-08-25T07:22:29","guid":{"rendered":"https:\/\/gretapearls.com\/?post_type=product&#038;p=9496"},"modified":"2026-02-07T09:57:39","modified_gmt":"2026-02-07T14:57:39","slug":"6-7-mm-grose-mehrfarbige-suswasserperlen-mit-flacher-ruckseite","status":"publish","type":"product","link":"https:\/\/gretapearls.com\/de\/shop\/6-7mm-multi-color-flat-back-freshwater-pearls\/","title":{"rendered":"6-7 mm mehrfarbige S\u00fc\u00dfwasserperlen mit flacher R\u00fcckseite"},"content":{"rendered":"","protected":false},"excerpt":{"rendered":"<p>Nat\u00fcrliche S\u00fc\u00dfwasser-Barockperlen mit flacher R\u00fcckseite und sch\u00f6nem Glanz. Die Oberfl\u00e4che kann nat\u00fcrliche Wachstumslinien oder kleine Unregelm\u00e4\u00dfigkeiten aufweisen. Erh\u00e4ltlich in zwei Ausf\u00fchrungen: reines Champagner oder eine Mischung aus Champagner und Lila. Die Farben sind nat\u00fcrlich und farbecht. Die Kette ist ca. 35 cm lang und besteht aus ca. 55\u201360 Perlen mit einem 0,7 mm gro\u00dfen Loch.<\/p>","protected":false},"featured_media":9490,"comment_status":"open","ping_status":"closed","template":"","meta":[],"product_brand":[],"product_cat":[54],"product_tag":[91,82,85],"class_list":{"0":"post-9496","1":"product","2":"type-product","3":"status-publish","4":"has-post-thumbnail","6":"product_cat-freshwater-pearls-wholesale","7":"product_tag-full-drilled-pearls","8":"product_tag-medium-freshwater-pearls-wholesale","9":"product_tag-bulk-string-pearls","10":"pa_color-champagne-pearls","11":"pa_color-colors-pearls","12":"pa_shape-flat-back-pearls","14":"first","15":"instock","16":"taxable","17":"shipping-taxable","18":"purchasable","19":"product-type-variable"},"tiered_pricing_type":"fixed","tiered_pricing_fixed_rules":[],"tiered_pricing_product_settings":{"layout":"default","base_unit_name":{"singular":null,"plural":null},"default_variation":null},"tiered_pricing_minimum_quantity":null,"tiered_pricing_roles_data":[],"tiered_pricing_percentage_rules":[],"tiered_pricing_maximum_quantity":null,"tiered_pricing_quantity_step":null,"_links":{"self":[{"href":"https:\/\/gretapearls.com\/de\/wp-json\/wp\/v2\/product\/9496","targetHints":{"allow":["GET"]}}],"collection":[{"href":"https:\/\/gretapearls.com\/de\/wp-json\/wp\/v2\/product"}],"about":[{"href":"https:\/\/gretapearls.com\/de\/wp-json\/wp\/v2\/types\/product"}],"replies":[{"embeddable":true,"href":"https:\/\/gretapearls.com\/de\/wp-json\/wp\/v2\/comments?post=9496"}],"wp:featuredmedia":[{"embeddable":true,"href":"https:\/\/gretapearls.com\/de\/wp-json\/wp\/v2\/media\/9490"}],"wp:attachment":[{"href":"https:\/\/gretapearls.com\/de\/wp-json\/wp\/v2\/media?parent=9496"}],"wp:term":[{"taxonomy":"product_brand","embeddable":true,"href":"https:\/\/gretapearls.com\/de\/wp-json\/wp\/v2\/product_brand?post=9496"},{"taxonomy":"product_cat","embeddable":true,"href":"https:\/\/gretapearls.com\/de\/wp-json\/wp\/v2\/product_cat?post=9496"},{"taxonomy":"product_tag","embeddable":true,"href":"https:\/\/gretapearls.com\/de\/wp-json\/wp\/v2\/product_tag?post=9496"}],"curies":[{"name":"wp","href":"https:\/\/api.w.org\/{rel}","templated":true}]}}