{"id":9380,"date":"2024-08-24T03:35:42","date_gmt":"2024-08-24T03:35:42","guid":{"rendered":"https:\/\/gretapearls.com\/?post_type=product&#038;p=9380"},"modified":"2026-02-07T09:56:55","modified_gmt":"2026-02-07T14:56:55","slug":"hochglanzende-violette-barocke-grose-suswasserperlen","status":"publish","type":"product","link":"https:\/\/gretapearls.com\/de\/shop\/high-luster-purple-baroque-large-button-freshwater-pearls\/","title":{"rendered":"Hochgl\u00e4nzende, violette Barock-S\u00fc\u00dfwasserperlen (gro\u00dfe Knopfperlen)"},"content":{"rendered":"","protected":false},"excerpt":{"rendered":"<p>Natural freshwater Baroque button pearls, large and irregular with natural surface wrinkles. The purple color is entirely natural. These pearls vary in size, with a width of approximately 17-18mm and a length of 20-25mm. They feature a strong, iridescent luster with some minor imperfections.<\/p>","protected":false},"featured_media":9375,"comment_status":"open","ping_status":"closed","template":"","meta":[],"product_brand":[],"product_cat":[124],"product_tag":[84,86,88],"class_list":{"0":"post-9380","1":"product","2":"type-product","3":"status-publish","4":"has-post-thumbnail","6":"product_cat-irregular-pearls","7":"product_tag-giant-pearls-whoelsale","8":"product_tag-loose-freshwater-pearls-wholesale","9":"product_tag-no-hole-pearls-bulk","10":"pa_color-purple-pearls","11":"pa_shape-square-pearls","13":"first","14":"instock","15":"taxable","16":"shipping-taxable","17":"purchasable","18":"product-type-simple"},"tiered_pricing_type":"fixed","tiered_pricing_fixed_rules":[],"tiered_pricing_product_settings":{"layout":"default","base_unit_name":{"singular":null,"plural":null},"default_variation":null},"tiered_pricing_minimum_quantity":null,"tiered_pricing_roles_data":[],"tiered_pricing_percentage_rules":[],"tiered_pricing_maximum_quantity":null,"tiered_pricing_quantity_step":null,"_links":{"self":[{"href":"https:\/\/gretapearls.com\/de\/wp-json\/wp\/v2\/product\/9380","targetHints":{"allow":["GET"]}}],"collection":[{"href":"https:\/\/gretapearls.com\/de\/wp-json\/wp\/v2\/product"}],"about":[{"href":"https:\/\/gretapearls.com\/de\/wp-json\/wp\/v2\/types\/product"}],"replies":[{"embeddable":true,"href":"https:\/\/gretapearls.com\/de\/wp-json\/wp\/v2\/comments?post=9380"}],"wp:featuredmedia":[{"embeddable":true,"href":"https:\/\/gretapearls.com\/de\/wp-json\/wp\/v2\/media\/9375"}],"wp:attachment":[{"href":"https:\/\/gretapearls.com\/de\/wp-json\/wp\/v2\/media?parent=9380"}],"wp:term":[{"taxonomy":"product_brand","embeddable":true,"href":"https:\/\/gretapearls.com\/de\/wp-json\/wp\/v2\/product_brand?post=9380"},{"taxonomy":"product_cat","embeddable":true,"href":"https:\/\/gretapearls.com\/de\/wp-json\/wp\/v2\/product_cat?post=9380"},{"taxonomy":"product_tag","embeddable":true,"href":"https:\/\/gretapearls.com\/de\/wp-json\/wp\/v2\/product_tag?post=9380"}],"curies":[{"name":"wp","href":"https:\/\/api.w.org\/{rel}","templated":true}]}}