{"id":9069,"date":"2024-08-24T03:05:45","date_gmt":"2024-08-24T03:05:45","guid":{"rendered":"https:\/\/gretapearls.com\/?post_type=product&#038;p=9069"},"modified":"2026-02-07T09:56:51","modified_gmt":"2026-02-07T14:56:51","slug":"hochglanzende-barocke-aufgefadelte-naturperlen-in-grosen-mengen","status":"publish","type":"product","link":"https:\/\/gretapearls.com\/de\/shop\/high-luster-baroque-threaded-stick-natural-pearls-in-bulk\/","title":{"rendered":"Hochgl\u00e4nzende, barocke, aufgef\u00e4delte Naturperlen in gro\u00dfen Mengen"},"content":{"rendered":"","protected":false},"excerpt":{"rendered":"<p>Baroque twisted toothpick pearls with an elongated shape. These pearls feature a high luster and prominent natural growth lines on the surface. Each pearl measures approximately 5mm in diameter and 15-20mm in length. The strand is about 40cm long, with the number of pearls varying based on the length.<\/p>","protected":false},"featured_media":9064,"comment_status":"open","ping_status":"closed","template":"","meta":[],"product_brand":[],"product_cat":[124],"product_tag":[91,81,85],"class_list":{"0":"post-9069","1":"product","2":"type-product","3":"status-publish","4":"has-post-thumbnail","6":"product_cat-irregular-pearls","7":"product_tag-full-drilled-pearls","8":"product_tag-small-freshwater-pearls-wholesale","9":"product_tag-bulk-string-pearls","10":"pa_color-white-pearls","11":"pa_shape-stick-pearls","13":"first","14":"instock","15":"taxable","16":"shipping-taxable","17":"purchasable","18":"product-type-simple"},"tiered_pricing_type":"fixed","tiered_pricing_fixed_rules":[],"tiered_pricing_product_settings":{"layout":"default","base_unit_name":{"singular":null,"plural":null},"default_variation":null},"tiered_pricing_minimum_quantity":null,"tiered_pricing_roles_data":[],"tiered_pricing_percentage_rules":[],"tiered_pricing_maximum_quantity":null,"tiered_pricing_quantity_step":null,"_links":{"self":[{"href":"https:\/\/gretapearls.com\/de\/wp-json\/wp\/v2\/product\/9069","targetHints":{"allow":["GET"]}}],"collection":[{"href":"https:\/\/gretapearls.com\/de\/wp-json\/wp\/v2\/product"}],"about":[{"href":"https:\/\/gretapearls.com\/de\/wp-json\/wp\/v2\/types\/product"}],"replies":[{"embeddable":true,"href":"https:\/\/gretapearls.com\/de\/wp-json\/wp\/v2\/comments?post=9069"}],"wp:featuredmedia":[{"embeddable":true,"href":"https:\/\/gretapearls.com\/de\/wp-json\/wp\/v2\/media\/9064"}],"wp:attachment":[{"href":"https:\/\/gretapearls.com\/de\/wp-json\/wp\/v2\/media?parent=9069"}],"wp:term":[{"taxonomy":"product_brand","embeddable":true,"href":"https:\/\/gretapearls.com\/de\/wp-json\/wp\/v2\/product_brand?post=9069"},{"taxonomy":"product_cat","embeddable":true,"href":"https:\/\/gretapearls.com\/de\/wp-json\/wp\/v2\/product_cat?post=9069"},{"taxonomy":"product_tag","embeddable":true,"href":"https:\/\/gretapearls.com\/de\/wp-json\/wp\/v2\/product_tag?post=9069"}],"curies":[{"name":"wp","href":"https:\/\/api.w.org\/{rel}","templated":true}]}}