{"id":8945,"date":"2024-08-24T02:54:27","date_gmt":"2024-08-24T02:54:27","guid":{"rendered":"https:\/\/gretapearls.com\/?post_type=product&#038;p=8945"},"modified":"2026-02-07T09:56:49","modified_gmt":"2026-02-07T14:56:49","slug":"13-mm-grose-hochglanzende-suswasserperlen-im-barockblumen-design-fur-diy-projekte","status":"publish","type":"product","link":"https:\/\/gretapearls.com\/de\/shop\/13mm-high-luster-baroque-flower-freshwater-pearls-for-diy\/","title":{"rendered":"13 mm gro\u00dfe, hochgl\u00e4nzende S\u00fc\u00dfwasserperlen im Barockblumen-Design f\u00fcr DIY-Projekte"},"content":{"rendered":"","protected":false},"excerpt":{"rendered":"<p>High-luster natural freshwater Baroque plum blossom-shaped pearls, approximately 13mm in diameter. These pearls exhibit a vibrant rainbow sheen and have natural surface wrinkles. They are sold without holes by default, but drilling is available upon request\u2014please leave a note when ordering.<\/p>","protected":false},"featured_media":8940,"comment_status":"open","ping_status":"closed","template":"","meta":[],"product_brand":[],"product_cat":[54,124],"product_tag":[84,86,88],"class_list":{"0":"post-8945","1":"product","2":"type-product","3":"status-publish","4":"has-post-thumbnail","6":"product_cat-freshwater-pearls-wholesale","7":"product_cat-irregular-pearls","8":"product_tag-giant-pearls-whoelsale","9":"product_tag-loose-freshwater-pearls-wholesale","10":"product_tag-no-hole-pearls-bulk","11":"pa_color-white-pearls","12":"pa_shape-petal-pearls","14":"first","15":"instock","16":"taxable","17":"shipping-taxable","18":"purchasable","19":"product-type-simple"},"tiered_pricing_type":"fixed","tiered_pricing_fixed_rules":[],"tiered_pricing_product_settings":{"layout":"default","base_unit_name":{"singular":null,"plural":null},"default_variation":null},"tiered_pricing_minimum_quantity":null,"tiered_pricing_roles_data":[],"tiered_pricing_percentage_rules":[],"tiered_pricing_maximum_quantity":null,"tiered_pricing_quantity_step":null,"_links":{"self":[{"href":"https:\/\/gretapearls.com\/de\/wp-json\/wp\/v2\/product\/8945","targetHints":{"allow":["GET"]}}],"collection":[{"href":"https:\/\/gretapearls.com\/de\/wp-json\/wp\/v2\/product"}],"about":[{"href":"https:\/\/gretapearls.com\/de\/wp-json\/wp\/v2\/types\/product"}],"replies":[{"embeddable":true,"href":"https:\/\/gretapearls.com\/de\/wp-json\/wp\/v2\/comments?post=8945"}],"wp:featuredmedia":[{"embeddable":true,"href":"https:\/\/gretapearls.com\/de\/wp-json\/wp\/v2\/media\/8940"}],"wp:attachment":[{"href":"https:\/\/gretapearls.com\/de\/wp-json\/wp\/v2\/media?parent=8945"}],"wp:term":[{"taxonomy":"product_brand","embeddable":true,"href":"https:\/\/gretapearls.com\/de\/wp-json\/wp\/v2\/product_brand?post=8945"},{"taxonomy":"product_cat","embeddable":true,"href":"https:\/\/gretapearls.com\/de\/wp-json\/wp\/v2\/product_cat?post=8945"},{"taxonomy":"product_tag","embeddable":true,"href":"https:\/\/gretapearls.com\/de\/wp-json\/wp\/v2\/product_tag?post=8945"}],"curies":[{"name":"wp","href":"https:\/\/api.w.org\/{rel}","templated":true}]}}