{"id":8566,"date":"2024-08-22T08:43:45","date_gmt":"2024-08-22T08:43:45","guid":{"rendered":"https:\/\/gretapearls.com\/?post_type=product&#038;p=8566"},"modified":"2026-02-07T09:59:58","modified_gmt":"2026-02-07T14:59:58","slug":"8-mm-lange-kette-aus-naturfarbenen-suswasserperlen","status":"publish","type":"product","link":"https:\/\/gretapearls.com\/de\/shop\/8mm-string-natural-colored-freshwater-pearls\/","title":{"rendered":"8 mm lange Kette aus naturfarbenen S\u00fc\u00dfwasserperlen"},"content":{"rendered":"","protected":false},"excerpt":{"rendered":"<p>Nat\u00fcrliche S\u00fc\u00dfwasser-Reisperlen, seitlich an der 3\/7-Position gebohrt, mit nat\u00fcrlichen, farbechten Farben und einer gerillten Oberfl\u00e4che. Jede Perle hat einen Durchmesser von ca. 8 mm. Die Kette ist ca. 38 cm lang und besteht aus rund 50 Perlen \u2013 ideal f\u00fcr die Gestaltung lebendiger und einzigartiger Schmuckst\u00fccke.<\/p>","protected":false},"featured_media":8561,"comment_status":"open","ping_status":"closed","template":"","meta":[],"product_brand":[],"product_cat":[54],"product_tag":[83,90,85],"class_list":{"0":"post-8566","1":"product","2":"type-product","3":"status-publish","4":"has-post-thumbnail","6":"product_cat-freshwater-pearls-wholesale","7":"product_tag-large-freshwater-pearls-wholesale","8":"product_tag-side-drilled-pearls","9":"product_tag-bulk-string-pearls","10":"pa_color-champagne-pearls","11":"pa_color-purple-pearls","12":"pa_shape-rice-pearls","14":"first","15":"instock","16":"taxable","17":"shipping-taxable","18":"purchasable","19":"product-type-variable"},"tiered_pricing_type":"fixed","tiered_pricing_fixed_rules":[],"tiered_pricing_product_settings":{"layout":"default","base_unit_name":{"singular":null,"plural":null},"default_variation":null},"tiered_pricing_minimum_quantity":null,"tiered_pricing_roles_data":[],"tiered_pricing_percentage_rules":[],"tiered_pricing_maximum_quantity":null,"tiered_pricing_quantity_step":null,"_links":{"self":[{"href":"https:\/\/gretapearls.com\/de\/wp-json\/wp\/v2\/product\/8566","targetHints":{"allow":["GET"]}}],"collection":[{"href":"https:\/\/gretapearls.com\/de\/wp-json\/wp\/v2\/product"}],"about":[{"href":"https:\/\/gretapearls.com\/de\/wp-json\/wp\/v2\/types\/product"}],"replies":[{"embeddable":true,"href":"https:\/\/gretapearls.com\/de\/wp-json\/wp\/v2\/comments?post=8566"}],"wp:featuredmedia":[{"embeddable":true,"href":"https:\/\/gretapearls.com\/de\/wp-json\/wp\/v2\/media\/8561"}],"wp:attachment":[{"href":"https:\/\/gretapearls.com\/de\/wp-json\/wp\/v2\/media?parent=8566"}],"wp:term":[{"taxonomy":"product_brand","embeddable":true,"href":"https:\/\/gretapearls.com\/de\/wp-json\/wp\/v2\/product_brand?post=8566"},{"taxonomy":"product_cat","embeddable":true,"href":"https:\/\/gretapearls.com\/de\/wp-json\/wp\/v2\/product_cat?post=8566"},{"taxonomy":"product_tag","embeddable":true,"href":"https:\/\/gretapearls.com\/de\/wp-json\/wp\/v2\/product_tag?post=8566"}],"curies":[{"name":"wp","href":"https:\/\/api.w.org\/{rel}","templated":true}]}}