{"id":8505,"date":"2024-08-22T08:39:35","date_gmt":"2024-08-22T08:39:35","guid":{"rendered":"https:\/\/gretapearls.com\/?post_type=product&#038;p=8505"},"modified":"2026-02-07T09:59:40","modified_gmt":"2026-02-07T14:59:40","slug":"6-mm-bestrahlte-graue-naturliche-suswasserperlen","status":"publish","type":"product","link":"https:\/\/gretapearls.com\/de\/shop\/6mm-irradiated-grey-natural-freshwater-pearls\/","title":{"rendered":"6 mm bestrahlte graue nat\u00fcrliche S\u00fc\u00dfwasserperlen"},"content":{"rendered":"","protected":false},"excerpt":{"rendered":"<p>Natural freshwater rice pearls in gray, achieved through an irradiation coloring process that is environmentally friendly and non-fading. The strand is approximately 38-39cm long, with pearls measuring around 6mm in diameter and containing about 40 pearls. The pearls have a strong luster, though the surface may exhibit growth lines and white spots. Each pearl has a 0.7mm hole.<\/p>","protected":false},"featured_media":8500,"comment_status":"open","ping_status":"closed","template":"","meta":[],"product_brand":[],"product_cat":[144,54],"product_tag":[91,82,85],"class_list":{"0":"post-8505","1":"product","2":"type-product","3":"status-publish","4":"has-post-thumbnail","6":"product_cat-dyed-pearls","7":"product_cat-freshwater-pearls-wholesale","8":"product_tag-full-drilled-pearls","9":"product_tag-medium-freshwater-pearls-wholesale","10":"product_tag-bulk-string-pearls","11":"pa_color-grey-pearls","12":"pa_shape-rice-pearls","14":"first","15":"instock","16":"taxable","17":"shipping-taxable","18":"purchasable","19":"product-type-simple"},"tiered_pricing_type":"fixed","tiered_pricing_fixed_rules":[],"tiered_pricing_product_settings":{"layout":"default","base_unit_name":{"singular":null,"plural":null},"default_variation":null},"tiered_pricing_minimum_quantity":null,"tiered_pricing_roles_data":[],"tiered_pricing_percentage_rules":[],"tiered_pricing_maximum_quantity":null,"tiered_pricing_quantity_step":null,"_links":{"self":[{"href":"https:\/\/gretapearls.com\/de\/wp-json\/wp\/v2\/product\/8505","targetHints":{"allow":["GET"]}}],"collection":[{"href":"https:\/\/gretapearls.com\/de\/wp-json\/wp\/v2\/product"}],"about":[{"href":"https:\/\/gretapearls.com\/de\/wp-json\/wp\/v2\/types\/product"}],"replies":[{"embeddable":true,"href":"https:\/\/gretapearls.com\/de\/wp-json\/wp\/v2\/comments?post=8505"}],"wp:featuredmedia":[{"embeddable":true,"href":"https:\/\/gretapearls.com\/de\/wp-json\/wp\/v2\/media\/8500"}],"wp:attachment":[{"href":"https:\/\/gretapearls.com\/de\/wp-json\/wp\/v2\/media?parent=8505"}],"wp:term":[{"taxonomy":"product_brand","embeddable":true,"href":"https:\/\/gretapearls.com\/de\/wp-json\/wp\/v2\/product_brand?post=8505"},{"taxonomy":"product_cat","embeddable":true,"href":"https:\/\/gretapearls.com\/de\/wp-json\/wp\/v2\/product_cat?post=8505"},{"taxonomy":"product_tag","embeddable":true,"href":"https:\/\/gretapearls.com\/de\/wp-json\/wp\/v2\/product_tag?post=8505"}],"curies":[{"name":"wp","href":"https:\/\/api.w.org\/{rel}","templated":true}]}}