{"id":7922,"date":"2024-08-21T14:42:47","date_gmt":"2024-08-21T14:42:47","guid":{"rendered":"https:\/\/gretapearls.com\/?post_type=product&#038;p=7922"},"modified":"2026-02-07T13:39:16","modified_gmt":"2026-02-07T18:39:16","slug":"flache-barock-perlenohrringe-mit-strasssteinen","status":"publish","type":"product","link":"https:\/\/gretapearls.com\/de\/shop\/flat-baroque-pearl-drop-earrings-with-rhinestones\/","title":{"rendered":"Flache Barockperlen-Ohrh\u00e4nger mit Strasssteinen"},"content":{"rendered":"","protected":false},"excerpt":{"rendered":"<p>Diese eleganten Ohrh\u00e4nger bestechen durch glatte S\u00fc\u00dfwasserperlen, die mit funkelnden Strasssteinen in Gr\u00fcn-, Wei\u00df-, Rosa- oder Rott\u00f6nen verziert sind. Der nat\u00fcrliche Glanz der Perlen harmoniert perfekt mit den leuchtenden Strasssteinen und verleiht den Ohrringen eine elegante und vielseitige Note. Sie sind ideal, um Ihrem Abendoutfit einen Farbtupfer zu verleihen oder Ihrem Alltagslook einen Hauch von Glamour zu geben.<\/p>","protected":false},"featured_media":7915,"comment_status":"open","ping_status":"closed","template":"","meta":[],"product_brand":[],"product_cat":[93,94],"product_tag":[],"class_list":{"0":"post-7922","1":"product","2":"type-product","3":"status-publish","4":"has-post-thumbnail","6":"product_cat-wholesale-pearl-earrings","7":"product_cat-wholesale-pearl-drop-earrings","9":"first","10":"instock","11":"taxable","12":"shipping-taxable","13":"purchasable","14":"product-type-variable"},"tiered_pricing_type":"fixed","tiered_pricing_fixed_rules":[],"tiered_pricing_product_settings":{"layout":"default","base_unit_name":{"singular":null,"plural":null},"default_variation":null},"tiered_pricing_minimum_quantity":null,"tiered_pricing_roles_data":[],"tiered_pricing_percentage_rules":[],"tiered_pricing_maximum_quantity":null,"tiered_pricing_quantity_step":null,"_links":{"self":[{"href":"https:\/\/gretapearls.com\/de\/wp-json\/wp\/v2\/product\/7922","targetHints":{"allow":["GET"]}}],"collection":[{"href":"https:\/\/gretapearls.com\/de\/wp-json\/wp\/v2\/product"}],"about":[{"href":"https:\/\/gretapearls.com\/de\/wp-json\/wp\/v2\/types\/product"}],"replies":[{"embeddable":true,"href":"https:\/\/gretapearls.com\/de\/wp-json\/wp\/v2\/comments?post=7922"}],"wp:featuredmedia":[{"embeddable":true,"href":"https:\/\/gretapearls.com\/de\/wp-json\/wp\/v2\/media\/7915"}],"wp:attachment":[{"href":"https:\/\/gretapearls.com\/de\/wp-json\/wp\/v2\/media?parent=7922"}],"wp:term":[{"taxonomy":"product_brand","embeddable":true,"href":"https:\/\/gretapearls.com\/de\/wp-json\/wp\/v2\/product_brand?post=7922"},{"taxonomy":"product_cat","embeddable":true,"href":"https:\/\/gretapearls.com\/de\/wp-json\/wp\/v2\/product_cat?post=7922"},{"taxonomy":"product_tag","embeddable":true,"href":"https:\/\/gretapearls.com\/de\/wp-json\/wp\/v2\/product_tag?post=7922"}],"curies":[{"name":"wp","href":"https:\/\/api.w.org\/{rel}","templated":true}]}}