{"id":7647,"date":"2024-08-21T04:21:54","date_gmt":"2024-08-21T04:21:54","guid":{"rendered":"https:\/\/gretapearls.com\/?post_type=product&#038;p=7647"},"modified":"2026-02-07T09:59:17","modified_gmt":"2026-02-07T14:59:17","slug":"2-2-5-mm-nahezu-runde-hochglanzende-suswasser-babyperlen","status":"publish","type":"product","link":"https:\/\/gretapearls.com\/de\/shop\/2-2-5mm-near-round-high-luster-baby-freshwater-pearls\/","title":{"rendered":"2-2,5 mm nahezu runde, hochgl\u00e4nzende S\u00fc\u00dfwasser-Babyperlen"},"content":{"rendered":"","protected":false},"excerpt":{"rendered":"<p>Natural freshwater pearls, each with slight imperfections, measure only 2-2.5mm in diameter. These near-round pearls have a tiny hole size of 0.5-0.6mm, with around 150 pearls per strand, totaling approximately 39cm in length. Due to their very small size and tiny holes, they can be challenging to thread, so it&#8217;s recommended only for those experienced in working with small beads.<\/p>","protected":false},"featured_media":7643,"comment_status":"open","ping_status":"closed","template":"","meta":[],"product_brand":[],"product_cat":[54],"product_tag":[81,85],"class_list":{"0":"post-7647","1":"product","2":"type-product","3":"status-publish","4":"has-post-thumbnail","6":"product_cat-freshwater-pearls-wholesale","7":"product_tag-small-freshwater-pearls-wholesale","8":"product_tag-bulk-string-pearls","9":"pa_color-white-pearls","10":"pa_shape-oval-pearls","11":"pa_shape-round-pearls","13":"first","14":"instock","15":"taxable","16":"shipping-taxable","17":"purchasable","18":"product-type-simple"},"tiered_pricing_type":"fixed","tiered_pricing_fixed_rules":[],"tiered_pricing_product_settings":{"layout":"default","base_unit_name":{"singular":null,"plural":null},"default_variation":null},"tiered_pricing_minimum_quantity":null,"tiered_pricing_roles_data":[],"tiered_pricing_percentage_rules":[],"tiered_pricing_maximum_quantity":null,"tiered_pricing_quantity_step":null,"_links":{"self":[{"href":"https:\/\/gretapearls.com\/de\/wp-json\/wp\/v2\/product\/7647","targetHints":{"allow":["GET"]}}],"collection":[{"href":"https:\/\/gretapearls.com\/de\/wp-json\/wp\/v2\/product"}],"about":[{"href":"https:\/\/gretapearls.com\/de\/wp-json\/wp\/v2\/types\/product"}],"replies":[{"embeddable":true,"href":"https:\/\/gretapearls.com\/de\/wp-json\/wp\/v2\/comments?post=7647"}],"wp:featuredmedia":[{"embeddable":true,"href":"https:\/\/gretapearls.com\/de\/wp-json\/wp\/v2\/media\/7643"}],"wp:attachment":[{"href":"https:\/\/gretapearls.com\/de\/wp-json\/wp\/v2\/media?parent=7647"}],"wp:term":[{"taxonomy":"product_brand","embeddable":true,"href":"https:\/\/gretapearls.com\/de\/wp-json\/wp\/v2\/product_brand?post=7647"},{"taxonomy":"product_cat","embeddable":true,"href":"https:\/\/gretapearls.com\/de\/wp-json\/wp\/v2\/product_cat?post=7647"},{"taxonomy":"product_tag","embeddable":true,"href":"https:\/\/gretapearls.com\/de\/wp-json\/wp\/v2\/product_tag?post=7647"}],"curies":[{"name":"wp","href":"https:\/\/api.w.org\/{rel}","templated":true}]}}